{"id":62211,"date":"2026-02-10T19:53:25","date_gmt":"2026-02-10T19:53:25","guid":{"rendered":"https:\/\/www.deporteseli.com\/?product=conjunto-de-mujer-eternal-negro"},"modified":"2026-03-07T06:50:23","modified_gmt":"2026-03-07T06:50:23","slug":"conjunto-de-mujer-eternal-negro","status":"publish","type":"product","link":"https:\/\/www.deporteseli.com\/?product=conjunto-de-mujer-eternal-negro","title":{"rendered":"CONJUNTO DE MUJER ETERNAL NEGRO"},"content":{"rendered":"<p>DESCRIPCI\u00d3N  El conjunto Eternal est\u00e1 dise\u00f1ado para ofrecer m\u00e1xima comodidad y rendimiento en cada entrenamiento. Confeccionado en 95% poliamida y 5% elastano, su tejido avanzado es suave, ligero y altamente el\u00e1stico, proporcionando excelente compresi\u00f3n. La malla con cintura el\u00e1stica garantiza un ajuste seguro, mientras que el top deportivo de sujeci\u00f3n media brinda el soporte necesario para el fitness. Su dise\u00f1o ergon\u00f3mico permite una total libertad de movimiento.                                                                                                                                                                                                                                                                                                                                                                                                                                                                                                                                                                                                                                                                                                                                                                                                                                                                                                                                                                                                                                        <\/p>\n","protected":false},"excerpt":{"rendered":"<p>CONJUNTO DE MUJER ETERNAL NEGRO<\/p>\n","protected":false},"featured_media":62216,"template":"","meta":[],"product_brand":[],"product_cat":[272],"product_tag":[18],"class_list":{"0":"post-62211","1":"product","2":"type-product","3":"status-publish","4":"has-post-thumbnail","6":"product_cat-mujer_textil_conjuntos","7":"product_tag-adidas","8":"pa_color-unico","9":"pa_talla-l","10":"pa_talla-m","11":"pa_talla-xl","12":"pa_talla-xs","13":"thunk-woo-product-list","14":"opn-qv-enable","15":"open-woo-hover-","16":"open-single-product-tab-horizontal","17":"open-shadow-","18":"open-shadow-hover-","20":"first","21":"instock","22":"shipping-taxable","23":"purchasable","24":"product-type-variable"},"jetpack_sharing_enabled":true,"_links":{"self":[{"href":"https:\/\/www.deporteseli.com\/index.php?rest_route=\/wp\/v2\/product\/62211","targetHints":{"allow":["GET"]}}],"collection":[{"href":"https:\/\/www.deporteseli.com\/index.php?rest_route=\/wp\/v2\/product"}],"about":[{"href":"https:\/\/www.deporteseli.com\/index.php?rest_route=\/wp\/v2\/types\/product"}],"wp:featuredmedia":[{"embeddable":true,"href":"https:\/\/www.deporteseli.com\/index.php?rest_route=\/wp\/v2\/media\/62216"}],"wp:attachment":[{"href":"https:\/\/www.deporteseli.com\/index.php?rest_route=%2Fwp%2Fv2%2Fmedia&parent=62211"}],"wp:term":[{"taxonomy":"product_brand","embeddable":true,"href":"https:\/\/www.deporteseli.com\/index.php?rest_route=%2Fwp%2Fv2%2Fproduct_brand&post=62211"},{"taxonomy":"product_cat","embeddable":true,"href":"https:\/\/www.deporteseli.com\/index.php?rest_route=%2Fwp%2Fv2%2Fproduct_cat&post=62211"},{"taxonomy":"product_tag","embeddable":true,"href":"https:\/\/www.deporteseli.com\/index.php?rest_route=%2Fwp%2Fv2%2Fproduct_tag&post=62211"}],"curies":[{"name":"wp","href":"https:\/\/api.w.org\/{rel}","templated":true}]}}