{"id":62182,"date":"2026-02-10T19:49:55","date_gmt":"2026-02-10T19:49:55","guid":{"rendered":"https:\/\/www.deporteseli.com\/?product=chandal-j-smith-pazia-104"},"modified":"2026-02-10T19:49:57","modified_gmt":"2026-02-10T19:49:57","slug":"chandal-j-smith-pazia-104","status":"publish","type":"product","link":"https:\/\/www.deporteseli.com\/?product=chandal-j-smith-pazia-104","title":{"rendered":"CHANDAL J. SMITH PAZIA-104"},"content":{"rendered":"<p>COMPOSICI\u00d3N:    95% algod\u00f3n-5% elast\u00e1n. Elastic french terry.    TEJIDO TECNICO:    Stretch.    DETALLES:    Chaqueta abierta con cremallera.    Bolsillos laterales.    Mangas remangables ocn broche.    Pantal\u00f3n con cintura el\u00e1stica ajustable con cord\u00f3n.    Linea Proportions de talla especial.                                                                                                                                                                                                                                                                                                                                                                                                                                                                                                                                                                                                                                                                                                                                                                                                                                                                                                                                                                                                                                        <\/p>\n","protected":false},"excerpt":{"rendered":"<p>CHANDAL J. SMITH PAZIA-104<\/p>\n","protected":false},"featured_media":62184,"template":"","meta":[],"product_brand":[],"product_cat":[273],"product_tag":[43],"class_list":{"0":"post-62182","1":"product","2":"type-product","3":"status-publish","4":"has-post-thumbnail","6":"product_cat-mujer_textil_chandals","7":"product_tag-jhon_smith","8":"pa_color-unico","9":"pa_talla-xxl","10":"thunk-woo-product-list","11":"opn-qv-enable","12":"open-woo-hover-","13":"open-single-product-tab-horizontal","14":"open-shadow-","15":"open-shadow-hover-","17":"first","18":"instock","19":"shipping-taxable","20":"purchasable","21":"product-type-variable"},"jetpack_sharing_enabled":true,"_links":{"self":[{"href":"https:\/\/www.deporteseli.com\/index.php?rest_route=\/wp\/v2\/product\/62182","targetHints":{"allow":["GET"]}}],"collection":[{"href":"https:\/\/www.deporteseli.com\/index.php?rest_route=\/wp\/v2\/product"}],"about":[{"href":"https:\/\/www.deporteseli.com\/index.php?rest_route=\/wp\/v2\/types\/product"}],"wp:featuredmedia":[{"embeddable":true,"href":"https:\/\/www.deporteseli.com\/index.php?rest_route=\/wp\/v2\/media\/62184"}],"wp:attachment":[{"href":"https:\/\/www.deporteseli.com\/index.php?rest_route=%2Fwp%2Fv2%2Fmedia&parent=62182"}],"wp:term":[{"taxonomy":"product_brand","embeddable":true,"href":"https:\/\/www.deporteseli.com\/index.php?rest_route=%2Fwp%2Fv2%2Fproduct_brand&post=62182"},{"taxonomy":"product_cat","embeddable":true,"href":"https:\/\/www.deporteseli.com\/index.php?rest_route=%2Fwp%2Fv2%2Fproduct_cat&post=62182"},{"taxonomy":"product_tag","embeddable":true,"href":"https:\/\/www.deporteseli.com\/index.php?rest_route=%2Fwp%2Fv2%2Fproduct_tag&post=62182"}],"curies":[{"name":"wp","href":"https:\/\/api.w.org\/{rel}","templated":true}]}}