{"id":62155,"date":"2026-02-10T19:45:58","date_gmt":"2026-02-10T19:45:58","guid":{"rendered":"https:\/\/www.deporteseli.com\/?product=sudadera-jhayber-da2800-2"},"modified":"2026-03-11T05:19:40","modified_gmt":"2026-03-11T05:19:40","slug":"sudadera-jhayber-da2800-2","status":"publish","type":"product","link":"https:\/\/www.deporteseli.com\/?product=sudadera-jhayber-da2800-2","title":{"rendered":"SUDADERA JHAYBER DA2800"},"content":{"rendered":"<p>Su bolsillo frontal con cremallera ofrece funcionalidad y seguridad. El tejido de tacto suave proporciona una sensaci\u00f3n c\u00f3moda y agradable en cada uso. Composici\u00f3n: 80% poli\u00e9ster, 15% viscosa y 5% elastano                                                                                                                                                                                                                                                                                                                                                                                                                                                                                                                                                                                                                                                                                                                                                                                                                                                                                                                                                                                                                                        <\/p>\n","protected":false},"excerpt":{"rendered":"<p>SUDADERA JHAYBER DA2800<\/p>\n","protected":false},"featured_media":62159,"template":"","meta":[],"product_brand":[],"product_cat":[253],"product_tag":[],"class_list":{"0":"post-62155","1":"product","2":"type-product","3":"status-publish","4":"has-post-thumbnail","6":"product_cat-hombre_textil_sudaderas","7":"pa_color-unico","8":"pa_talla-m","9":"pa_talla-s","10":"pa_talla-xxl","11":"thunk-woo-product-list","12":"opn-qv-enable","13":"open-woo-hover-","14":"open-single-product-tab-horizontal","15":"open-shadow-","16":"open-shadow-hover-","18":"first","19":"instock","20":"shipping-taxable","21":"purchasable","22":"product-type-variable"},"jetpack_sharing_enabled":true,"_links":{"self":[{"href":"https:\/\/www.deporteseli.com\/index.php?rest_route=\/wp\/v2\/product\/62155","targetHints":{"allow":["GET"]}}],"collection":[{"href":"https:\/\/www.deporteseli.com\/index.php?rest_route=\/wp\/v2\/product"}],"about":[{"href":"https:\/\/www.deporteseli.com\/index.php?rest_route=\/wp\/v2\/types\/product"}],"wp:featuredmedia":[{"embeddable":true,"href":"https:\/\/www.deporteseli.com\/index.php?rest_route=\/wp\/v2\/media\/62159"}],"wp:attachment":[{"href":"https:\/\/www.deporteseli.com\/index.php?rest_route=%2Fwp%2Fv2%2Fmedia&parent=62155"}],"wp:term":[{"taxonomy":"product_brand","embeddable":true,"href":"https:\/\/www.deporteseli.com\/index.php?rest_route=%2Fwp%2Fv2%2Fproduct_brand&post=62155"},{"taxonomy":"product_cat","embeddable":true,"href":"https:\/\/www.deporteseli.com\/index.php?rest_route=%2Fwp%2Fv2%2Fproduct_cat&post=62155"},{"taxonomy":"product_tag","embeddable":true,"href":"https:\/\/www.deporteseli.com\/index.php?rest_route=%2Fwp%2Fv2%2Fproduct_tag&post=62155"}],"curies":[{"name":"wp","href":"https:\/\/api.w.org\/{rel}","templated":true}]}}