{"id":62144,"date":"2026-02-10T19:45:02","date_gmt":"2026-02-10T19:45:02","guid":{"rendered":"https:\/\/www.deporteseli.com\/?product=sudadera-jhayber-da2800"},"modified":"2026-03-07T06:49:57","modified_gmt":"2026-03-07T06:49:57","slug":"sudadera-jhayber-da2800","status":"publish","type":"product","link":"https:\/\/www.deporteseli.com\/?product=sudadera-jhayber-da2800","title":{"rendered":"SUDADERA JHAYBER DA2800"},"content":{"rendered":"<p>Descripci\u00f3n  Sudadera Serene para hombre, ideal para el uso diario en climas suaves. Su bolsillo frontal con cremallera ofrece funcionalidad y seguridad. El tejido de tacto suave proporciona una sensaci\u00f3n c\u00f3moda y agradable en cada uso. Composici\u00f3n: 80% poli\u00e9ster, 15% viscosa y 5% elastano                                                                                                                                                                                                                                                                                                                                                                                                                                                                                                                                                                                                                                                                                                                                                                                                                                                                                                                                                                                                                                        <\/p>\n","protected":false},"excerpt":{"rendered":"<p>SUDADERA JHAYBER DA2800<\/p>\n","protected":false},"featured_media":62147,"template":"","meta":[],"product_brand":[],"product_cat":[253],"product_tag":[],"class_list":{"0":"post-62144","1":"product","2":"type-product","3":"status-publish","4":"has-post-thumbnail","6":"product_cat-hombre_textil_sudaderas","7":"pa_color-unico","8":"pa_talla-xl","9":"pa_talla-xxl","10":"thunk-woo-product-list","11":"opn-qv-enable","12":"open-woo-hover-","13":"open-single-product-tab-horizontal","14":"open-shadow-","15":"open-shadow-hover-","17":"first","18":"instock","19":"shipping-taxable","20":"purchasable","21":"product-type-variable"},"jetpack_sharing_enabled":true,"_links":{"self":[{"href":"https:\/\/www.deporteseli.com\/index.php?rest_route=\/wp\/v2\/product\/62144","targetHints":{"allow":["GET"]}}],"collection":[{"href":"https:\/\/www.deporteseli.com\/index.php?rest_route=\/wp\/v2\/product"}],"about":[{"href":"https:\/\/www.deporteseli.com\/index.php?rest_route=\/wp\/v2\/types\/product"}],"wp:featuredmedia":[{"embeddable":true,"href":"https:\/\/www.deporteseli.com\/index.php?rest_route=\/wp\/v2\/media\/62147"}],"wp:attachment":[{"href":"https:\/\/www.deporteseli.com\/index.php?rest_route=%2Fwp%2Fv2%2Fmedia&parent=62144"}],"wp:term":[{"taxonomy":"product_brand","embeddable":true,"href":"https:\/\/www.deporteseli.com\/index.php?rest_route=%2Fwp%2Fv2%2Fproduct_brand&post=62144"},{"taxonomy":"product_cat","embeddable":true,"href":"https:\/\/www.deporteseli.com\/index.php?rest_route=%2Fwp%2Fv2%2Fproduct_cat&post=62144"},{"taxonomy":"product_tag","embeddable":true,"href":"https:\/\/www.deporteseli.com\/index.php?rest_route=%2Fwp%2Fv2%2Fproduct_tag&post=62144"}],"curies":[{"name":"wp","href":"https:\/\/api.w.org\/{rel}","templated":true}]}}