{"id":62103,"date":"2026-02-10T19:40:30","date_gmt":"2026-02-10T19:40:30","guid":{"rendered":"https:\/\/www.deporteseli.com\/?product=ellesse-bossini-shorts-dark-grey"},"modified":"2026-02-10T19:40:36","modified_gmt":"2026-02-10T19:40:36","slug":"ellesse-bossini-shorts-dark-grey","status":"publish","type":"product","link":"https:\/\/www.deporteseli.com\/?product=ellesse-bossini-shorts-dark-grey","title":{"rendered":"ELLESSE BOSSINI SHORTS DARK GREY"},"content":{"rendered":"<p>Descripci\u00f3n del producto  Bermudas estilo casual con cord\u00f3n ajustable en la cintura. Bolsillos laterales, y estampado vertical de la marca. COMPOSICI\u00d3N: 80% Algod\u00f3n, 20% Poli\u00e9ster. LAVADO: Leer la etiqueta de producto.                                                                                                                                                                                                                                                                                                                                                                                                                                                                                                                                                                                                                                                                                                                                                                                                                                                                                                                                                                                                                                        <\/p>\n","protected":false},"excerpt":{"rendered":"<p>ELLESSE BOSSINI SHORTS DARK GREY<\/p>\n","protected":false},"featured_media":62108,"template":"","meta":[],"product_brand":[],"product_cat":[251],"product_tag":[52],"class_list":{"0":"post-62103","1":"product","2":"type-product","3":"status-publish","4":"has-post-thumbnail","6":"product_cat-hombre_textil_shorts","7":"product_tag-ellesse","8":"pa_color-unico","9":"pa_talla-l","10":"pa_talla-m","11":"pa_talla-s","12":"pa_talla-xl","13":"thunk-woo-product-list","14":"opn-qv-enable","15":"open-woo-hover-","16":"open-single-product-tab-horizontal","17":"open-shadow-","18":"open-shadow-hover-","20":"first","21":"instock","22":"shipping-taxable","23":"purchasable","24":"product-type-variable"},"jetpack_sharing_enabled":true,"_links":{"self":[{"href":"https:\/\/www.deporteseli.com\/index.php?rest_route=\/wp\/v2\/product\/62103","targetHints":{"allow":["GET"]}}],"collection":[{"href":"https:\/\/www.deporteseli.com\/index.php?rest_route=\/wp\/v2\/product"}],"about":[{"href":"https:\/\/www.deporteseli.com\/index.php?rest_route=\/wp\/v2\/types\/product"}],"wp:featuredmedia":[{"embeddable":true,"href":"https:\/\/www.deporteseli.com\/index.php?rest_route=\/wp\/v2\/media\/62108"}],"wp:attachment":[{"href":"https:\/\/www.deporteseli.com\/index.php?rest_route=%2Fwp%2Fv2%2Fmedia&parent=62103"}],"wp:term":[{"taxonomy":"product_brand","embeddable":true,"href":"https:\/\/www.deporteseli.com\/index.php?rest_route=%2Fwp%2Fv2%2Fproduct_brand&post=62103"},{"taxonomy":"product_cat","embeddable":true,"href":"https:\/\/www.deporteseli.com\/index.php?rest_route=%2Fwp%2Fv2%2Fproduct_cat&post=62103"},{"taxonomy":"product_tag","embeddable":true,"href":"https:\/\/www.deporteseli.com\/index.php?rest_route=%2Fwp%2Fv2%2Fproduct_tag&post=62103"}],"curies":[{"name":"wp","href":"https:\/\/api.w.org\/{rel}","templated":true}]}}