{"id":61838,"date":"2026-02-10T13:16:15","date_gmt":"2026-02-10T13:16:15","guid":{"rendered":"https:\/\/www.deporteseli.com\/?product=tenis-j-smith-rasha-2"},"modified":"2026-04-08T04:18:02","modified_gmt":"2026-04-08T04:18:02","slug":"tenis-j-smith-rasha-2","status":"publish","type":"product","link":"https:\/\/www.deporteseli.com\/?product=tenis-j-smith-rasha-2","title":{"rendered":"TENIS J.SMITH RASHA"},"content":{"rendered":"<p>Comodidad que se nota desde el primer paso. Esta zapatilla incorpora una plantilla Memory Foam para una pisada ultrasuave, mientras que su suela de phylon aporta el cushioning ideal y una ligereza que te acompa\u00f1ar\u00e1 todo el d\u00eda.                                                                                                                                                                                                                                                                                                                                                                                                                                                                                                                                                                                                                                                                                                                                                                                                                                                                                                                                                                                                                                        <\/p>\n","protected":false},"excerpt":{"rendered":"<p>TENIS J.SMITH RASHA<\/p>\n","protected":false},"featured_media":61844,"template":"","meta":[],"product_brand":[],"product_cat":[285],"product_tag":[43],"class_list":{"0":"post-61838","1":"product","2":"type-product","3":"status-publish","4":"has-post-thumbnail","6":"product_cat-mujer_calzado_running","7":"product_tag-jhon_smith","8":"pa_color-unico","9":"pa_talla-143","10":"pa_talla-145","11":"pa_talla-147","12":"pa_talla-149","13":"pa_talla-151","14":"thunk-woo-product-list","15":"opn-qv-enable","16":"open-woo-hover-","17":"open-single-product-tab-horizontal","18":"open-shadow-","19":"open-shadow-hover-","21":"first","22":"instock","23":"shipping-taxable","24":"purchasable","25":"product-type-variable"},"jetpack_sharing_enabled":true,"_links":{"self":[{"href":"https:\/\/www.deporteseli.com\/index.php?rest_route=\/wp\/v2\/product\/61838","targetHints":{"allow":["GET"]}}],"collection":[{"href":"https:\/\/www.deporteseli.com\/index.php?rest_route=\/wp\/v2\/product"}],"about":[{"href":"https:\/\/www.deporteseli.com\/index.php?rest_route=\/wp\/v2\/types\/product"}],"wp:featuredmedia":[{"embeddable":true,"href":"https:\/\/www.deporteseli.com\/index.php?rest_route=\/wp\/v2\/media\/61844"}],"wp:attachment":[{"href":"https:\/\/www.deporteseli.com\/index.php?rest_route=%2Fwp%2Fv2%2Fmedia&parent=61838"}],"wp:term":[{"taxonomy":"product_brand","embeddable":true,"href":"https:\/\/www.deporteseli.com\/index.php?rest_route=%2Fwp%2Fv2%2Fproduct_brand&post=61838"},{"taxonomy":"product_cat","embeddable":true,"href":"https:\/\/www.deporteseli.com\/index.php?rest_route=%2Fwp%2Fv2%2Fproduct_cat&post=61838"},{"taxonomy":"product_tag","embeddable":true,"href":"https:\/\/www.deporteseli.com\/index.php?rest_route=%2Fwp%2Fv2%2Fproduct_tag&post=61838"}],"curies":[{"name":"wp","href":"https:\/\/api.w.org\/{rel}","templated":true}]}}