{"id":61829,"date":"2026-02-10T10:06:15","date_gmt":"2026-02-10T10:06:15","guid":{"rendered":"https:\/\/www.deporteseli.com\/?product=guantes-adidas-jm4326"},"modified":"2026-02-10T10:06:20","modified_gmt":"2026-02-10T10:06:20","slug":"guantes-adidas-jm4326","status":"publish","type":"product","link":"https:\/\/www.deporteseli.com\/?product=guantes-adidas-jm4326","title":{"rendered":"GUANTES ADIDAS JM4326"},"content":{"rendered":"<p>Caracter\u00edsticas del Producto  Detalles del guante de portero: Corte positivo: proporciona un ajuste bueno y c\u00f3modo con una gran \u00e1rea de contacto con el bal\u00f3n.  Detalles del guante de portero: Correa de mu\u00f1eca de media envoltura &#8211; Construcci\u00f3n de correa de mu\u00f1eca liviana.  Detalles del guante de portero: Fingersave: las espinas de los dedos se endurecen y resisten la presi\u00f3n cuando se empujan hacia atr\u00e1s para una desviaci\u00f3n eficaz de la pelota.  Detalles del guante de portero: URG 3.0: Es el modelo base de la inigualable serie Urg de adidas. Ofrece un excelente agarre y comodidad. Recomendamos esta espuma para todas las condiciones. Para maximizar su vida \u00fatil, limpie siempre la espuma despu\u00e9s de usarla.  Detalles del guante de portero: Pu\u00f1o ventilado &#8211; Cierre con abertura en la mu\u00f1eca para una mayor libertad de movimiento y una entrada f\u00e1cil.                                                                                                                                                                                                                                                                                                                                                                                                                                                                                                                                                                                                                                                                                                                                                                                                                                                                                                                                                                                                                                        <\/p>\n","protected":false},"excerpt":{"rendered":"<p>GUANTES ADIDAS JM4326<\/p>\n","protected":false},"featured_media":61833,"template":"","meta":[],"product_brand":[],"product_cat":[322],"product_tag":[18],"class_list":{"0":"post-61829","1":"product","2":"type-product","3":"status-publish","4":"has-post-thumbnail","6":"product_cat-deportes_futbol_guantes_portero","7":"product_tag-adidas","8":"pa_color-unico","9":"pa_talla-171","10":"pa_talla-t-8","11":"pa_talla-t-9","12":"thunk-woo-product-list","13":"opn-qv-enable","14":"open-woo-hover-","15":"open-single-product-tab-horizontal","16":"open-shadow-","17":"open-shadow-hover-","19":"first","20":"instock","21":"shipping-taxable","22":"purchasable","23":"product-type-variable"},"jetpack_sharing_enabled":true,"_links":{"self":[{"href":"https:\/\/www.deporteseli.com\/index.php?rest_route=\/wp\/v2\/product\/61829","targetHints":{"allow":["GET"]}}],"collection":[{"href":"https:\/\/www.deporteseli.com\/index.php?rest_route=\/wp\/v2\/product"}],"about":[{"href":"https:\/\/www.deporteseli.com\/index.php?rest_route=\/wp\/v2\/types\/product"}],"wp:featuredmedia":[{"embeddable":true,"href":"https:\/\/www.deporteseli.com\/index.php?rest_route=\/wp\/v2\/media\/61833"}],"wp:attachment":[{"href":"https:\/\/www.deporteseli.com\/index.php?rest_route=%2Fwp%2Fv2%2Fmedia&parent=61829"}],"wp:term":[{"taxonomy":"product_brand","embeddable":true,"href":"https:\/\/www.deporteseli.com\/index.php?rest_route=%2Fwp%2Fv2%2Fproduct_brand&post=61829"},{"taxonomy":"product_cat","embeddable":true,"href":"https:\/\/www.deporteseli.com\/index.php?rest_route=%2Fwp%2Fv2%2Fproduct_cat&post=61829"},{"taxonomy":"product_tag","embeddable":true,"href":"https:\/\/www.deporteseli.com\/index.php?rest_route=%2Fwp%2Fv2%2Fproduct_tag&post=61829"}],"curies":[{"name":"wp","href":"https:\/\/api.w.org\/{rel}","templated":true}]}}