{"id":49676,"date":"2026-01-27T22:33:12","date_gmt":"2026-01-27T22:33:12","guid":{"rendered":"https:\/\/www.deporteseli.com\/?product=zapatillas-reebok-rush-runner-4-td-2"},"modified":"2026-02-12T19:30:52","modified_gmt":"2026-02-12T19:30:52","slug":"zapatillas-reebok-rush-runner-4-td-2","status":"publish","type":"product","link":"https:\/\/www.deporteseli.com\/?product=zapatillas-reebok-rush-runner-4-td-2","title":{"rendered":"ZAPATILLAS REEBOK RUSH RUNNER 4 TD"},"content":{"rendered":"<p>ZAPATILLAS DE CORRER RESISTENTES PARA NI\u00d1OS CON MUCHA ENERG\u00cdA.  Tienes un futuro atleta en tus manos. Estos zapatos para ni\u00f1os peque\u00f1os de Reebok combinan con su energ\u00eda. Una correa ajustable asegura los cordones el\u00e1sticos para que los zapatos permanezcan puestos. Una leng\u00fceta hace que sea m\u00e1s f\u00e1cil ponerlos y quitarlos. Una suela exterior duradera brinda tracci\u00f3n para los caminantes prometedores.  Detalles  Parte superior sint\u00e9tica y textil  Cierre de cordones el\u00e1sticos con tira  Forro textil  suela sint\u00e9tica  Color del producto: Flash Red \/ Collegiate Gold \/ Core Black  C\u00f3digo de producto: GW1250                                                                                                                                                                                                                                                                                                                                                                                                                                                                                                                                                                                                                                                                                                                                                                                                                                                                                                                                                                                                                                        <\/p>\n","protected":false},"excerpt":{"rendered":"<p>ZAPATILLAS REEBOK RUSH RUNNER 4 TD<\/p>\n","protected":false},"featured_media":61571,"template":"","meta":[],"product_brand":[],"product_cat":[237],"product_tag":[41],"class_list":{"0":"post-49676","1":"product","2":"type-product","3":"status-publish","4":"has-post-thumbnail","6":"product_cat-outlet_calzado","7":"product_tag-reebok","8":"pa_color-unico","9":"pa_talla-113","10":"pa_talla-23-5","11":"thunk-woo-product-list","12":"opn-qv-enable","13":"open-woo-hover-","14":"open-single-product-tab-horizontal","15":"open-shadow-","16":"open-shadow-hover-","18":"first","19":"instock","20":"shipping-taxable","21":"purchasable","22":"product-type-variable"},"jetpack_sharing_enabled":true,"_links":{"self":[{"href":"https:\/\/www.deporteseli.com\/index.php?rest_route=\/wp\/v2\/product\/49676","targetHints":{"allow":["GET"]}}],"collection":[{"href":"https:\/\/www.deporteseli.com\/index.php?rest_route=\/wp\/v2\/product"}],"about":[{"href":"https:\/\/www.deporteseli.com\/index.php?rest_route=\/wp\/v2\/types\/product"}],"wp:featuredmedia":[{"embeddable":true,"href":"https:\/\/www.deporteseli.com\/index.php?rest_route=\/wp\/v2\/media\/61571"}],"wp:attachment":[{"href":"https:\/\/www.deporteseli.com\/index.php?rest_route=%2Fwp%2Fv2%2Fmedia&parent=49676"}],"wp:term":[{"taxonomy":"product_brand","embeddable":true,"href":"https:\/\/www.deporteseli.com\/index.php?rest_route=%2Fwp%2Fv2%2Fproduct_brand&post=49676"},{"taxonomy":"product_cat","embeddable":true,"href":"https:\/\/www.deporteseli.com\/index.php?rest_route=%2Fwp%2Fv2%2Fproduct_cat&post=49676"},{"taxonomy":"product_tag","embeddable":true,"href":"https:\/\/www.deporteseli.com\/index.php?rest_route=%2Fwp%2Fv2%2Fproduct_tag&post=49676"}],"curies":[{"name":"wp","href":"https:\/\/api.w.org\/{rel}","templated":true}]}}