{"id":49656,"date":"2026-01-27T22:32:38","date_gmt":"2026-01-27T22:32:38","guid":{"rendered":"https:\/\/www.deporteseli.com\/?product=mochila-head-tour-25l-naranja-260336"},"modified":"2026-04-24T04:17:49","modified_gmt":"2026-04-24T04:17:49","slug":"mochila-head-tour-25l-naranja-260336","status":"publish","type":"product","link":"https:\/\/www.deporteseli.com\/?product=mochila-head-tour-25l-naranja-260336","title":{"rendered":"MOCHILA HEAD TOUR 25L NARANJA 260336"},"content":{"rendered":"<p>Descubre la Mochila Head Tour 25L Naranja, espaciosa, c\u00f3moda y con un dise\u00f1o moderno. Ideal para llevar tu equipo de p\u00e1del a la pista sin complicaciones.                                                                                                                                                                                                                                                                                                                                                                                                                                                                                                                                                                                                                                                                                                                                                                                                                                                                                                                                                                                                                                        <\/p>\n","protected":false},"excerpt":{"rendered":"<p>MOCHILA HEAD TOUR 25L NARANJA 260336<\/p>\n","protected":false},"featured_media":61542,"template":"","meta":[],"product_brand":[],"product_cat":[355],"product_tag":[22],"class_list":{"0":"post-49656","1":"product","2":"type-product","3":"status-publish","4":"has-post-thumbnail","6":"product_cat-padel_y_tenis_mochilas","7":"product_tag-head","8":"pa_color-unico","9":"pa_talla-unica","10":"thunk-woo-product-list","11":"opn-qv-enable","12":"open-woo-hover-","13":"open-single-product-tab-horizontal","14":"open-shadow-","15":"open-shadow-hover-","17":"first","18":"instock","19":"sale","20":"shipping-taxable","21":"purchasable","22":"product-type-variable"},"jetpack_sharing_enabled":true,"_links":{"self":[{"href":"https:\/\/www.deporteseli.com\/index.php?rest_route=\/wp\/v2\/product\/49656","targetHints":{"allow":["GET"]}}],"collection":[{"href":"https:\/\/www.deporteseli.com\/index.php?rest_route=\/wp\/v2\/product"}],"about":[{"href":"https:\/\/www.deporteseli.com\/index.php?rest_route=\/wp\/v2\/types\/product"}],"wp:featuredmedia":[{"embeddable":true,"href":"https:\/\/www.deporteseli.com\/index.php?rest_route=\/wp\/v2\/media\/61542"}],"wp:attachment":[{"href":"https:\/\/www.deporteseli.com\/index.php?rest_route=%2Fwp%2Fv2%2Fmedia&parent=49656"}],"wp:term":[{"taxonomy":"product_brand","embeddable":true,"href":"https:\/\/www.deporteseli.com\/index.php?rest_route=%2Fwp%2Fv2%2Fproduct_brand&post=49656"},{"taxonomy":"product_cat","embeddable":true,"href":"https:\/\/www.deporteseli.com\/index.php?rest_route=%2Fwp%2Fv2%2Fproduct_cat&post=49656"},{"taxonomy":"product_tag","embeddable":true,"href":"https:\/\/www.deporteseli.com\/index.php?rest_route=%2Fwp%2Fv2%2Fproduct_tag&post=49656"}],"curies":[{"name":"wp","href":"https:\/\/api.w.org\/{rel}","templated":true}]}}