{"id":49650,"date":"2026-01-27T22:32:26","date_gmt":"2026-01-27T22:32:26","guid":{"rendered":"https:\/\/www.deporteseli.com\/?product=bolso-adidas-jz0607"},"modified":"2026-03-13T05:19:13","modified_gmt":"2026-03-13T05:19:13","slug":"bolso-adidas-jz0607","status":"publish","type":"product","link":"https:\/\/www.deporteseli.com\/?product=bolso-adidas-jz0607","title":{"rendered":"BOLSO ADIDAS JZ0607"},"content":{"rendered":"<p>Elige c\u00f3mo quieres llevar este bolso vers\u00e1til que incorpora una correa flexible en el hombro.  Ve al gimnasio con confianza y estilo con la BOLSA DE VIAJE MEDIANA TRAINING DEFENDER. Dise\u00f1ada para quienes exigen rendimiento y resistencia al desgaste, esta bolsa es tu compa\u00f1era de entrenamiento.    La confecci\u00f3n en ligero tejido ripstop presenta un acabado resistente, y la correa extra\u00edble para el hombro te ofrece formas vers\u00e1tiles de llevarla en tus desplazamientos.  La cremallera de dos direcciones facilita el acceso, y el dise\u00f1o acolchado proporciona un ajuste c\u00f3modo. Las perforaciones de ventilaci\u00f3n cortadas a l\u00e1ser contribuyen a que tu equipaci\u00f3n se mantenga fresca y lista para la acci\u00f3n.    No importa si vas al gimnasio o de viaje, esta bolsa aguanta el ritmo de tu estilo de vida activo. Con adidas, es mucho m\u00e1s que un complemento. Es una forma de vida    Dise\u00f1ada para un entrenamiento h\u00edbrido y un rendimiento vers\u00e1til.                                                                                                                                                                                                                                                                                                                                                                                                                                                                                                                                                                                                                                                                                                                                                                                                                                                                                                                                                                                                                                        <\/p>\n","protected":false},"excerpt":{"rendered":"<p>BOLSO ADIDAS JZ0607<\/p>\n","protected":false},"featured_media":63584,"template":"","meta":[],"product_brand":[],"product_cat":[402],"product_tag":[18],"class_list":{"0":"post-49650","1":"product","2":"type-product","3":"status-publish","4":"has-post-thumbnail","6":"product_cat-accesorios_bolsos","7":"product_tag-adidas","8":"pa_color-unico","9":"pa_talla-unica","10":"thunk-woo-product-list","11":"opn-qv-enable","12":"open-woo-hover-","13":"open-single-product-tab-horizontal","14":"open-shadow-","15":"open-shadow-hover-","17":"first","18":"instock","19":"shipping-taxable","20":"purchasable","21":"product-type-variable"},"jetpack_sharing_enabled":true,"_links":{"self":[{"href":"https:\/\/www.deporteseli.com\/index.php?rest_route=\/wp\/v2\/product\/49650","targetHints":{"allow":["GET"]}}],"collection":[{"href":"https:\/\/www.deporteseli.com\/index.php?rest_route=\/wp\/v2\/product"}],"about":[{"href":"https:\/\/www.deporteseli.com\/index.php?rest_route=\/wp\/v2\/types\/product"}],"wp:featuredmedia":[{"embeddable":true,"href":"https:\/\/www.deporteseli.com\/index.php?rest_route=\/wp\/v2\/media\/63584"}],"wp:attachment":[{"href":"https:\/\/www.deporteseli.com\/index.php?rest_route=%2Fwp%2Fv2%2Fmedia&parent=49650"}],"wp:term":[{"taxonomy":"product_brand","embeddable":true,"href":"https:\/\/www.deporteseli.com\/index.php?rest_route=%2Fwp%2Fv2%2Fproduct_brand&post=49650"},{"taxonomy":"product_cat","embeddable":true,"href":"https:\/\/www.deporteseli.com\/index.php?rest_route=%2Fwp%2Fv2%2Fproduct_cat&post=49650"},{"taxonomy":"product_tag","embeddable":true,"href":"https:\/\/www.deporteseli.com\/index.php?rest_route=%2Fwp%2Fv2%2Fproduct_tag&post=49650"}],"curies":[{"name":"wp","href":"https:\/\/api.w.org\/{rel}","templated":true}]}}