{"id":49641,"date":"2026-01-27T22:32:09","date_gmt":"2026-01-27T22:32:09","guid":{"rendered":"https:\/\/www.deporteseli.com\/?product=wilson-hurakn-lite-white-woman-wrs338470"},"modified":"2026-01-27T22:32:24","modified_gmt":"2026-01-27T22:32:24","slug":"wilson-hurakn-lite-white-woman-wrs338470","status":"publish","type":"product","link":"https:\/\/www.deporteseli.com\/?product=wilson-hurakn-lite-white-woman-wrs338470","title":{"rendered":"WILSON HURAKN LITE WHITE WOMAN WRS338470"},"content":{"rendered":"<p>La  Wilson Hurakn Lite  es una zapatilla de p\u00e1del dise\u00f1ada para jugadores que buscan  ligereza ,  capacidad de respuesta  y  comodidad . Su dise\u00f1o elegante y estilizado combina  estilo moderno  y  rendimiento  , permiti\u00e9ndote jugar con confianza en la pista.    Su parte superior de malla transpirable promueve  una excelente  ventilaci\u00f3n  , manteniendo los pies frescos incluso durante los intercambios m\u00e1s intensos.  La amortiguaci\u00f3n  din\u00e1mica de la  entresuela  Fused 8 Foam permite movimientos r\u00e1pidos y precisos, mientras que el Pro Torque Chassis Light garantiza estabilidad  y  soporte durante los pasos y los giros. La  zapatilla  Hurakn Lite para mujer  permite a las jugadoras concentrarse plenamente en su juego con comodidad y libertad de movimiento.    Caracter\u00edsticas t\u00e9cnicas:   &#8211; Pro Torque Chassis Light  : Chasis optimizado para la velocidad que ofrece estabilidad y ligereza  &#8211; Women&#8217;s Specific Support  : Tal\u00f3n de TPU asim\u00e9trico en el mediopi\u00e9 para una mayor estabilidad y soporte adaptado al pie femenino  &#8211; Fused 8 Foam  : Entresuela de EVA que incorpora fibras recicladas para una mayor capacidad de respuesta y un menor impacto ambiental  &#8211; Duralast  : Caucho de alta densidad para una mayor durabilidad y un agarre \u00f3ptimo en todas las superficies  &#8211; Optimum Grip  : Suela con dise\u00f1o en espiral para facilitar las rotaciones y los pivotes en todas las direcciones  &#8211; Plantilla Ortholite  : Comodidad superior y soporte del pie                                                                                                                                                                                                                                                                                                                                                                                                                                                                                                                                                                                                                                                                                                                                                                                                                                                                                                                                                                                                                                        <\/p>\n","protected":false},"excerpt":{"rendered":"<p>WILSON HURAKN LITE WHITE WOMAN WRS338470<\/p>\n","protected":false},"featured_media":61526,"template":"","meta":[],"product_brand":[],"product_cat":[371],"product_tag":[57],"class_list":{"0":"post-49641","1":"product","2":"type-product","3":"status-publish","4":"has-post-thumbnail","6":"product_cat-padel_y_tenis_calzado","7":"product_tag-wilson","8":"pa_color-unico","9":"pa_talla-36-5","10":"pa_talla-37-5","11":"pa_talla-145","12":"pa_talla-38-5","13":"pa_talla-39-5","14":"pa_talla-149","15":"pa_talla-40-5","16":"pa_talla-41-5","17":"thunk-woo-product-list","18":"opn-qv-enable","19":"open-woo-hover-","20":"open-single-product-tab-horizontal","21":"open-shadow-","22":"open-shadow-hover-","24":"first","25":"instock","26":"sale","27":"shipping-taxable","28":"purchasable","29":"product-type-variable"},"jetpack_sharing_enabled":true,"_links":{"self":[{"href":"https:\/\/www.deporteseli.com\/index.php?rest_route=\/wp\/v2\/product\/49641","targetHints":{"allow":["GET"]}}],"collection":[{"href":"https:\/\/www.deporteseli.com\/index.php?rest_route=\/wp\/v2\/product"}],"about":[{"href":"https:\/\/www.deporteseli.com\/index.php?rest_route=\/wp\/v2\/types\/product"}],"wp:featuredmedia":[{"embeddable":true,"href":"https:\/\/www.deporteseli.com\/index.php?rest_route=\/wp\/v2\/media\/61526"}],"wp:attachment":[{"href":"https:\/\/www.deporteseli.com\/index.php?rest_route=%2Fwp%2Fv2%2Fmedia&parent=49641"}],"wp:term":[{"taxonomy":"product_brand","embeddable":true,"href":"https:\/\/www.deporteseli.com\/index.php?rest_route=%2Fwp%2Fv2%2Fproduct_brand&post=49641"},{"taxonomy":"product_cat","embeddable":true,"href":"https:\/\/www.deporteseli.com\/index.php?rest_route=%2Fwp%2Fv2%2Fproduct_cat&post=49641"},{"taxonomy":"product_tag","embeddable":true,"href":"https:\/\/www.deporteseli.com\/index.php?rest_route=%2Fwp%2Fv2%2Fproduct_tag&post=49641"}],"curies":[{"name":"wp","href":"https:\/\/api.w.org\/{rel}","templated":true}]}}