{"id":49632,"date":"2026-01-27T22:31:54","date_gmt":"2026-01-27T22:31:54","guid":{"rendered":"https:\/\/www.deporteseli.com\/?product=wilson-hurakn-lite-azul-wrs338420"},"modified":"2026-01-27T22:32:07","modified_gmt":"2026-01-27T22:32:07","slug":"wilson-hurakn-lite-azul-wrs338420","status":"publish","type":"product","link":"https:\/\/www.deporteseli.com\/?product=wilson-hurakn-lite-azul-wrs338420","title":{"rendered":"WILSON HURAKN LITE AZUL WRS338420"},"content":{"rendered":"<p>Su parte superior de malla transpirable favorece una excelente circulaci\u00f3n del aire, manteniendo los pies frescos incluso durante los intercambios m\u00e1s intensos. La amortiguaci\u00f3n din\u00e1mica proporcionada por la entresuela Fused 8 Foam te permite moverte con rapidez y precisi\u00f3n, mientras que el Pro Torque Chassis Light proporciona estabilidad y apoyo durante las posturas y los pivotes. Las Hurakn Lite para mujer permiten a las jugadoras concentrarse plenamente en su juego con comodidad y libertad de movimientos.    Detalles t\u00e9cnicos:  &#8211; Pro Torque Chassis Light: chasis optimizado para la velocidad, que ofrece estabilidad y ligereza.  &#8211; Sujeci\u00f3n espec\u00edfica para la mujer: TPU asim\u00e9trico en la parte medial del tal\u00f3n para una mayor estabilidad y sujeci\u00f3n del pie de la mujer.  &#8211; Fused 8 Foam: entresuela de EVA que incorpora fibras recicladas para una mayor capacidad de respuesta y un menor impacto medioambiental  &#8211; Duralast: goma de alta densidad para una mayor durabilidad y un agarre \u00f3ptimo en todas las superficies  &#8211; Optimum Grip: suela con dise\u00f1o en espiral para facilitar los giros y pivotes en todas las direcciones  &#8211; Plantilla Ortholite: mayor comodidad y sujeci\u00f3n del pie                                                                                                                                                                                                                                                                                                                                                                                                                                                                                                                                                                                                                                                                                                                                                                                                                                                                                                                                                                                                                                        <\/p>\n","protected":false},"excerpt":{"rendered":"<p>WILSON HURAKN LITE AZUL WRS338420<\/p>\n","protected":false},"featured_media":61521,"template":"","meta":[],"product_brand":[],"product_cat":[371],"product_tag":[57],"class_list":{"0":"post-49632","1":"product","2":"type-product","3":"status-publish","4":"has-post-thumbnail","6":"product_cat-padel_y_tenis_calzado","7":"product_tag-wilson","8":"pa_color-unico","9":"pa_talla-41-5","10":"pa_talla-153","11":"pa_talla-42-5","12":"pa_talla-43-5","13":"pa_talla-157","14":"pa_talla-44-5","15":"pa_talla-45-5","16":"pa_talla-161","17":"thunk-woo-product-list","18":"opn-qv-enable","19":"open-woo-hover-","20":"open-single-product-tab-horizontal","21":"open-shadow-","22":"open-shadow-hover-","24":"first","25":"instock","26":"sale","27":"shipping-taxable","28":"purchasable","29":"product-type-variable"},"jetpack_sharing_enabled":true,"_links":{"self":[{"href":"https:\/\/www.deporteseli.com\/index.php?rest_route=\/wp\/v2\/product\/49632","targetHints":{"allow":["GET"]}}],"collection":[{"href":"https:\/\/www.deporteseli.com\/index.php?rest_route=\/wp\/v2\/product"}],"about":[{"href":"https:\/\/www.deporteseli.com\/index.php?rest_route=\/wp\/v2\/types\/product"}],"wp:featuredmedia":[{"embeddable":true,"href":"https:\/\/www.deporteseli.com\/index.php?rest_route=\/wp\/v2\/media\/61521"}],"wp:attachment":[{"href":"https:\/\/www.deporteseli.com\/index.php?rest_route=%2Fwp%2Fv2%2Fmedia&parent=49632"}],"wp:term":[{"taxonomy":"product_brand","embeddable":true,"href":"https:\/\/www.deporteseli.com\/index.php?rest_route=%2Fwp%2Fv2%2Fproduct_brand&post=49632"},{"taxonomy":"product_cat","embeddable":true,"href":"https:\/\/www.deporteseli.com\/index.php?rest_route=%2Fwp%2Fv2%2Fproduct_cat&post=49632"},{"taxonomy":"product_tag","embeddable":true,"href":"https:\/\/www.deporteseli.com\/index.php?rest_route=%2Fwp%2Fv2%2Fproduct_tag&post=49632"}],"curies":[{"name":"wp","href":"https:\/\/api.w.org\/{rel}","templated":true}]}}