{"id":49615,"date":"2026-01-27T22:31:28","date_gmt":"2026-01-27T22:31:28","guid":{"rendered":"https:\/\/www.deporteseli.com\/?product=tenis-wilson-wrs337590"},"modified":"2026-01-27T22:31:38","modified_gmt":"2026-01-27T22:31:38","slug":"tenis-wilson-wrs337590","status":"publish","type":"product","link":"https:\/\/www.deporteseli.com\/?product=tenis-wilson-wrs337590","title":{"rendered":"TENIS WILSON WRS337590"},"content":{"rendered":"<p>Dise\u00f1adas para j\u00f3venes jugadores que buscan comodidad, estabilidad y confianza en cada punto, las Wilson Rush Pro Ace Junior ofrecen un ajuste confortable y un soporte potente para rendir al m\u00e1ximo en pista.  Su dise\u00f1o vers\u00e1til las hace ideales para entrenamientos y partidos tanto en pista dura como en tierra batida.    Caracter\u00edsticas principales y tecnolog\u00edas    Ajuste confortable (Tuned for Comfort): horma m\u00e1s amplia en la zona de los dedos, empeine ligero y acolchado que prioriza la comodidad durante todo el juego.    Soporte potente (Powerful Support): chasis completo que aporta un excelente soporte del arco y mayor control en giros y desplazamientos intensos.    4D Support Chassis: chasis asim\u00e9trico de tal\u00f3n a puntera que mejora la estabilidad, limita la supinaci\u00f3n y optimiza el control en movimientos de giro y golpes exigentes.    Sensifeel: empeine de capas m\u00ednimas que aumenta la comodidad sin perder sujeci\u00f3n.    Forefoot TPU Drag Pad: refuerzo de TPU en la zona medial para mayor durabilidad y protecci\u00f3n frente al arrastre del pie.    Duralast: suela de goma de alta densidad extremadamente resistente a la abrasi\u00f3n, con m\u00e1xima tracci\u00f3n en todas las superficies.    R-DST : espuma de mediasuela que combina amortiguaci\u00f3n y rebote para un rendimiento din\u00e1mico y reactivo.    Conclusi\u00f3n    Las Wilson Rush Pro Ace Junior son una opci\u00f3n segura y equilibrada para j\u00f3venes tenistas que necesitan confort, estabilidad y resistencia en su calzado.  Unas zapatillas pensadas para acompa\u00f1ar su evoluci\u00f3n en la pista, ofreciendo control, protecci\u00f3n y sensaciones de juego s\u00f3lidas desde el primer punto.                                                                                                                                                                                                                                                                                                                                                                                                                                                                                                                                                                                                                                                                                                                                                                                                                                                                                                                                                                                                                                        <\/p>\n","protected":false},"excerpt":{"rendered":"<p>TENIS WILSON WRS337590<\/p>\n","protected":false},"featured_media":61514,"template":"","meta":[],"product_brand":[],"product_cat":[371],"product_tag":[57],"class_list":{"0":"post-49615","1":"product","2":"type-product","3":"status-publish","4":"has-post-thumbnail","6":"product_cat-padel_y_tenis_calzado","7":"product_tag-wilson","8":"pa_color-unico","9":"pa_talla-141","10":"pa_talla-36-5","11":"pa_talla-37-5","12":"pa_talla-145","13":"pa_talla-38-5","14":"pa_talla-39-5","15":"pa_talla-149","16":"thunk-woo-product-list","17":"opn-qv-enable","18":"open-woo-hover-","19":"open-single-product-tab-horizontal","20":"open-shadow-","21":"open-shadow-hover-","23":"first","24":"instock","25":"sale","26":"shipping-taxable","27":"purchasable","28":"product-type-variable"},"jetpack_sharing_enabled":true,"_links":{"self":[{"href":"https:\/\/www.deporteseli.com\/index.php?rest_route=\/wp\/v2\/product\/49615","targetHints":{"allow":["GET"]}}],"collection":[{"href":"https:\/\/www.deporteseli.com\/index.php?rest_route=\/wp\/v2\/product"}],"about":[{"href":"https:\/\/www.deporteseli.com\/index.php?rest_route=\/wp\/v2\/types\/product"}],"wp:featuredmedia":[{"embeddable":true,"href":"https:\/\/www.deporteseli.com\/index.php?rest_route=\/wp\/v2\/media\/61514"}],"wp:attachment":[{"href":"https:\/\/www.deporteseli.com\/index.php?rest_route=%2Fwp%2Fv2%2Fmedia&parent=49615"}],"wp:term":[{"taxonomy":"product_brand","embeddable":true,"href":"https:\/\/www.deporteseli.com\/index.php?rest_route=%2Fwp%2Fv2%2Fproduct_brand&post=49615"},{"taxonomy":"product_cat","embeddable":true,"href":"https:\/\/www.deporteseli.com\/index.php?rest_route=%2Fwp%2Fv2%2Fproduct_cat&post=49615"},{"taxonomy":"product_tag","embeddable":true,"href":"https:\/\/www.deporteseli.com\/index.php?rest_route=%2Fwp%2Fv2%2Fproduct_tag&post=49615"}],"curies":[{"name":"wp","href":"https:\/\/api.w.org\/{rel}","templated":true}]}}