{"id":49611,"date":"2026-01-27T22:31:21","date_gmt":"2026-01-27T22:31:21","guid":{"rendered":"https:\/\/www.deporteseli.com\/?product=mochila-adidas-protour-martita-ortega"},"modified":"2026-01-27T22:31:24","modified_gmt":"2026-01-27T22:31:24","slug":"mochila-adidas-protour-martita-ortega","status":"publish","type":"product","link":"https:\/\/www.deporteseli.com\/?product=mochila-adidas-protour-martita-ortega","title":{"rendered":"MOCHILA ADIDAS PROTOUR MARTITA ORTEGA"},"content":{"rendered":"<p>Mochila Adidas Protour Offwhite \u2013 Estilo, Espacio y Exclusividad  \u00bfQuieres elevar tu juego con una mochila que combine funcionalidad y elegancia? La mochila Adidas Protour en color rosa offwhite es la elecci\u00f3n perfecta para quienes desean llevar su estilo al siguiente nivel. Con la firma de la reconocida jugadora Martita Ortega, este modelo no solo es un s\u00edmbolo de calidad, sino tambi\u00e9n de autenticidad, ideal para los verdaderos aficionados al p\u00e1del.    Esta mochila Adidas destaca por su gran tama\u00f1o, lo que la convierte en una opci\u00f3n excepcional para transportar todo lo que necesitas para tus entrenamientos y partidos. Adem\u00e1s, su innovador formato de cremallera en forma de U permite un acceso r\u00e1pido y f\u00e1cil a tus pertenencias, asegurando que puedas encontrar lo que necesitas sin complicaciones. Con su dise\u00f1o espacioso, puedes llevar tu pala, ropa, calzado y accesorios de manera organizada y c\u00f3moda.    Caracteristicas de la Mochila  Su amplio tama\u00f1o ofrece un amplio espacio interior para facilitar el transporte de todo tu equipo deportivo.  El compartimento t\u00e9rmico para proteger tu pala puedes encontrarlo dentro del compartimento principal.  Su cremallera en formato U permite un acceso r\u00e1pido y eficiente a tus pertenencias, mejorando la comodidad de uso.  Confeccionada con materiales resistentes, garantizando durabilidad y un rendimiento \u00f3ptimo.  Cuenta con varios compartimentos organizados dise\u00f1adas para almacenar tu pala, ropa y accesorios de manera ordenada.  Dispone de dos bolsillos laterales con cremallera de f\u00e1cil acceso.  Su cord\u00f3n el\u00e1stico frontal aporta un toque est\u00e9tico a la par que pr\u00e1ctico ya que con el puedes personalizar el volumen de la mochila seg\u00fan la necesidad.  Incluye una etiqueta colgante con la firma de la jugadora Martita Ortega.  Detalles de la Mochila Multigame  Colores: Rosa \/ Negro  Dimensiones: 32 x 50 x 23 cm aprox. (seg\u00fan indicaciones de la marca)  Capacidad: 40L  Material: Polietersulfona \/ Poli\u00e9ster reciclado                                                                                                                                                                                                                                                                                                                                                                                                                                                                                                                                                                                                                                                                                                                                                                                                                                                                                                                                                                                                                                        <\/p>\n","protected":false},"excerpt":{"rendered":"<p>MOCHILA ADIDAS PROTOUR MARTITA ORTEGA<\/p>\n","protected":false},"featured_media":61507,"template":"","meta":[],"product_brand":[],"product_cat":[355],"product_tag":[18],"class_list":{"0":"post-49611","1":"product","2":"type-product","3":"status-publish","4":"has-post-thumbnail","6":"product_cat-padel_y_tenis_mochilas","7":"product_tag-adidas","8":"pa_color-unico","9":"pa_talla-unica","10":"thunk-woo-product-list","11":"opn-qv-enable","12":"open-woo-hover-","13":"open-single-product-tab-horizontal","14":"open-shadow-","15":"open-shadow-hover-","17":"first","18":"instock","19":"sale","20":"shipping-taxable","21":"purchasable","22":"product-type-variable"},"jetpack_sharing_enabled":true,"_links":{"self":[{"href":"https:\/\/www.deporteseli.com\/index.php?rest_route=\/wp\/v2\/product\/49611","targetHints":{"allow":["GET"]}}],"collection":[{"href":"https:\/\/www.deporteseli.com\/index.php?rest_route=\/wp\/v2\/product"}],"about":[{"href":"https:\/\/www.deporteseli.com\/index.php?rest_route=\/wp\/v2\/types\/product"}],"wp:featuredmedia":[{"embeddable":true,"href":"https:\/\/www.deporteseli.com\/index.php?rest_route=\/wp\/v2\/media\/61507"}],"wp:attachment":[{"href":"https:\/\/www.deporteseli.com\/index.php?rest_route=%2Fwp%2Fv2%2Fmedia&parent=49611"}],"wp:term":[{"taxonomy":"product_brand","embeddable":true,"href":"https:\/\/www.deporteseli.com\/index.php?rest_route=%2Fwp%2Fv2%2Fproduct_brand&post=49611"},{"taxonomy":"product_cat","embeddable":true,"href":"https:\/\/www.deporteseli.com\/index.php?rest_route=%2Fwp%2Fv2%2Fproduct_cat&post=49611"},{"taxonomy":"product_tag","embeddable":true,"href":"https:\/\/www.deporteseli.com\/index.php?rest_route=%2Fwp%2Fv2%2Fproduct_tag&post=49611"}],"curies":[{"name":"wp","href":"https:\/\/api.w.org\/{rel}","templated":true}]}}