{"id":49609,"date":"2026-01-27T22:31:16","date_gmt":"2026-01-27T22:31:16","guid":{"rendered":"https:\/\/www.deporteseli.com\/?product=mochila-adidas-multigame-2026-2"},"modified":"2026-01-27T22:31:19","modified_gmt":"2026-01-27T22:31:19","slug":"mochila-adidas-multigame-2026-2","status":"publish","type":"product","link":"https:\/\/www.deporteseli.com\/?product=mochila-adidas-multigame-2026-2","title":{"rendered":"MOCHILA ADIDAS MULTIGAME 2026"},"content":{"rendered":"<p>Mochila con apertura superior enrollable para ajustar el volumen y almacenamiento pr\u00e1ctico.  Dise\u00f1ada para los entusiastas del p\u00e1del, la mochila de p\u00e1del Multigame 2026 ofrece tanto funcionalidad como estilo. Tanto para la cancha como para una salida informal, es tu compa\u00f1era de confianza para el deporte y el ocio.    Gracias a la apertura enrollable, puedes ajustar el volumen de la mochila a tus necesidades. En el interior, encontrar\u00e1s un compartimento para guardar el port\u00e1til o la pala y un peque\u00f1o bolsillo para objetos delicados. El compartimento con aislamiento t\u00e9rmico de la parte delantera ayuda a proteger tus objetos esenciales contra los cambios de temperatura.    Mant\u00e9n tus botellas de agua al alcance de la mano en los dos bolsillos laterales de malla el\u00e1stica durante los partidos intensos o las actividades diarias. Construida pensando en la resistencia al desgaste, la mochila incluye un fondo reforzado que soporta los rigores del uso frecuente. La comodidad es primordial gracias a las correas de malla acolchadas ajustables y al panel trasero, que facilitan su transporte.    Guarda tu equipaci\u00f3n deportiva o tus pertenencias generales con estilo con esta mochila de adidas que combina a la perfecci\u00f3n rendimiento y dise\u00f1o.                                                                                                                                                                                                                                                                                                                                                                                                                                                                                                                                                                                                                                                                                                                                                                                                                                                                                                                                                                                                                                        <\/p>\n","protected":false},"excerpt":{"rendered":"<p>MOCHILA ADIDAS MULTIGAME 2026<\/p>\n","protected":false},"featured_media":61505,"template":"","meta":[],"product_brand":[],"product_cat":[355],"product_tag":[18],"class_list":{"0":"post-49609","1":"product","2":"type-product","3":"status-publish","4":"has-post-thumbnail","6":"product_cat-padel_y_tenis_mochilas","7":"product_tag-adidas","8":"pa_color-unico","9":"pa_talla-unica","10":"thunk-woo-product-list","11":"opn-qv-enable","12":"open-woo-hover-","13":"open-single-product-tab-horizontal","14":"open-shadow-","15":"open-shadow-hover-","17":"first","18":"instock","19":"sale","20":"shipping-taxable","21":"purchasable","22":"product-type-variable"},"jetpack_sharing_enabled":true,"_links":{"self":[{"href":"https:\/\/www.deporteseli.com\/index.php?rest_route=\/wp\/v2\/product\/49609","targetHints":{"allow":["GET"]}}],"collection":[{"href":"https:\/\/www.deporteseli.com\/index.php?rest_route=\/wp\/v2\/product"}],"about":[{"href":"https:\/\/www.deporteseli.com\/index.php?rest_route=\/wp\/v2\/types\/product"}],"wp:featuredmedia":[{"embeddable":true,"href":"https:\/\/www.deporteseli.com\/index.php?rest_route=\/wp\/v2\/media\/61505"}],"wp:attachment":[{"href":"https:\/\/www.deporteseli.com\/index.php?rest_route=%2Fwp%2Fv2%2Fmedia&parent=49609"}],"wp:term":[{"taxonomy":"product_brand","embeddable":true,"href":"https:\/\/www.deporteseli.com\/index.php?rest_route=%2Fwp%2Fv2%2Fproduct_brand&post=49609"},{"taxonomy":"product_cat","embeddable":true,"href":"https:\/\/www.deporteseli.com\/index.php?rest_route=%2Fwp%2Fv2%2Fproduct_cat&post=49609"},{"taxonomy":"product_tag","embeddable":true,"href":"https:\/\/www.deporteseli.com\/index.php?rest_route=%2Fwp%2Fv2%2Fproduct_tag&post=49609"}],"curies":[{"name":"wp","href":"https:\/\/api.w.org\/{rel}","templated":true}]}}