{"id":49605,"date":"2026-01-27T22:31:08","date_gmt":"2026-01-27T22:31:08","guid":{"rendered":"https:\/\/www.deporteseli.com\/?product=paletero-adidas-protour-blu-2026"},"modified":"2026-01-27T22:31:10","modified_gmt":"2026-01-27T22:31:10","slug":"paletero-adidas-protour-blu-2026","status":"publish","type":"product","link":"https:\/\/www.deporteseli.com\/?product=paletero-adidas-protour-blu-2026","title":{"rendered":"PALETERO ADIDAS PROTOUR BLU 2026"},"content":{"rendered":"<p>Bolso para pala de p\u00e1del con compartimento central y m\u00faltiples bolsillos para un almacenamiento pr\u00e1ctico.  Ad\u00e9ntrate en el mundo del p\u00e1del con la funda para pala de p\u00e1del Protour Blu 2026. Dise\u00f1ada para jugadores que exigen tanto estilo como funcionalidad, es imprescindible para transportar tu ropa y equipaci\u00f3n deportivas, de modo que tengas todo lo que necesitas a mano.    El gran compartimento central con cremallera en el panel trasero ofrece espacio para guardar tus pertenencias, mientras que los dos bolsillos laterales con aislamiento t\u00e9rmico pueden guardar y proteger de forma segura hasta dos palas de p\u00e1del cada uno.    Coloca c\u00f3modamente tus objetos personales m\u00e1s peque\u00f1os en el peque\u00f1o bolsillo de la parte superior del bolso, y el compartimento de malla est\u00e1 espec\u00edficamente dise\u00f1ado para mantener tu calzado separado y bien ventilado.    Este bolso de adidas refleja su compromiso con la calidad. Convi\u00e9rtelo en tu accesorio imprescindible para tus partidos y sesiones de entrenamiento, y prep\u00e1rate para la acci\u00f3n en la cancha.                                                                                                                                                                                                                                                                                                                                                                                                                                                                                                                                                                                                                                                                                                                                                                                                                                                                                                                                                                                                                                        <\/p>\n","protected":false},"excerpt":{"rendered":"<p>PALETERO ADIDAS PROTOUR BLU 2026<\/p>\n","protected":false},"featured_media":61497,"template":"","meta":[],"product_brand":[],"product_cat":[354],"product_tag":[18],"class_list":{"0":"post-49605","1":"product","2":"type-product","3":"status-publish","4":"has-post-thumbnail","6":"product_cat-padel_y_tenis_paleteros","7":"product_tag-adidas","8":"pa_color-unico","9":"pa_talla-unica","10":"thunk-woo-product-list","11":"opn-qv-enable","12":"open-woo-hover-","13":"open-single-product-tab-horizontal","14":"open-shadow-","15":"open-shadow-hover-","17":"first","18":"instock","19":"sale","20":"shipping-taxable","21":"purchasable","22":"product-type-variable"},"jetpack_sharing_enabled":true,"_links":{"self":[{"href":"https:\/\/www.deporteseli.com\/index.php?rest_route=\/wp\/v2\/product\/49605","targetHints":{"allow":["GET"]}}],"collection":[{"href":"https:\/\/www.deporteseli.com\/index.php?rest_route=\/wp\/v2\/product"}],"about":[{"href":"https:\/\/www.deporteseli.com\/index.php?rest_route=\/wp\/v2\/types\/product"}],"wp:featuredmedia":[{"embeddable":true,"href":"https:\/\/www.deporteseli.com\/index.php?rest_route=\/wp\/v2\/media\/61497"}],"wp:attachment":[{"href":"https:\/\/www.deporteseli.com\/index.php?rest_route=%2Fwp%2Fv2%2Fmedia&parent=49605"}],"wp:term":[{"taxonomy":"product_brand","embeddable":true,"href":"https:\/\/www.deporteseli.com\/index.php?rest_route=%2Fwp%2Fv2%2Fproduct_brand&post=49605"},{"taxonomy":"product_cat","embeddable":true,"href":"https:\/\/www.deporteseli.com\/index.php?rest_route=%2Fwp%2Fv2%2Fproduct_cat&post=49605"},{"taxonomy":"product_tag","embeddable":true,"href":"https:\/\/www.deporteseli.com\/index.php?rest_route=%2Fwp%2Fv2%2Fproduct_tag&post=49605"}],"curies":[{"name":"wp","href":"https:\/\/api.w.org\/{rel}","templated":true}]}}