{"id":49601,"date":"2026-01-27T22:31:02","date_gmt":"2026-01-27T22:31:02","guid":{"rendered":"https:\/\/www.deporteseli.com\/?product=paletero-adidas-multigame-26"},"modified":"2026-04-18T04:20:00","modified_gmt":"2026-04-18T04:20:00","slug":"paletero-adidas-multigame-26","status":"publish","type":"product","link":"https:\/\/www.deporteseli.com\/?product=paletero-adidas-multigame-26","title":{"rendered":"PALETERO ADIDAS MULTIGAME 26"},"content":{"rendered":"<p>Bolso para pala de p\u00e1del con compartimento central y m\u00faltiples bolsillos para un almacenamiento pr\u00e1ctico.  Presentamos la funda para pala de p\u00e1del Multigame 26, tu compa\u00f1era para el d\u00eda de partido. Dise\u00f1ado pensando en el jugador de p\u00e1del moderno, combina a la perfecci\u00f3n caracter\u00edsticas elegantes y pr\u00e1cticas para mantener tu equipaci\u00f3n bien organizada y f\u00e1cilmente accesible.    Cuenta con apertura superior con solapa y un espacioso compartimento central para llevar tu ropa y equipaci\u00f3n deportivas. Los dos bolsillos laterales con aislamiento t\u00e9rmico pueden guardar y proteger con seguridad hasta dos palas de p\u00e1del cada uno, mientras que el compartimento inferior ventilado mantiene tu calzado separado y sin olores.    Con dos finos bolsillos laterales, un compartimento superior para accesorios y un bolsillo adicional en la abertura principal para tus objetos m\u00e1s peque\u00f1os, todas tus pertenencias estar\u00e1n bien guardadas. Las correas de malla acolchadas ajustables y las asas adaptables facilitan el traslado del bolso.    La organizaci\u00f3n inteligente es la caracter\u00edstica principal del dise\u00f1o de este bolso. Guarda tu equipaci\u00f3n de p\u00e1del con estilo y destaca entre la multitud cada vez que te dirijas a un partido o sesi\u00f3n de entrenamiento.                                                                                                                                                                                                                                                                                                                                                                                                                                                                                                                                                                                                                                                                                                                                                                                                                                                                                                                                                                                                                                        <\/p>\n","protected":false},"excerpt":{"rendered":"<p>PALETERO ADIDAS MULTIGAME 26<\/p>\n","protected":false},"featured_media":61488,"template":"","meta":[],"product_brand":[],"product_cat":[354],"product_tag":[18],"class_list":{"0":"post-49601","1":"product","2":"type-product","3":"status-publish","4":"has-post-thumbnail","6":"product_cat-padel_y_tenis_paleteros","7":"product_tag-adidas","8":"pa_color-unico","9":"pa_talla-unica","10":"thunk-woo-product-list","11":"opn-qv-enable","12":"open-woo-hover-","13":"open-single-product-tab-horizontal","14":"open-shadow-","15":"open-shadow-hover-","17":"first","18":"instock","19":"sale","20":"shipping-taxable","21":"purchasable","22":"product-type-variable"},"jetpack_sharing_enabled":true,"_links":{"self":[{"href":"https:\/\/www.deporteseli.com\/index.php?rest_route=\/wp\/v2\/product\/49601","targetHints":{"allow":["GET"]}}],"collection":[{"href":"https:\/\/www.deporteseli.com\/index.php?rest_route=\/wp\/v2\/product"}],"about":[{"href":"https:\/\/www.deporteseli.com\/index.php?rest_route=\/wp\/v2\/types\/product"}],"wp:featuredmedia":[{"embeddable":true,"href":"https:\/\/www.deporteseli.com\/index.php?rest_route=\/wp\/v2\/media\/61488"}],"wp:attachment":[{"href":"https:\/\/www.deporteseli.com\/index.php?rest_route=%2Fwp%2Fv2%2Fmedia&parent=49601"}],"wp:term":[{"taxonomy":"product_brand","embeddable":true,"href":"https:\/\/www.deporteseli.com\/index.php?rest_route=%2Fwp%2Fv2%2Fproduct_brand&post=49601"},{"taxonomy":"product_cat","embeddable":true,"href":"https:\/\/www.deporteseli.com\/index.php?rest_route=%2Fwp%2Fv2%2Fproduct_cat&post=49601"},{"taxonomy":"product_tag","embeddable":true,"href":"https:\/\/www.deporteseli.com\/index.php?rest_route=%2Fwp%2Fv2%2Fproduct_tag&post=49601"}],"curies":[{"name":"wp","href":"https:\/\/api.w.org\/{rel}","templated":true}]}}