{"id":49595,"date":"2026-01-27T22:30:54","date_gmt":"2026-01-27T22:30:54","guid":{"rendered":"https:\/\/www.deporteseli.com\/?product=camiseta-head-arturo-coello-sponsor-811615-bk"},"modified":"2026-04-07T04:18:24","modified_gmt":"2026-04-07T04:18:24","slug":"camiseta-head-arturo-coello-sponsor-811615-bk","status":"publish","type":"product","link":"https:\/\/www.deporteseli.com\/?product=camiseta-head-arturo-coello-sponsor-811615-bk","title":{"rendered":"CAMISETA HEAD ARTURO COELLO SPONSOR 811615 BK"},"content":{"rendered":"<p>La Camiseta de Head, inspirada en Arturo Coello, est\u00e1 confeccionada con un tejido t\u00e9cnico que favorece la transpiraci\u00f3n y se seca r\u00e1pidamente. Su dise\u00f1o ergon\u00f3mico y ventilaci\u00f3n estrat\u00e9gica garantizan un confort superior y una libertad de movimiento excepcional, ideal para quienes buscan dar lo mejor en la pista.                                                                                                                                                                                                                                                                                                                                                                                                                                                                                                                                                                                                                                                                                                                                                                                                                                                                                                                                                                                                                                        <\/p>\n","protected":false},"excerpt":{"rendered":"<p>CAMISETA HEAD ARTURO COELLO SPONSOR 811615 BK<\/p>\n","protected":false},"featured_media":61486,"template":"","meta":[],"product_brand":[],"product_cat":[364],"product_tag":[22],"class_list":{"0":"post-49595","1":"product","2":"type-product","3":"status-publish","4":"has-post-thumbnail","6":"product_cat-padel_y_tenis_textil_camisas","7":"product_tag-head","8":"pa_color-negro","9":"pa_talla-l","10":"pa_talla-m","11":"pa_talla-s","12":"pa_talla-xl","13":"pa_talla-xxl","14":"thunk-woo-product-list","15":"opn-qv-enable","16":"open-woo-hover-","17":"open-single-product-tab-horizontal","18":"open-shadow-","19":"open-shadow-hover-","21":"first","22":"instock","23":"shipping-taxable","24":"purchasable","25":"product-type-variable"},"jetpack_sharing_enabled":true,"_links":{"self":[{"href":"https:\/\/www.deporteseli.com\/index.php?rest_route=\/wp\/v2\/product\/49595","targetHints":{"allow":["GET"]}}],"collection":[{"href":"https:\/\/www.deporteseli.com\/index.php?rest_route=\/wp\/v2\/product"}],"about":[{"href":"https:\/\/www.deporteseli.com\/index.php?rest_route=\/wp\/v2\/types\/product"}],"wp:featuredmedia":[{"embeddable":true,"href":"https:\/\/www.deporteseli.com\/index.php?rest_route=\/wp\/v2\/media\/61486"}],"wp:attachment":[{"href":"https:\/\/www.deporteseli.com\/index.php?rest_route=%2Fwp%2Fv2%2Fmedia&parent=49595"}],"wp:term":[{"taxonomy":"product_brand","embeddable":true,"href":"https:\/\/www.deporteseli.com\/index.php?rest_route=%2Fwp%2Fv2%2Fproduct_brand&post=49595"},{"taxonomy":"product_cat","embeddable":true,"href":"https:\/\/www.deporteseli.com\/index.php?rest_route=%2Fwp%2Fv2%2Fproduct_cat&post=49595"},{"taxonomy":"product_tag","embeddable":true,"href":"https:\/\/www.deporteseli.com\/index.php?rest_route=%2Fwp%2Fv2%2Fproduct_tag&post=49595"}],"curies":[{"name":"wp","href":"https:\/\/api.w.org\/{rel}","templated":true}]}}