{"id":49591,"date":"2026-01-27T22:30:47","date_gmt":"2026-01-27T22:30:47","guid":{"rendered":"https:\/\/www.deporteseli.com\/?product=pala-head-222036-radical-pro-26"},"modified":"2026-04-18T04:19:59","modified_gmt":"2026-04-18T04:19:59","slug":"pala-head-222036-radical-pro-26","status":"publish","type":"product","link":"https:\/\/www.deporteseli.com\/?product=pala-head-222036-radical-pro-26","title":{"rendered":"PALA HEAD 222036 RADICAL PRO 26"},"content":{"rendered":"<p>Controla el juego a tu manera con la RADICAL PRO 2026. El modelo m\u00e1s pesado de la gama RADICAL, con un peso superior que maximiza la fuerza generada por el swing, se presenta en forma de l\u00e1grima para ofrecer versatilidad, adem\u00e1s de un equilibrio bajo que mejora el confort y facilita el movimiento. Creada para jugadores de competici\u00f3n con un estilo t\u00e1ctico, con esta pala es f\u00e1cil jugar a la hora de defender y, a la vez, es reactiva cuando se desea jugar m\u00e1s r\u00e1pido en la red para terminar los puntos.     Una capa doble de fibra de carbono en la superficie de golpeo aumenta la rigidez y la resistencia, lo que ofrece control y tacto. La nueva versi\u00f3n tambi\u00e9n incorpora un nuevo patr\u00f3n de perforaci\u00f3n que aumenta el control, adem\u00e1s de una espuma de control mejorada y la nueva tecnolog\u00eda Auxetic 2.0 para una sensaci\u00f3n de impacto excelente. Igualmente, la pala RADICAL PRO 2026, dise\u00f1ada con un estilo novedoso, cuenta con la nueva tecnolog\u00eda de tap\u00f3n blando con un sistema de cord\u00f3n intercambiable, conservando el material blando en el tap\u00f3n de la empu\u00f1adura.    \u00b7 Control radical para jugadores de competici\u00f3n con un estilo t\u00e1ctico, y que suelen controlan los tiempos de juego y el ritmo de la pelota  \u00b7 La pala m\u00e1s pesada de la serie RADICAL maximiza la fuerza generada por el swing del jugador   \u00b7 Su molde en forma de l\u00e1grima proporciona una mayor versatilidad  \u00b7 El balance bajo de la pala mejora la maniobrabilidad  \u00b7 Doble capa de fibra de carbono en la superficie de golpeo para m\u00e1s control y tacto  \u00b7 Nuevo patr\u00f3n de perforaci\u00f3n con el que se mejora el control y se ampl\u00eda el punto dulce  \u00b7 Espuma Control Foam mejorada lo que se traduce en una sensaci\u00f3n de impacto m\u00e1s estable  \u00b7 Nueva tecnolog\u00eda de tap\u00f3n blando con sistema de cord\u00f3n intercambiable  \u00b7 Tecnolog\u00eda Auxetic 2.0 para una potencia superior y una sensaci\u00f3n de impacto excepcional                                                                                                                                                                                                                                                                                                                                                                                                                                                                                                                                                                                                                                                                                                                                                                                                                                                                                                                                                                                                                                        <\/p>\n","protected":false},"excerpt":{"rendered":"<p>PALA HEAD 222036 RADICAL PRO 26<\/p>\n","protected":false},"featured_media":61479,"template":"","meta":[],"product_brand":[],"product_cat":[353],"product_tag":[22],"class_list":{"0":"post-49591","1":"product","2":"type-product","3":"status-publish","4":"has-post-thumbnail","6":"product_cat-padel_y_tenis_palas","7":"product_tag-head","8":"pa_color-unico","9":"pa_talla-unica","10":"thunk-woo-product-list","11":"opn-qv-enable","12":"open-woo-hover-","13":"open-single-product-tab-horizontal","14":"open-shadow-","15":"open-shadow-hover-","17":"first","18":"instock","19":"sale","20":"shipping-taxable","21":"purchasable","22":"product-type-variable"},"jetpack_sharing_enabled":true,"_links":{"self":[{"href":"https:\/\/www.deporteseli.com\/index.php?rest_route=\/wp\/v2\/product\/49591","targetHints":{"allow":["GET"]}}],"collection":[{"href":"https:\/\/www.deporteseli.com\/index.php?rest_route=\/wp\/v2\/product"}],"about":[{"href":"https:\/\/www.deporteseli.com\/index.php?rest_route=\/wp\/v2\/types\/product"}],"wp:featuredmedia":[{"embeddable":true,"href":"https:\/\/www.deporteseli.com\/index.php?rest_route=\/wp\/v2\/media\/61479"}],"wp:attachment":[{"href":"https:\/\/www.deporteseli.com\/index.php?rest_route=%2Fwp%2Fv2%2Fmedia&parent=49591"}],"wp:term":[{"taxonomy":"product_brand","embeddable":true,"href":"https:\/\/www.deporteseli.com\/index.php?rest_route=%2Fwp%2Fv2%2Fproduct_brand&post=49591"},{"taxonomy":"product_cat","embeddable":true,"href":"https:\/\/www.deporteseli.com\/index.php?rest_route=%2Fwp%2Fv2%2Fproduct_cat&post=49591"},{"taxonomy":"product_tag","embeddable":true,"href":"https:\/\/www.deporteseli.com\/index.php?rest_route=%2Fwp%2Fv2%2Fproduct_tag&post=49591"}],"curies":[{"name":"wp","href":"https:\/\/api.w.org\/{rel}","templated":true}]}}