{"id":49575,"date":"2026-01-27T22:30:27","date_gmt":"2026-01-27T22:30:27","guid":{"rendered":"https:\/\/www.deporteseli.com\/?product=guantes-adidas-jm1791"},"modified":"2026-03-22T05:19:25","modified_gmt":"2026-03-22T05:19:25","slug":"guantes-adidas-jm1791","status":"publish","type":"product","link":"https:\/\/www.deporteseli.com\/?product=guantes-adidas-jm1791","title":{"rendered":"GUANTES ADIDAS JM1791"},"content":{"rendered":"<p>Demuestra tu clase bajo los palos con estos guantes Copa Match de adidas para j\u00f3venes guardametas. Inspirados en el legado futbol\u00edstico de adidas, presentan un dorso flexible que te ofrece una total libertad de movimiento. Las varillas Fingersave en los dedos aportan rigidez para atrapar y lanzar el bal\u00f3n con confianza. La palma de l\u00e1tex con tecnolog\u00eda Soft Grip Pro te brinda un agarre seguro en cualquier condici\u00f3n.  Corte negativo hasta la mitad de los dedos.  Composici\u00f3n: 65% Poli\u00e9ster (reciclado) 35% Poliuretano.  Palma: l\u00e1tex con tecnolog\u00eda Soft Grip Pro.  Varillas Fingersave.  Correa alrededor de la mu\u00f1eca que la envuelve con media vuelta.                                                                                                                                                                                                                                                                                                                                                                                                                                                                                                                                                                                                                                                                                                                                                                                                                                                                                                                                                                                                                                        <\/p>\n","protected":false},"excerpt":{"rendered":"<p>GUANTES ADIDAS JM1791<\/p>\n","protected":false},"featured_media":61468,"template":"","meta":[],"product_brand":[],"product_cat":[322],"product_tag":[18],"class_list":{"0":"post-49575","1":"product","2":"type-product","3":"status-publish","4":"has-post-thumbnail","6":"product_cat-deportes_futbol_guantes_portero","7":"product_tag-adidas","8":"pa_color-unico","9":"pa_talla-168","10":"pa_talla-169","11":"pa_talla-170","12":"pa_talla-171","13":"thunk-woo-product-list","14":"opn-qv-enable","15":"open-woo-hover-","16":"open-single-product-tab-horizontal","17":"open-shadow-","18":"open-shadow-hover-","20":"first","21":"instock","22":"shipping-taxable","23":"purchasable","24":"product-type-variable"},"jetpack_sharing_enabled":true,"_links":{"self":[{"href":"https:\/\/www.deporteseli.com\/index.php?rest_route=\/wp\/v2\/product\/49575","targetHints":{"allow":["GET"]}}],"collection":[{"href":"https:\/\/www.deporteseli.com\/index.php?rest_route=\/wp\/v2\/product"}],"about":[{"href":"https:\/\/www.deporteseli.com\/index.php?rest_route=\/wp\/v2\/types\/product"}],"wp:featuredmedia":[{"embeddable":true,"href":"https:\/\/www.deporteseli.com\/index.php?rest_route=\/wp\/v2\/media\/61468"}],"wp:attachment":[{"href":"https:\/\/www.deporteseli.com\/index.php?rest_route=%2Fwp%2Fv2%2Fmedia&parent=49575"}],"wp:term":[{"taxonomy":"product_brand","embeddable":true,"href":"https:\/\/www.deporteseli.com\/index.php?rest_route=%2Fwp%2Fv2%2Fproduct_brand&post=49575"},{"taxonomy":"product_cat","embeddable":true,"href":"https:\/\/www.deporteseli.com\/index.php?rest_route=%2Fwp%2Fv2%2Fproduct_cat&post=49575"},{"taxonomy":"product_tag","embeddable":true,"href":"https:\/\/www.deporteseli.com\/index.php?rest_route=%2Fwp%2Fv2%2Fproduct_tag&post=49575"}],"curies":[{"name":"wp","href":"https:\/\/api.w.org\/{rel}","templated":true}]}}