{"id":49569,"date":"2026-01-27T22:30:18","date_gmt":"2026-01-27T22:30:18","guid":{"rendered":"https:\/\/www.deporteseli.com\/?product=raqueta-head-231025-radical-team"},"modified":"2026-01-27T22:30:20","modified_gmt":"2026-01-27T22:30:20","slug":"raqueta-head-231025-radical-team","status":"publish","type":"product","link":"https:\/\/www.deporteseli.com\/?product=raqueta-head-231025-radical-team","title":{"rendered":"RAQUETA HEAD 231025 RADICAL TEAM"},"content":{"rendered":"<p>Para ofrecer m\u00e1s estabilidad y efecto, y una sensaci\u00f3n de impacto definida, la nueva generaci\u00f3n de la RADICAL TEAM se ha renovado con la nueva e innovadora tecnolog\u00eda Auxetic 2.0.Los jugadores TEAM de todo tipo de superficies podr\u00e1n disfrutar de una combinaci\u00f3n moderna de control, efecto y potencia con esta vers\u00e1til raqueta, que es m\u00e1s ligera, tiene la cabeza m\u00e1s grande y ofrece m\u00e1s potencia que otros modelos de la serie RADICAL.Las exclusivas tecnolog\u00edas incluyen sound grommets, que aumentan tu potencia gracias a un mayor movimiento de las cuerdas, optimizando, al mismo tiempo, el sonido y las vibraciones.Si te gusta jugar en todo tipo de superficies, te encantar\u00e1 la RADICAL TEAM, con grafeno en el marco, una secci\u00f3n transversal del perfil variable, que aporta un equilibrio de control, efecto y potencia, y un patr\u00f3n de encordado 16\/19 din\u00e1mico.Conocida como \u201cLa raqueta de la gente\u201d, la serie RADICAL presenta un nuevo dise\u00f1o llamativo y asim\u00e9trico.    \u00b7 Innovadora tecnolog\u00eda Auxetic 2.0 que ofrece m\u00e1s estabilidad y efecto, y una sensaci\u00f3n de impacto definida  \u00b7 Raqueta de gran versatilidad para jugadores de equipo de todo tipo de superficies\u00b7 Combinaci\u00f3n moderna de control, efecto y potencia   \u00b7 Efecto: te permite alcanzar altos niveles de control   \u00b7 Nuevo dise\u00f1o llamativo y asim\u00e9trico  Detalles  Weight (unstrung)  280 g \/ 9.9 oz  String Pattern  16\/19  Tama\u00f1o de cabeza  660 cm\u00b2 \/ 102 in\u00b2  Equilibrio  320 mm \/ 1 in HL  Longitud  685 mm \/ 27.0 in  Beam  22\/25\/23 mm                                                                                                                                                                                                                                                                                                                                                                                                                                                                                                                                                                                                                                                                                                                                                                                                                                                                                                                                                                                                                                        <\/p>\n","protected":false},"excerpt":{"rendered":"<p>RAQUETA HEAD 231025 RADICAL TEAM<\/p>\n","protected":false},"featured_media":61455,"template":"","meta":[],"product_brand":[],"product_cat":[348],"product_tag":[22],"class_list":{"0":"post-49569","1":"product","2":"type-product","3":"status-publish","4":"has-post-thumbnail","6":"product_cat-deportes_tenis","7":"product_tag-head","8":"pa_color-unico","9":"pa_talla-unica","10":"thunk-woo-product-list","11":"opn-qv-enable","12":"open-woo-hover-","13":"open-single-product-tab-horizontal","14":"open-shadow-","15":"open-shadow-hover-","17":"first","18":"instock","19":"sale","20":"shipping-taxable","21":"purchasable","22":"product-type-variable"},"jetpack_sharing_enabled":true,"_links":{"self":[{"href":"https:\/\/www.deporteseli.com\/index.php?rest_route=\/wp\/v2\/product\/49569","targetHints":{"allow":["GET"]}}],"collection":[{"href":"https:\/\/www.deporteseli.com\/index.php?rest_route=\/wp\/v2\/product"}],"about":[{"href":"https:\/\/www.deporteseli.com\/index.php?rest_route=\/wp\/v2\/types\/product"}],"wp:featuredmedia":[{"embeddable":true,"href":"https:\/\/www.deporteseli.com\/index.php?rest_route=\/wp\/v2\/media\/61455"}],"wp:attachment":[{"href":"https:\/\/www.deporteseli.com\/index.php?rest_route=%2Fwp%2Fv2%2Fmedia&parent=49569"}],"wp:term":[{"taxonomy":"product_brand","embeddable":true,"href":"https:\/\/www.deporteseli.com\/index.php?rest_route=%2Fwp%2Fv2%2Fproduct_brand&post=49569"},{"taxonomy":"product_cat","embeddable":true,"href":"https:\/\/www.deporteseli.com\/index.php?rest_route=%2Fwp%2Fv2%2Fproduct_cat&post=49569"},{"taxonomy":"product_tag","embeddable":true,"href":"https:\/\/www.deporteseli.com\/index.php?rest_route=%2Fwp%2Fv2%2Fproduct_tag&post=49569"}],"curies":[{"name":"wp","href":"https:\/\/api.w.org\/{rel}","templated":true}]}}