{"id":49561,"date":"2026-01-27T22:30:09","date_gmt":"2026-01-27T22:30:09","guid":{"rendered":"https:\/\/www.deporteseli.com\/?product=tenis-reebok-100227733-trainer"},"modified":"2026-03-19T12:26:50","modified_gmt":"2026-03-19T12:26:50","slug":"tenis-reebok-100227733-trainer","status":"publish","type":"product","link":"https:\/\/www.deporteseli.com\/?product=tenis-reebok-100227733-trainer","title":{"rendered":"TENIS REEBOK 100227733 TRAINER"},"content":{"rendered":"<p>La Reebok NFX Trainer es el Bueno frente al Mejor de nuestra Nano: una zapatilla de entrenamiento vers\u00e1til dise\u00f1ada para acompa\u00f1arte desde las rutinas matutinas hasta los entrenamientos nocturnos. Con un enfoque en el dise\u00f1o ic\u00f3nico de Reebok y la comodidad durante todo el d\u00eda, ofrece un rendimiento confiable a un precio accesible. La parte superior de malla ligera brinda transpirabilidad y soporte, mientras que la suela de goma duradera garantiza una tracci\u00f3n segura en diversas superficies. Terminada en una elegante combinaci\u00f3n de negro y gris, esta zapatilla combina practicidad diaria con un estilo deportivo atemporal.                                                                                                                                                                                                                                                                                                                                                                                                                                                                                                                                                                                                                                                                                                                                                                                                                                                                                                                                                                                                                                        <\/p>\n","protected":false},"excerpt":{"rendered":"<p>TENIS REEBOK 100227733 TRAINER<\/p>\n","protected":false},"featured_media":61451,"template":"","meta":[],"product_brand":[],"product_cat":[340],"product_tag":[41],"class_list":{"0":"post-49561","1":"product","2":"type-product","3":"status-publish","4":"has-post-thumbnail","6":"product_cat-deportes_gimnasio","7":"product_tag-reebok","8":"pa_color-unico","9":"pa_talla-141","10":"pa_talla-143","11":"pa_talla-37-5","12":"pa_talla-145","13":"pa_talla-38-5","14":"pa_talla-147","15":"pa_talla-149","16":"thunk-woo-product-list","17":"opn-qv-enable","18":"open-woo-hover-","19":"open-single-product-tab-horizontal","20":"open-shadow-","21":"open-shadow-hover-","23":"first","24":"instock","25":"shipping-taxable","26":"purchasable","27":"product-type-variable"},"jetpack_sharing_enabled":true,"_links":{"self":[{"href":"https:\/\/www.deporteseli.com\/index.php?rest_route=\/wp\/v2\/product\/49561","targetHints":{"allow":["GET"]}}],"collection":[{"href":"https:\/\/www.deporteseli.com\/index.php?rest_route=\/wp\/v2\/product"}],"about":[{"href":"https:\/\/www.deporteseli.com\/index.php?rest_route=\/wp\/v2\/types\/product"}],"wp:featuredmedia":[{"embeddable":true,"href":"https:\/\/www.deporteseli.com\/index.php?rest_route=\/wp\/v2\/media\/61451"}],"wp:attachment":[{"href":"https:\/\/www.deporteseli.com\/index.php?rest_route=%2Fwp%2Fv2%2Fmedia&parent=49561"}],"wp:term":[{"taxonomy":"product_brand","embeddable":true,"href":"https:\/\/www.deporteseli.com\/index.php?rest_route=%2Fwp%2Fv2%2Fproduct_brand&post=49561"},{"taxonomy":"product_cat","embeddable":true,"href":"https:\/\/www.deporteseli.com\/index.php?rest_route=%2Fwp%2Fv2%2Fproduct_cat&post=49561"},{"taxonomy":"product_tag","embeddable":true,"href":"https:\/\/www.deporteseli.com\/index.php?rest_route=%2Fwp%2Fv2%2Fproduct_tag&post=49561"}],"curies":[{"name":"wp","href":"https:\/\/api.w.org\/{rel}","templated":true}]}}