{"id":49555,"date":"2026-01-27T22:30:01","date_gmt":"2026-01-27T22:30:01","guid":{"rendered":"https:\/\/www.deporteseli.com\/?product=tenis-reebok-100228066-trainer"},"modified":"2026-03-19T12:27:25","modified_gmt":"2026-03-19T12:27:25","slug":"tenis-reebok-100228066-trainer","status":"publish","type":"product","link":"https:\/\/www.deporteseli.com\/?product=tenis-reebok-100228066-trainer","title":{"rendered":"TENIS REEBOK 100228066 TRAINER"},"content":{"rendered":"<p>Zapatillas NFX TRAINER. Haz que tus entrenamientos sean m\u00e1s c\u00f3modos y efectivos con las zapatillas NFX Trainer. La parte superior de malla ligera garantiza una circulaci\u00f3n de aire constante alrededor del pie, lo que ayuda a prevenir el sobrecalentamiento. Las almohadillas laterales especiales ayudan a mantener el pie en la posici\u00f3n correcta. La suela exterior de goma con almohadillas laterales es muy duradera y garantiza la m\u00e1xima tracci\u00f3n, tanto en la suela exterior como en los laterales. La entresuela de espuma amortigua eficazmente el impacto del salto. La tecnolog\u00eda de plantilla Ortholite garantiza una ventilaci\u00f3n fluida y un tratamiento antibacteriano previene el mal olor en el interior de la zapatilla. Composici\u00f3n: Textil.                                                                                                                                                                                                                                                                                                                                                                                                                                                                                                                                                                                                                                                                                                                                                                                                                                                                                                                                                                                                                                        <\/p>\n","protected":false},"excerpt":{"rendered":"<p>TENIS REEBOK 100228066 TRAINER<\/p>\n","protected":false},"featured_media":61446,"template":"","meta":[],"product_brand":[],"product_cat":[340],"product_tag":[41],"class_list":{"0":"post-49555","1":"product","2":"type-product","3":"status-publish","4":"has-post-thumbnail","6":"product_cat-deportes_gimnasio","7":"product_tag-reebok","8":"pa_color-unico","9":"pa_talla-151","10":"pa_talla-153","11":"pa_talla-155","12":"pa_talla-44-5","13":"pa_talla-159","14":"thunk-woo-product-list","15":"opn-qv-enable","16":"open-woo-hover-","17":"open-single-product-tab-horizontal","18":"open-shadow-","19":"open-shadow-hover-","21":"first","22":"instock","23":"shipping-taxable","24":"purchasable","25":"product-type-variable"},"jetpack_sharing_enabled":true,"_links":{"self":[{"href":"https:\/\/www.deporteseli.com\/index.php?rest_route=\/wp\/v2\/product\/49555","targetHints":{"allow":["GET"]}}],"collection":[{"href":"https:\/\/www.deporteseli.com\/index.php?rest_route=\/wp\/v2\/product"}],"about":[{"href":"https:\/\/www.deporteseli.com\/index.php?rest_route=\/wp\/v2\/types\/product"}],"wp:featuredmedia":[{"embeddable":true,"href":"https:\/\/www.deporteseli.com\/index.php?rest_route=\/wp\/v2\/media\/61446"}],"wp:attachment":[{"href":"https:\/\/www.deporteseli.com\/index.php?rest_route=%2Fwp%2Fv2%2Fmedia&parent=49555"}],"wp:term":[{"taxonomy":"product_brand","embeddable":true,"href":"https:\/\/www.deporteseli.com\/index.php?rest_route=%2Fwp%2Fv2%2Fproduct_brand&post=49555"},{"taxonomy":"product_cat","embeddable":true,"href":"https:\/\/www.deporteseli.com\/index.php?rest_route=%2Fwp%2Fv2%2Fproduct_cat&post=49555"},{"taxonomy":"product_tag","embeddable":true,"href":"https:\/\/www.deporteseli.com\/index.php?rest_route=%2Fwp%2Fv2%2Fproduct_tag&post=49555"}],"curies":[{"name":"wp","href":"https:\/\/api.w.org\/{rel}","templated":true}]}}