{"id":49548,"date":"2026-01-27T22:29:53","date_gmt":"2026-01-27T22:29:53","guid":{"rendered":"https:\/\/www.deporteseli.com\/?product=tenis-joma-ultra-light-lady"},"modified":"2026-02-16T08:09:27","modified_gmt":"2026-02-16T08:09:27","slug":"tenis-joma-ultra-light-lady","status":"publish","type":"product","link":"https:\/\/www.deporteseli.com\/?product=tenis-joma-ultra-light-lady","title":{"rendered":"TENIS JOMA ULTRA LIGHT LADY"},"content":{"rendered":"<p>Descripci\u00f3n  Nueva zapatilla de P\u00e1del de alta gama, dise\u00f1ada para quienes buscan la ligereza sin perder estabilidad y protecci\u00f3n. Modelo de mujer    La mediasuela cuenta con doble densidad. Un phylon superior para un retorno de energ\u00eda excepcional y REACTIVE BALL en la parte inferior, que ofrece una amortiguaci\u00f3n y una reactividad superior. Este dise\u00f1o no solo proporciona estabilidad en los movimientos laterales, sino que tambi\u00e9n optimiza los arranques y frenazos din\u00e1micos.    Upper confeccionado con mesh transpirable, cuenta con el sistema de ventilaci\u00f3n VTS permite el flujo de aire y mantiene fresco el pie dentro del calzado. Por otro lado, el refuerzo termosellado PROTECTION de la parte eleva la durabilidad y protege la zona. Ajuste asegurado gracias al sistema ergon\u00f3mico de la cordonera.    Cuenta con la tecnolog\u00eda STABILIS situada en el enfranque, es una pieza semirr\u00edgida de material termopl\u00e1stico dise\u00f1ada para mejorar la estabilidad de las zapatillas, reduciendo el riesgo de torsiones y ayudando a prevenir lesiones. Proporciona un soporte extra en los movimientos laterales de este deporte.    Suela Omni de caucho DURABILITY, formada por peque\u00f1os tacos circulares para mejorar la durabilidad en superficies duras. Facilita los deslizamientos para llegar m\u00e1s r\u00e1pido a la pelota.    Leer m\u00e1s  Caracter\u00edsticas  Corte transpirable gracias al sistema de ventilaci\u00f3n VTS  Mediasuela con doble phylon DUAL REACTIVE con REACTIVE BALL  Suela DURABILITY con STABILIS  Refuerzo PROTECTION  Informaci\u00f3n t\u00e9cnica  Intensidad de uso: entrenamiento y competici\u00f3n  Rendimiento: alto premium                                                                                                                                                                                                                                                                                                                                                                                                                                                                                                                                                                                                                                                                                                                                                                                                                                                                                                                                                                                                                                        <\/p>\n","protected":false},"excerpt":{"rendered":"<p>TENIS JOMA ULTRA LIGHT LADY<\/p>\n","protected":false},"featured_media":61445,"template":"","meta":[],"product_brand":[],"product_cat":[371],"product_tag":[31],"class_list":{"0":"post-49548","1":"product","2":"type-product","3":"status-publish","4":"has-post-thumbnail","6":"product_cat-padel_y_tenis_calzado","7":"product_tag-joma","8":"pa_color-unico","9":"pa_talla-143","10":"pa_talla-145","11":"pa_talla-147","12":"pa_talla-149","13":"pa_talla-40-5","14":"pa_talla-151","15":"thunk-woo-product-list","16":"opn-qv-enable","17":"open-woo-hover-","18":"open-single-product-tab-horizontal","19":"open-shadow-","20":"open-shadow-hover-","22":"first","23":"instock","24":"sale","25":"shipping-taxable","26":"purchasable","27":"product-type-variable"},"jetpack_sharing_enabled":true,"_links":{"self":[{"href":"https:\/\/www.deporteseli.com\/index.php?rest_route=\/wp\/v2\/product\/49548","targetHints":{"allow":["GET"]}}],"collection":[{"href":"https:\/\/www.deporteseli.com\/index.php?rest_route=\/wp\/v2\/product"}],"about":[{"href":"https:\/\/www.deporteseli.com\/index.php?rest_route=\/wp\/v2\/types\/product"}],"wp:featuredmedia":[{"embeddable":true,"href":"https:\/\/www.deporteseli.com\/index.php?rest_route=\/wp\/v2\/media\/61445"}],"wp:attachment":[{"href":"https:\/\/www.deporteseli.com\/index.php?rest_route=%2Fwp%2Fv2%2Fmedia&parent=49548"}],"wp:term":[{"taxonomy":"product_brand","embeddable":true,"href":"https:\/\/www.deporteseli.com\/index.php?rest_route=%2Fwp%2Fv2%2Fproduct_brand&post=49548"},{"taxonomy":"product_cat","embeddable":true,"href":"https:\/\/www.deporteseli.com\/index.php?rest_route=%2Fwp%2Fv2%2Fproduct_cat&post=49548"},{"taxonomy":"product_tag","embeddable":true,"href":"https:\/\/www.deporteseli.com\/index.php?rest_route=%2Fwp%2Fv2%2Fproduct_tag&post=49548"}],"curies":[{"name":"wp","href":"https:\/\/api.w.org\/{rel}","templated":true}]}}