{"id":49538,"date":"2026-01-27T22:29:40","date_gmt":"2026-01-27T22:29:40","guid":{"rendered":"https:\/\/www.deporteseli.com\/?product=tenis-joma-vitaly-2633"},"modified":"2026-04-18T04:19:57","modified_gmt":"2026-04-18T04:19:57","slug":"tenis-joma-vitaly-2633","status":"publish","type":"product","link":"https:\/\/www.deporteseli.com\/?product=tenis-joma-vitaly-2633","title":{"rendered":"TENIS JOMA VITALY 2633"},"content":{"rendered":"<p>Descripci\u00f3n:  Zapatillas de running para hombre  Ideales para tus entrenamientos  Especialmente recomendadas para un entrenamiento ligero con buena amortiguaci\u00f3n  Destinadas a corredores de peso medio-alto, con pisada neutra que se est\u00e1n iniciando en el running  Nunca olvidar\u00e1s las zapatillas con la que corriste tus primeros kil\u00f3metros  El corte est\u00e1 fabricado en nylon transpirable y micro PU  La suela es de caucho con abrasi\u00f3n DIN-90  La plantilla es de EVA lisa y la palmilla EVA natural                                                                                                                                                                                                                                                                                                                                                                                                                                                                                                                                                                                                                                                                                                                                                                                                                                                                                                                                                                                                                                        <\/p>\n","protected":false},"excerpt":{"rendered":"<p>TENIS JOMA VITALY 2633<\/p>\n","protected":false},"featured_media":61443,"template":"","meta":[],"product_brand":[],"product_cat":[285],"product_tag":[31],"class_list":{"0":"post-49538","1":"product","2":"type-product","3":"status-publish","4":"has-post-thumbnail","6":"product_cat-mujer_calzado_running","7":"product_tag-joma","8":"pa_color-unico","9":"pa_talla-141","10":"pa_talla-143","11":"pa_talla-145","12":"pa_talla-147","13":"pa_talla-149","14":"pa_talla-151","15":"thunk-woo-product-list","16":"opn-qv-enable","17":"open-woo-hover-","18":"open-single-product-tab-horizontal","19":"open-shadow-","20":"open-shadow-hover-","22":"first","23":"instock","24":"shipping-taxable","25":"purchasable","26":"product-type-variable"},"jetpack_sharing_enabled":true,"_links":{"self":[{"href":"https:\/\/www.deporteseli.com\/index.php?rest_route=\/wp\/v2\/product\/49538","targetHints":{"allow":["GET"]}}],"collection":[{"href":"https:\/\/www.deporteseli.com\/index.php?rest_route=\/wp\/v2\/product"}],"about":[{"href":"https:\/\/www.deporteseli.com\/index.php?rest_route=\/wp\/v2\/types\/product"}],"wp:featuredmedia":[{"embeddable":true,"href":"https:\/\/www.deporteseli.com\/index.php?rest_route=\/wp\/v2\/media\/61443"}],"wp:attachment":[{"href":"https:\/\/www.deporteseli.com\/index.php?rest_route=%2Fwp%2Fv2%2Fmedia&parent=49538"}],"wp:term":[{"taxonomy":"product_brand","embeddable":true,"href":"https:\/\/www.deporteseli.com\/index.php?rest_route=%2Fwp%2Fv2%2Fproduct_brand&post=49538"},{"taxonomy":"product_cat","embeddable":true,"href":"https:\/\/www.deporteseli.com\/index.php?rest_route=%2Fwp%2Fv2%2Fproduct_cat&post=49538"},{"taxonomy":"product_tag","embeddable":true,"href":"https:\/\/www.deporteseli.com\/index.php?rest_route=%2Fwp%2Fv2%2Fproduct_tag&post=49538"}],"curies":[{"name":"wp","href":"https:\/\/api.w.org\/{rel}","templated":true}]}}