{"id":49528,"date":"2026-01-27T22:29:27","date_gmt":"2026-01-27T22:29:27","guid":{"rendered":"https:\/\/www.deporteseli.com\/?product=falda-bullpadel-pasau-crudo"},"modified":"2026-03-07T06:49:33","modified_gmt":"2026-03-07T06:49:33","slug":"falda-bullpadel-pasau-crudo","status":"publish","type":"product","link":"https:\/\/www.deporteseli.com\/?product=falda-bullpadel-pasau-crudo","title":{"rendered":"FALDA BULLPADEL PASAU CRUDO"},"content":{"rendered":"<p>Falda t\u00e9cnica de la l\u00ednea Premier Padel.    Mu\u00e9vete con total libertad y estilo con esta falda confeccionada en tejido de nylon con elast\u00e1n, que ofrece m\u00e1xima elasticidad y confort en cada punto. Incorpora tecnolog\u00eda Drylum, un acabado de secado r\u00e1pido que reduce la humedad y mantiene la piel seca incluso en los momentos de mayor exigencia. Dise\u00f1ada con cinturilla Sculp que moldea la silueta, pieza a contraste en el lateral, abertura delantera para mayor movilidad y malla interior que aporta sujeci\u00f3n y comodidad.    Completa su dise\u00f1o con los gr\u00e1ficos oficiales de Premier Padel, combinando rendimiento, ajuste y estilo profesional en una sola prenda.                                                                                                                                                                                                                                                                                                                                                                                                                                                                                                                                                                                                                                                                                                                                                                                                                                                                                                                                                                                                                                        <\/p>\n","protected":false},"excerpt":{"rendered":"<p>FALDA BULLPADEL PASAU CRUDO<\/p>\n","protected":false},"featured_media":61431,"template":"","meta":[],"product_brand":[],"product_cat":[366],"product_tag":[21],"class_list":{"0":"post-49528","1":"product","2":"type-product","3":"status-publish","4":"has-post-thumbnail","6":"product_cat-padel_y_tenis_textil_faldas","7":"product_tag-bull_padel","8":"pa_color-unico","9":"pa_talla-l","10":"pa_talla-m","11":"pa_talla-s","12":"thunk-woo-product-list","13":"opn-qv-enable","14":"open-woo-hover-","15":"open-single-product-tab-horizontal","16":"open-shadow-","17":"open-shadow-hover-","19":"first","20":"instock","21":"shipping-taxable","22":"purchasable","23":"product-type-variable"},"jetpack_sharing_enabled":true,"_links":{"self":[{"href":"https:\/\/www.deporteseli.com\/index.php?rest_route=\/wp\/v2\/product\/49528","targetHints":{"allow":["GET"]}}],"collection":[{"href":"https:\/\/www.deporteseli.com\/index.php?rest_route=\/wp\/v2\/product"}],"about":[{"href":"https:\/\/www.deporteseli.com\/index.php?rest_route=\/wp\/v2\/types\/product"}],"wp:featuredmedia":[{"embeddable":true,"href":"https:\/\/www.deporteseli.com\/index.php?rest_route=\/wp\/v2\/media\/61431"}],"wp:attachment":[{"href":"https:\/\/www.deporteseli.com\/index.php?rest_route=%2Fwp%2Fv2%2Fmedia&parent=49528"}],"wp:term":[{"taxonomy":"product_brand","embeddable":true,"href":"https:\/\/www.deporteseli.com\/index.php?rest_route=%2Fwp%2Fv2%2Fproduct_brand&post=49528"},{"taxonomy":"product_cat","embeddable":true,"href":"https:\/\/www.deporteseli.com\/index.php?rest_route=%2Fwp%2Fv2%2Fproduct_cat&post=49528"},{"taxonomy":"product_tag","embeddable":true,"href":"https:\/\/www.deporteseli.com\/index.php?rest_route=%2Fwp%2Fv2%2Fproduct_tag&post=49528"}],"curies":[{"name":"wp","href":"https:\/\/api.w.org\/{rel}","templated":true}]}}