{"id":49520,"date":"2026-01-27T22:29:16","date_gmt":"2026-01-27T22:29:16","guid":{"rendered":"https:\/\/www.deporteseli.com\/?product=camiseta-bullpadel-pirac-crudo"},"modified":"2026-03-07T06:49:25","modified_gmt":"2026-03-07T06:49:25","slug":"camiseta-bullpadel-pirac-crudo","status":"publish","type":"product","link":"https:\/\/www.deporteseli.com\/?product=camiseta-bullpadel-pirac-crudo","title":{"rendered":"CAMISETA BULLPADEL PIRAC CRUDO"},"content":{"rendered":"<p>Camiseta t\u00e9cnica sin mangas de la l\u00ednea Premier Padel.    Dise\u00f1ada para ofrecer un m\u00e1ximo rendimiento y gran libertad de movimiento, esta camiseta sin mangas est\u00e1 confeccionada en tejido de nylon con elast\u00e1n, que aporta ligereza, elasticidad y confort superior. La tecnolog\u00eda Drylum garantiza un secado r\u00e1pido y excelente transpirabilidad, manteniendo la piel fresca incluso en los entrenamientos m\u00e1s intensos. Su dise\u00f1o asim\u00e9trico presenta un corte inclinado a contraste sobre los hombros, una banda gr\u00e1fica personalizada en el lateral izquierdo, y una silueta ajustada realza el estilo deportivo. El perforado l\u00e1ser en la espalda mejora la ventilaci\u00f3n, mientras que los gr\u00e1ficos exclusivos de Premier Padel ponen el sello de autenticidad y alto rendimiento.                                                                                                                                                                                                                                                                                                                                                                                                                                                                                                                                                                                                                                                                                                                                                                                                                                                                                                                                                                                                                                        <\/p>\n","protected":false},"excerpt":{"rendered":"<p>CAMISETA BULLPADEL PIRAC CRUDO<\/p>\n","protected":false},"featured_media":61419,"template":"","meta":[],"product_brand":[],"product_cat":[364],"product_tag":[21],"class_list":{"0":"post-49520","1":"product","2":"type-product","3":"status-publish","4":"has-post-thumbnail","6":"product_cat-padel_y_tenis_textil_camisas","7":"product_tag-bull_padel","8":"pa_color-unico","9":"pa_talla-l","10":"pa_talla-m","11":"pa_talla-s","12":"thunk-woo-product-list","13":"opn-qv-enable","14":"open-woo-hover-","15":"open-single-product-tab-horizontal","16":"open-shadow-","17":"open-shadow-hover-","19":"first","20":"instock","21":"shipping-taxable","22":"purchasable","23":"product-type-variable"},"jetpack_sharing_enabled":true,"_links":{"self":[{"href":"https:\/\/www.deporteseli.com\/index.php?rest_route=\/wp\/v2\/product\/49520","targetHints":{"allow":["GET"]}}],"collection":[{"href":"https:\/\/www.deporteseli.com\/index.php?rest_route=\/wp\/v2\/product"}],"about":[{"href":"https:\/\/www.deporteseli.com\/index.php?rest_route=\/wp\/v2\/types\/product"}],"wp:featuredmedia":[{"embeddable":true,"href":"https:\/\/www.deporteseli.com\/index.php?rest_route=\/wp\/v2\/media\/61419"}],"wp:attachment":[{"href":"https:\/\/www.deporteseli.com\/index.php?rest_route=%2Fwp%2Fv2%2Fmedia&parent=49520"}],"wp:term":[{"taxonomy":"product_brand","embeddable":true,"href":"https:\/\/www.deporteseli.com\/index.php?rest_route=%2Fwp%2Fv2%2Fproduct_brand&post=49520"},{"taxonomy":"product_cat","embeddable":true,"href":"https:\/\/www.deporteseli.com\/index.php?rest_route=%2Fwp%2Fv2%2Fproduct_cat&post=49520"},{"taxonomy":"product_tag","embeddable":true,"href":"https:\/\/www.deporteseli.com\/index.php?rest_route=%2Fwp%2Fv2%2Fproduct_tag&post=49520"}],"curies":[{"name":"wp","href":"https:\/\/api.w.org\/{rel}","templated":true}]}}