{"id":49506,"date":"2026-01-27T22:28:58","date_gmt":"2026-01-27T22:28:58","guid":{"rendered":"https:\/\/www.deporteseli.com\/?product=neceser-bullpadel-bpn26012-hack-negro"},"modified":"2026-01-27T22:29:00","modified_gmt":"2026-01-27T22:29:00","slug":"neceser-bullpadel-bpn26012-hack-negro","status":"publish","type":"product","link":"https:\/\/www.deporteseli.com\/?product=neceser-bullpadel-bpn26012-hack-negro","title":{"rendered":"NECESER BULLPADEL BPN26012 HACK NEGRO"},"content":{"rendered":"<p>El neceser se convierte en accesorio ideal para completar tu equipaci\u00f3n.  Estos neceseres se convierten en el complemento perfecto para las nuevas palas de nuestros jugadores. Presenta un dise\u00f1o personalizado con el logo y la firma oficial de cada jugador,  y ofrece un tama\u00f1o medio muy pr\u00e1ctico para el d\u00eda a d\u00eda.  Incluye dos cremalleras que facilitan el acceso al compartimento principal, adem\u00e1s de un bolsillo lateral adicional para peque\u00f1os accesorios. Su asa reforzada permite transportarlo c\u00f3modamente o colgarlo cuando lo necesites.  Un neceser funcional, resistente y con el estilo exclusivo de nuestros jugadores profesionales. Personalizado con la firma de Paquito Navarro.                                                                                                                                                                                                                                                                                                                                                                                                                                                                                                                                                                                                                                                                                                                                                                                                                                                                                                                                                                                                                                        <\/p>\n","protected":false},"excerpt":{"rendered":"<p>NECESER BULLPADEL BPN26012 HACK NEGRO<\/p>\n","protected":false},"featured_media":61391,"template":"","meta":[],"product_brand":[],"product_cat":[355],"product_tag":[21],"class_list":{"0":"post-49506","1":"product","2":"type-product","3":"status-publish","4":"has-post-thumbnail","6":"product_cat-padel_y_tenis_mochilas","7":"product_tag-bull_padel","8":"pa_color-unico","9":"pa_talla-unica","10":"thunk-woo-product-list","11":"opn-qv-enable","12":"open-woo-hover-","13":"open-single-product-tab-horizontal","14":"open-shadow-","15":"open-shadow-hover-","17":"first","18":"instock","19":"shipping-taxable","20":"purchasable","21":"product-type-variable"},"jetpack_sharing_enabled":true,"_links":{"self":[{"href":"https:\/\/www.deporteseli.com\/index.php?rest_route=\/wp\/v2\/product\/49506","targetHints":{"allow":["GET"]}}],"collection":[{"href":"https:\/\/www.deporteseli.com\/index.php?rest_route=\/wp\/v2\/product"}],"about":[{"href":"https:\/\/www.deporteseli.com\/index.php?rest_route=\/wp\/v2\/types\/product"}],"wp:featuredmedia":[{"embeddable":true,"href":"https:\/\/www.deporteseli.com\/index.php?rest_route=\/wp\/v2\/media\/61391"}],"wp:attachment":[{"href":"https:\/\/www.deporteseli.com\/index.php?rest_route=%2Fwp%2Fv2%2Fmedia&parent=49506"}],"wp:term":[{"taxonomy":"product_brand","embeddable":true,"href":"https:\/\/www.deporteseli.com\/index.php?rest_route=%2Fwp%2Fv2%2Fproduct_brand&post=49506"},{"taxonomy":"product_cat","embeddable":true,"href":"https:\/\/www.deporteseli.com\/index.php?rest_route=%2Fwp%2Fv2%2Fproduct_cat&post=49506"},{"taxonomy":"product_tag","embeddable":true,"href":"https:\/\/www.deporteseli.com\/index.php?rest_route=%2Fwp%2Fv2%2Fproduct_tag&post=49506"}],"curies":[{"name":"wp","href":"https:\/\/api.w.org\/{rel}","templated":true}]}}