{"id":49479,"date":"2026-01-27T22:28:21","date_gmt":"2026-01-27T22:28:21","guid":{"rendered":"https:\/\/www.deporteseli.com\/?product=gel-dedicate-8"},"modified":"2026-03-19T05:19:53","modified_gmt":"2026-03-19T05:19:53","slug":"gel-dedicate-8","status":"publish","type":"product","link":"https:\/\/www.deporteseli.com\/?product=gel-dedicate-8","title":{"rendered":"GEL-DEDICATE 8"},"content":{"rendered":"<p>Gel-Dedicate 8 Zapatilla Todas Las Superficies Hombres-Blanco,Negro  Sensaci\u00f3n y rendimiento en una sola zapatilla  La zapatilla de tenis GEL-DEDICATE 8 ofrece una buena estabilidad y una sensaci\u00f3n de flexibilidad para centrar la mente durante el juego. La parte superior de esta zapatilla presenta superposiciones de piel sint\u00e9tica que mejoran la sujeci\u00f3n. Mantienen el pie firmemente sujeto durante los cambios de direcci\u00f3n y las carreras exigentes. La unidad de soporte TRUSSTIC y la suela envolvente mejoran la estabilidad a la vez que proporcionan libertad de movimiento a tus pies. Esto te permite cambiar de direcci\u00f3n con confianza, especialmente cuando te mueves de lado a lado.    Las caracter\u00edsticas m\u00e1s destacadas de las Gel Dedicate 8 de Asics  Piel sint\u00e9tica duradera en la puntera  La plantilla te\u00f1ida por hilado reduce el consumo total de agua en aproximadamente un 33% y las emisiones de carbono en aproximadamente un 45%.  Tecnolog\u00eda TRUSSTIC y suela envolvente  Estabilidad mejorada  Amortiguaci\u00f3n con tecnolog\u00eda GEL  Excelente amortiguaci\u00f3n                                                                                                                                                                                                                                                                                                                                                                                                                                                                                                                                                                                                                                                                                                                                                                                                                                                                                                                                                                                                                                        <\/p>\n","protected":false},"excerpt":{"rendered":"<p>GEL-DEDICATE 8<\/p>\n","protected":false},"featured_media":61352,"template":"","meta":[],"product_brand":[],"product_cat":[371],"product_tag":[19],"class_list":{"0":"post-49479","1":"product","2":"type-product","3":"status-publish","4":"has-post-thumbnail","6":"product_cat-padel_y_tenis_calzado","7":"product_tag-asics","8":"pa_color-unico","9":"pa_talla-41-5","10":"pa_talla-153","11":"pa_talla-42-5","12":"pa_talla-43-5","13":"pa_talla-157","14":"pa_talla-44-5","15":"pa_talla-159","16":"pa_talla-161","17":"thunk-woo-product-list","18":"opn-qv-enable","19":"open-woo-hover-","20":"open-single-product-tab-horizontal","21":"open-shadow-","22":"open-shadow-hover-","24":"first","25":"instock","26":"sale","27":"shipping-taxable","28":"purchasable","29":"product-type-variable"},"jetpack_sharing_enabled":true,"_links":{"self":[{"href":"https:\/\/www.deporteseli.com\/index.php?rest_route=\/wp\/v2\/product\/49479","targetHints":{"allow":["GET"]}}],"collection":[{"href":"https:\/\/www.deporteseli.com\/index.php?rest_route=\/wp\/v2\/product"}],"about":[{"href":"https:\/\/www.deporteseli.com\/index.php?rest_route=\/wp\/v2\/types\/product"}],"wp:featuredmedia":[{"embeddable":true,"href":"https:\/\/www.deporteseli.com\/index.php?rest_route=\/wp\/v2\/media\/61352"}],"wp:attachment":[{"href":"https:\/\/www.deporteseli.com\/index.php?rest_route=%2Fwp%2Fv2%2Fmedia&parent=49479"}],"wp:term":[{"taxonomy":"product_brand","embeddable":true,"href":"https:\/\/www.deporteseli.com\/index.php?rest_route=%2Fwp%2Fv2%2Fproduct_brand&post=49479"},{"taxonomy":"product_cat","embeddable":true,"href":"https:\/\/www.deporteseli.com\/index.php?rest_route=%2Fwp%2Fv2%2Fproduct_cat&post=49479"},{"taxonomy":"product_tag","embeddable":true,"href":"https:\/\/www.deporteseli.com\/index.php?rest_route=%2Fwp%2Fv2%2Fproduct_tag&post=49479"}],"curies":[{"name":"wp","href":"https:\/\/api.w.org\/{rel}","templated":true}]}}