{"id":49464,"date":"2026-01-27T22:28:02","date_gmt":"2026-01-27T22:28:02","guid":{"rendered":"https:\/\/www.deporteseli.com\/?product=tenis-adidas-hq7308"},"modified":"2026-04-10T04:18:08","modified_gmt":"2026-04-10T04:18:08","slug":"tenis-adidas-hq7308","status":"publish","type":"product","link":"https:\/\/www.deporteseli.com\/?product=tenis-adidas-hq7308","title":{"rendered":"TENIS ADIDAS HQ7308"},"content":{"rendered":"<p>Descripci\u00f3n  Ad\u00e9ntrate en un mundo donde el estilo se funde con la comodidad con las zapatillas Aspyre 3 Stripes. Dise\u00f1adas para quienes se decantan por influencias modernas y retro, estas zapatillas son el complemento perfecto para cualquier salida. La parte superior de piel flor le da un aspecto cl\u00e1sico, mientras que el moderno estampado y el clip del tal\u00f3n moldeado de TPU le aportan un toque contempor\u00e1neo.  Fabricadas con suela de goma, estas zapatillas ofrecen el equilibrio perfecto entre agarre y durabilidad, lo que las hace ideales para el d\u00eda a d\u00eda. La inclusi\u00f3n de las ic\u00f3nicas 3 rayas de adidas le da un toque de estilo audaz, tanto por fuera como por dentro.  Estas zapatillas no solo son est\u00e9ticas  su cierre con cordones garantiza un ajuste perfecto que se adapta a las necesidades de tu pie. Tanto si sales a la calle como si disfrutas de un fin de semana relajado, las Aspyre 3 Stripes te mantienen en movimiento con estilo.                                                                                                                                                                                                                                                                                                                                                                                                                                                                                                                                                                                                                                                                                                                                                                                                                                                                                                                                                                                                                                        <\/p>\n","protected":false},"excerpt":{"rendered":"<p>TENIS ADIDAS HQ7308<\/p>\n","protected":false},"featured_media":61345,"template":"","meta":[],"product_brand":[],"product_cat":[261],"product_tag":[18],"class_list":{"0":"post-49464","1":"product","2":"type-product","3":"status-publish","4":"has-post-thumbnail","6":"product_cat-hombre_calzado_casual","7":"product_tag-adidas","8":"pa_color-unico","9":"pa_talla-41-5","10":"pa_talla-153","11":"pa_talla-42-5","12":"pa_talla-43-5","13":"pa_talla-157","14":"pa_talla-44-5","15":"pa_talla-161","16":"thunk-woo-product-list","17":"opn-qv-enable","18":"open-woo-hover-","19":"open-single-product-tab-horizontal","20":"open-shadow-","21":"open-shadow-hover-","23":"first","24":"instock","25":"shipping-taxable","26":"purchasable","27":"product-type-variable"},"jetpack_sharing_enabled":true,"_links":{"self":[{"href":"https:\/\/www.deporteseli.com\/index.php?rest_route=\/wp\/v2\/product\/49464","targetHints":{"allow":["GET"]}}],"collection":[{"href":"https:\/\/www.deporteseli.com\/index.php?rest_route=\/wp\/v2\/product"}],"about":[{"href":"https:\/\/www.deporteseli.com\/index.php?rest_route=\/wp\/v2\/types\/product"}],"wp:featuredmedia":[{"embeddable":true,"href":"https:\/\/www.deporteseli.com\/index.php?rest_route=\/wp\/v2\/media\/61345"}],"wp:attachment":[{"href":"https:\/\/www.deporteseli.com\/index.php?rest_route=%2Fwp%2Fv2%2Fmedia&parent=49464"}],"wp:term":[{"taxonomy":"product_brand","embeddable":true,"href":"https:\/\/www.deporteseli.com\/index.php?rest_route=%2Fwp%2Fv2%2Fproduct_brand&post=49464"},{"taxonomy":"product_cat","embeddable":true,"href":"https:\/\/www.deporteseli.com\/index.php?rest_route=%2Fwp%2Fv2%2Fproduct_cat&post=49464"},{"taxonomy":"product_tag","embeddable":true,"href":"https:\/\/www.deporteseli.com\/index.php?rest_route=%2Fwp%2Fv2%2Fproduct_tag&post=49464"}],"curies":[{"name":"wp","href":"https:\/\/api.w.org\/{rel}","templated":true}]}}