{"id":49462,"date":"2026-01-27T22:28:00","date_gmt":"2026-01-27T22:28:00","guid":{"rendered":"https:\/\/www.deporteseli.com\/?product=tenis-adidas-jp6594"},"modified":"2026-04-11T04:18:39","modified_gmt":"2026-04-11T04:18:39","slug":"tenis-adidas-jp6594","status":"publish","type":"product","link":"https:\/\/www.deporteseli.com\/?product=tenis-adidas-jp6594","title":{"rendered":"TENIS ADIDAS JP6594"},"content":{"rendered":"<p>Estilo y comodidad en cada zancada  Cada carrera es un viaje de descubrimiento. Ponte esta zapatilla de running adidas y libera tu potencial. La mediasuela con amortiguaci\u00f3n Cloudfoam te ofrece una pisada m\u00e1s c\u00f3moda mientras aumentas tu resistencia. El empeine textil te brinda una gran resistencia al desgaste y una sujeci\u00f3n excelente desde el momento en que das tus primeras zancadas hasta que te estrenas en una 5K.  Horma cl\u00e1sica  Cierre de cordones  Empeine textil  Forro textil  Mediasuela Cloudfoam  Suela de TPU  Peso: 319 g (talla 42 2\/3)  Drop: 6 mm (tal\u00f3n: 35 mm \/ antepi\u00e9: 29 mm)  Color del art\u00edculo: Core Black \/ Lucid Orange \/ Lucid Red  N\u00famero de art\u00edculo: JP6594                                                                                                                                                                                                                                                                                                                                                                                                                                                                                                                                                                                                                                                                                                                                                                                                                                                                                                                                                                                                                                        <\/p>\n","protected":false},"excerpt":{"rendered":"<p>TENIS ADIDAS JP6594<\/p>\n","protected":false},"featured_media":75038,"template":"","meta":[],"product_brand":[],"product_cat":[259],"product_tag":[18],"class_list":{"0":"post-49462","1":"product","2":"type-product","3":"status-publish","4":"has-post-thumbnail","6":"product_cat-hombre_calzado_running","7":"product_tag-adidas","8":"pa_color-unico","9":"pa_talla-41-5","10":"pa_talla-42-5","11":"pa_talla-43-5","12":"pa_talla-45-5","13":"pa_talla-161","14":"thunk-woo-product-list","15":"opn-qv-enable","16":"open-woo-hover-","17":"open-single-product-tab-horizontal","18":"open-shadow-","19":"open-shadow-hover-","21":"first","22":"instock","23":"shipping-taxable","24":"purchasable","25":"product-type-variable"},"jetpack_sharing_enabled":true,"_links":{"self":[{"href":"https:\/\/www.deporteseli.com\/index.php?rest_route=\/wp\/v2\/product\/49462","targetHints":{"allow":["GET"]}}],"collection":[{"href":"https:\/\/www.deporteseli.com\/index.php?rest_route=\/wp\/v2\/product"}],"about":[{"href":"https:\/\/www.deporteseli.com\/index.php?rest_route=\/wp\/v2\/types\/product"}],"wp:featuredmedia":[{"embeddable":true,"href":"https:\/\/www.deporteseli.com\/index.php?rest_route=\/wp\/v2\/media\/75038"}],"wp:attachment":[{"href":"https:\/\/www.deporteseli.com\/index.php?rest_route=%2Fwp%2Fv2%2Fmedia&parent=49462"}],"wp:term":[{"taxonomy":"product_brand","embeddable":true,"href":"https:\/\/www.deporteseli.com\/index.php?rest_route=%2Fwp%2Fv2%2Fproduct_brand&post=49462"},{"taxonomy":"product_cat","embeddable":true,"href":"https:\/\/www.deporteseli.com\/index.php?rest_route=%2Fwp%2Fv2%2Fproduct_cat&post=49462"},{"taxonomy":"product_tag","embeddable":true,"href":"https:\/\/www.deporteseli.com\/index.php?rest_route=%2Fwp%2Fv2%2Fproduct_tag&post=49462"}],"curies":[{"name":"wp","href":"https:\/\/api.w.org\/{rel}","templated":true}]}}