{"id":49460,"date":"2026-01-27T22:27:57","date_gmt":"2026-01-27T22:27:57","guid":{"rendered":"https:\/\/www.deporteseli.com\/?product=balon-adidas-jp1540"},"modified":"2026-01-27T22:27:59","modified_gmt":"2026-01-27T22:27:59","slug":"balon-adidas-jp1540","status":"publish","type":"product","link":"https:\/\/www.deporteseli.com\/?product=balon-adidas-jp1540","title":{"rendered":"BALON ADIDAS JP1540"},"content":{"rendered":"<p>Un bal\u00f3n vers\u00e1til con un estampado cautivador inspirado en el bal\u00f3n de competici\u00f3n oficial de la UCL.  Los mejores equipos de Europa se re\u00fanen bajo las estrellas para decidir su destino futbol\u00edstico. Este bal\u00f3n adidas League, con un cautivador dise\u00f1o inspirado en el del bal\u00f3n oficial de la Champions League, cuenta con una confecci\u00f3n sin costuras y una resistente c\u00e1mara de butilo, para que no haya sorpresas al jugar. El estampado inspirado en los calendarios astron\u00f3micos y los signos del zodiaco logran que no pase desapercibido ni en los entrenos ni en las partidas.  100 % poliuretano termopl\u00e1stico (reciclado)  Superficie sin costuras TSBE  C\u00e1mara de butilo  Sello FIFA Quality  Logo estampado de la UEFA Champions League  Es necesario inflarlo  Color del art\u00edculo: White \/ Dark Blue \/ Multicolor \/ Gold Metallic  N\u00famero de art\u00edculo: JP1540                                                                                                                                                                                                                                                                                                                                                                                                                                                                                                                                                                                                                                                                                                                                                                                                                                                                                                                                                                                                                                        <\/p>\n","protected":false},"excerpt":{"rendered":"<p>BALON ADIDAS JP1540<\/p>\n","protected":false},"featured_media":61339,"template":"","meta":[],"product_brand":[],"product_cat":[347],"product_tag":[18],"class_list":{"0":"post-49460","1":"product","2":"type-product","3":"status-publish","4":"has-post-thumbnail","6":"product_cat-deportes_balones","7":"product_tag-adidas","8":"pa_color-unico","9":"pa_talla-169","10":"thunk-woo-product-list","11":"opn-qv-enable","12":"open-woo-hover-","13":"open-single-product-tab-horizontal","14":"open-shadow-","15":"open-shadow-hover-","17":"first","18":"instock","19":"shipping-taxable","20":"purchasable","21":"product-type-variable"},"jetpack_sharing_enabled":true,"_links":{"self":[{"href":"https:\/\/www.deporteseli.com\/index.php?rest_route=\/wp\/v2\/product\/49460","targetHints":{"allow":["GET"]}}],"collection":[{"href":"https:\/\/www.deporteseli.com\/index.php?rest_route=\/wp\/v2\/product"}],"about":[{"href":"https:\/\/www.deporteseli.com\/index.php?rest_route=\/wp\/v2\/types\/product"}],"wp:featuredmedia":[{"embeddable":true,"href":"https:\/\/www.deporteseli.com\/index.php?rest_route=\/wp\/v2\/media\/61339"}],"wp:attachment":[{"href":"https:\/\/www.deporteseli.com\/index.php?rest_route=%2Fwp%2Fv2%2Fmedia&parent=49460"}],"wp:term":[{"taxonomy":"product_brand","embeddable":true,"href":"https:\/\/www.deporteseli.com\/index.php?rest_route=%2Fwp%2Fv2%2Fproduct_brand&post=49460"},{"taxonomy":"product_cat","embeddable":true,"href":"https:\/\/www.deporteseli.com\/index.php?rest_route=%2Fwp%2Fv2%2Fproduct_cat&post=49460"},{"taxonomy":"product_tag","embeddable":true,"href":"https:\/\/www.deporteseli.com\/index.php?rest_route=%2Fwp%2Fv2%2Fproduct_tag&post=49460"}],"curies":[{"name":"wp","href":"https:\/\/api.w.org\/{rel}","templated":true}]}}