{"id":49446,"date":"2026-01-27T22:27:38","date_gmt":"2026-01-27T22:27:38","guid":{"rendered":"https:\/\/www.deporteseli.com\/?product=pala-bullpadel-hack-jr-26"},"modified":"2026-01-27T22:27:40","modified_gmt":"2026-01-27T22:27:40","slug":"pala-bullpadel-hack-jr-26","status":"publish","type":"product","link":"https:\/\/www.deporteseli.com\/?product=pala-bullpadel-hack-jr-26","title":{"rendered":"PALA BULLPADEL HACK JR 26"},"content":{"rendered":"<p>  La Hack 04 JR es la pala oficial de Paquito Navarro adaptada a las necesidades de los jugadores junior m\u00e1s exigentes. Concebida para j\u00f3venes con un alto nivel de juego, este modelo de forma de diamante ofrece una combinaci\u00f3n de potencia, rigidez y control inigualable en la pista junior.      Dise\u00f1o Pro y Tecnolog\u00eda de Aprendizaje  R\u00e9plica Oficial: Permite a los j\u00f3venes talentos entrenar y competir con el dise\u00f1o y la sensaci\u00f3n de la pala de una estrella del p\u00e1del.    Superficie : La superficie cuenta con una construcci\u00f3n similar a una pala de adulto, lo que favorece el aprendizaje avanzado y facilita la transici\u00f3n a palas profesionales en el futuro.    Coraz\u00f3n Hack: Incorpora el coraz\u00f3n Hack, clave para aportar rigidez estructural y control. Adem\u00e1s, asegura un perfecto equilibrio de pesos, mejorando la manejabilidad sin sacrificar potencia.      Construcci\u00f3n y Materiales de Alto Rendimiento  La pala garantiza durabilidad y una excelente respuesta en el golpeo:    N\u00facleo Externo: Compuesto por fibra de vidrio Polyglass, ofreciendo un tacto c\u00f3modo y una buena salida de bola.    N\u00facleo Interior: Formado por goma Evalastic, proporcionando una sensaci\u00f3n de golpeo potente y controlado.    Marco: Fabricado con el robusto CarbonTube de fibra de carbono 100%, asegurando m\u00e1xima resistencia y la durabilidad necesaria para el juego intenso.      La Bullpadel Hack 04 JR es la herramienta esencial para que los juniors con potencial Pro alcancen su m\u00e1ximo rendimiento en la pista.  Peso: 335-345 GRS    Perfil: 35 MM    Balance: Medio    Forma: Diamante    Comp. Exterior: Polygrass    Comp. Interior: Evalastic    Jugador: Junior                                                                                                                                                                                                                                                                                                                                                                                                                                                                                                                                                                                                                                                                                                                                                                                                                                                                                                                                                                                                                                        <\/p>\n","protected":false},"excerpt":{"rendered":"<p>PALA BULLPADEL HACK JR 26<\/p>\n","protected":false},"featured_media":61315,"template":"","meta":[],"product_brand":[],"product_cat":[353],"product_tag":[21],"class_list":{"0":"post-49446","1":"product","2":"type-product","3":"status-publish","4":"has-post-thumbnail","6":"product_cat-padel_y_tenis_palas","7":"product_tag-bull_padel","8":"pa_color-unico","9":"pa_talla-unica","10":"thunk-woo-product-list","11":"opn-qv-enable","12":"open-woo-hover-","13":"open-single-product-tab-horizontal","14":"open-shadow-","15":"open-shadow-hover-","17":"first","18":"instock","19":"sale","20":"shipping-taxable","21":"purchasable","22":"product-type-variable"},"jetpack_sharing_enabled":true,"_links":{"self":[{"href":"https:\/\/www.deporteseli.com\/index.php?rest_route=\/wp\/v2\/product\/49446","targetHints":{"allow":["GET"]}}],"collection":[{"href":"https:\/\/www.deporteseli.com\/index.php?rest_route=\/wp\/v2\/product"}],"about":[{"href":"https:\/\/www.deporteseli.com\/index.php?rest_route=\/wp\/v2\/types\/product"}],"wp:featuredmedia":[{"embeddable":true,"href":"https:\/\/www.deporteseli.com\/index.php?rest_route=\/wp\/v2\/media\/61315"}],"wp:attachment":[{"href":"https:\/\/www.deporteseli.com\/index.php?rest_route=%2Fwp%2Fv2%2Fmedia&parent=49446"}],"wp:term":[{"taxonomy":"product_brand","embeddable":true,"href":"https:\/\/www.deporteseli.com\/index.php?rest_route=%2Fwp%2Fv2%2Fproduct_brand&post=49446"},{"taxonomy":"product_cat","embeddable":true,"href":"https:\/\/www.deporteseli.com\/index.php?rest_route=%2Fwp%2Fv2%2Fproduct_cat&post=49446"},{"taxonomy":"product_tag","embeddable":true,"href":"https:\/\/www.deporteseli.com\/index.php?rest_route=%2Fwp%2Fv2%2Fproduct_tag&post=49446"}],"curies":[{"name":"wp","href":"https:\/\/api.w.org\/{rel}","templated":true}]}}