{"id":49444,"date":"2026-01-27T22:27:35","date_gmt":"2026-01-27T22:27:35","guid":{"rendered":"https:\/\/www.deporteseli.com\/?product=pala-bullpadel-indiga-ctr-26"},"modified":"2026-03-18T05:19:41","modified_gmt":"2026-03-18T05:19:41","slug":"pala-bullpadel-indiga-ctr-26","status":"publish","type":"product","link":"https:\/\/www.deporteseli.com\/?product=pala-bullpadel-indiga-ctr-26","title":{"rendered":"PALA BULLPADEL INDIGA CTR 26"},"content":{"rendered":"<p>Descripci\u00f3n  La Pala Bullpadel INDIGA CTR ha sido dise\u00f1ada para jugadores que buscan la m\u00e1xima precisi\u00f3n y manejabilidad en su juego. Es una pala ultraligera, c\u00f3moda y muy manejable, pensada para dominar cada punto con colocaci\u00f3n.    Caracter\u00edsticas Clave de Control  Forma Redonda y Balance Bajo: Esta combinaci\u00f3n garantiza un control excepcional y una facilidad de manejo inigualable. Es la elecci\u00f3n perfecta para quienes priorizan la colocaci\u00f3n de la pelota sobre la potencia bruta.    Perfil de Jugador: Ideal para jugadores en crecimiento que est\u00e1n desarrollando su t\u00e9cnica, o para aquellos que disfrutan de un juego t\u00e9cnico y preciso basado en la defensa y el control del ritmo.    Construcci\u00f3n y Materiales de Calidad  La pala combina rendimiento, durabilidad y comodidad gracias a sus materiales de alta calidad:    N\u00facleo Externo: Compuesto por fibra de vidrio Polyglass, que ofrece un tacto c\u00f3modo y una buena salida de bola.    N\u00facleo Interior: Formado por goma SoftEva, que proporciona gran confort y una excelente absorci\u00f3n de vibraciones.    Marco: Fabricado con refuerzos estructurales de fibra de carbono, asegurando una buena resistencia sin a\u00f1adir peso excesivo.    Si buscas dominar la red y controlar el ritmo del partido con precisi\u00f3n milim\u00e9trica, la Bullpadel INDIGA CTR es tu mejor aliada.  Peso: 360-370 GRS    Perfil: 38 MM    Balance: Bajo    Forma: Redonda    Comp. Exterior: Polyglass    Comp. Interior: Softeva    Jugador: Iniciaci\u00f3n    Estilo: Defensivo    Tacto: Blando                                                                                                                                                                                                                                                                                                                                                                                                                                                                                                                                                                                                                                                                                                                                                                                                                                                                                                                                                                                                                                        <\/p>\n","protected":false},"excerpt":{"rendered":"<p>PALA BULLPADEL INDIGA CTR 26<\/p>\n","protected":false},"featured_media":61311,"template":"","meta":[],"product_brand":[],"product_cat":[353],"product_tag":[21],"class_list":{"0":"post-49444","1":"product","2":"type-product","3":"status-publish","4":"has-post-thumbnail","6":"product_cat-padel_y_tenis_palas","7":"product_tag-bull_padel","8":"pa_color-unico","9":"pa_talla-unica","10":"thunk-woo-product-list","11":"opn-qv-enable","12":"open-woo-hover-","13":"open-single-product-tab-horizontal","14":"open-shadow-","15":"open-shadow-hover-","17":"first","18":"instock","19":"sale","20":"shipping-taxable","21":"purchasable","22":"product-type-variable"},"jetpack_sharing_enabled":true,"_links":{"self":[{"href":"https:\/\/www.deporteseli.com\/index.php?rest_route=\/wp\/v2\/product\/49444","targetHints":{"allow":["GET"]}}],"collection":[{"href":"https:\/\/www.deporteseli.com\/index.php?rest_route=\/wp\/v2\/product"}],"about":[{"href":"https:\/\/www.deporteseli.com\/index.php?rest_route=\/wp\/v2\/types\/product"}],"wp:featuredmedia":[{"embeddable":true,"href":"https:\/\/www.deporteseli.com\/index.php?rest_route=\/wp\/v2\/media\/61311"}],"wp:attachment":[{"href":"https:\/\/www.deporteseli.com\/index.php?rest_route=%2Fwp%2Fv2%2Fmedia&parent=49444"}],"wp:term":[{"taxonomy":"product_brand","embeddable":true,"href":"https:\/\/www.deporteseli.com\/index.php?rest_route=%2Fwp%2Fv2%2Fproduct_brand&post=49444"},{"taxonomy":"product_cat","embeddable":true,"href":"https:\/\/www.deporteseli.com\/index.php?rest_route=%2Fwp%2Fv2%2Fproduct_cat&post=49444"},{"taxonomy":"product_tag","embeddable":true,"href":"https:\/\/www.deporteseli.com\/index.php?rest_route=%2Fwp%2Fv2%2Fproduct_tag&post=49444"}],"curies":[{"name":"wp","href":"https:\/\/api.w.org\/{rel}","templated":true}]}}