{"id":49442,"date":"2026-01-27T22:27:33","date_gmt":"2026-01-27T22:27:33","guid":{"rendered":"https:\/\/www.deporteseli.com\/?product=pala-bullpadel-hack-advance"},"modified":"2026-04-15T04:17:56","modified_gmt":"2026-04-15T04:17:56","slug":"pala-bullpadel-hack-advance","status":"publish","type":"product","link":"https:\/\/www.deporteseli.com\/?product=pala-bullpadel-hack-advance","title":{"rendered":"PALA BULLPADEL HACK ADVANCE"},"content":{"rendered":"<p>La Bullpadel Hack 02 Advance es una pala de forma redonda dise\u00f1ada para ofrecer el m\u00e1ximo control y un alto rendimiento. Ideal para jugadores avanzados o intensivos, combina la resistencia del carbono con la flexibilidad del Glaphite. Su n\u00facleo de goma Evalastic proporciona una comodidad excepcional y una sensaci\u00f3n de golpeo \u00fanica para dominar cada fase del juego t\u00e9cnico.    Peso: 365-375GRS    Perfil: 38 MM    Balance: Medio    Forma: Redonda    Comp. Exterior: Glaphite    Comp. Interior: Evalastic    Jugador: Amateur    Estilo: Defensivo    Tacto: Intermedio                                                                                                                                                                                                                                                                                                                                                                                                                                                                                                                                                                                                                                                                                                                                                                                                                                                                                                                                                                                                                                        <\/p>\n","protected":false},"excerpt":{"rendered":"<p>PALA BULLPADEL HACK ADVANCE<\/p>\n","protected":false},"featured_media":61307,"template":"","meta":[],"product_brand":[],"product_cat":[353],"product_tag":[21],"class_list":{"0":"post-49442","1":"product","2":"type-product","3":"status-publish","4":"has-post-thumbnail","6":"product_cat-padel_y_tenis_palas","7":"product_tag-bull_padel","8":"pa_color-unico","9":"pa_talla-unica","10":"thunk-woo-product-list","11":"opn-qv-enable","12":"open-woo-hover-","13":"open-single-product-tab-horizontal","14":"open-shadow-","15":"open-shadow-hover-","17":"first","18":"instock","19":"sale","20":"shipping-taxable","21":"purchasable","22":"product-type-variable"},"jetpack_sharing_enabled":true,"_links":{"self":[{"href":"https:\/\/www.deporteseli.com\/index.php?rest_route=\/wp\/v2\/product\/49442","targetHints":{"allow":["GET"]}}],"collection":[{"href":"https:\/\/www.deporteseli.com\/index.php?rest_route=\/wp\/v2\/product"}],"about":[{"href":"https:\/\/www.deporteseli.com\/index.php?rest_route=\/wp\/v2\/types\/product"}],"wp:featuredmedia":[{"embeddable":true,"href":"https:\/\/www.deporteseli.com\/index.php?rest_route=\/wp\/v2\/media\/61307"}],"wp:attachment":[{"href":"https:\/\/www.deporteseli.com\/index.php?rest_route=%2Fwp%2Fv2%2Fmedia&parent=49442"}],"wp:term":[{"taxonomy":"product_brand","embeddable":true,"href":"https:\/\/www.deporteseli.com\/index.php?rest_route=%2Fwp%2Fv2%2Fproduct_brand&post=49442"},{"taxonomy":"product_cat","embeddable":true,"href":"https:\/\/www.deporteseli.com\/index.php?rest_route=%2Fwp%2Fv2%2Fproduct_cat&post=49442"},{"taxonomy":"product_tag","embeddable":true,"href":"https:\/\/www.deporteseli.com\/index.php?rest_route=%2Fwp%2Fv2%2Fproduct_tag&post=49442"}],"curies":[{"name":"wp","href":"https:\/\/api.w.org\/{rel}","templated":true}]}}