{"id":49440,"date":"2026-01-27T22:27:29","date_gmt":"2026-01-27T22:27:29","guid":{"rendered":"https:\/\/www.deporteseli.com\/?product=tenis-adidas-hq9364"},"modified":"2026-03-20T12:51:31","modified_gmt":"2026-03-20T12:51:31","slug":"tenis-adidas-hq9364","status":"publish","type":"product","link":"https:\/\/www.deporteseli.com\/?product=tenis-adidas-hq9364","title":{"rendered":"TENIS ADIDAS HQ9364"},"content":{"rendered":"<p>Descripci\u00f3n  \u00bfHoy toca entrenamiento cardiovascular? Pues abr\u00f3chate esta zapatilla de running adidas y l\u00e1nzate a la cinta para correr. Esta zapatilla ofrece una comodidad inigualable, con el empeine de malla transpirable y una mediasuela suave y con amortiguaci\u00f3n, para que apenas notes los kil\u00f3metros. La parte del tobillo acolchada, que sujeta bien el tal\u00f3n, y la suela de gran agarre aportan el toque final.                                                                                                                                                                                                                                                                                                                                                                                                                                                                                                                                                                                                                                                                                                                                                                                                                                                                                                                                                                                                                                        <\/p>\n","protected":false},"excerpt":{"rendered":"<p>TENIS ADIDAS HQ9364<\/p>\n","protected":false},"featured_media":61306,"template":"","meta":[],"product_brand":[],"product_cat":[285],"product_tag":[18],"class_list":{"0":"post-49440","1":"product","2":"type-product","3":"status-publish","4":"has-post-thumbnail","6":"product_cat-mujer_calzado_running","7":"product_tag-adidas","8":"pa_color-unico","9":"pa_talla-36-5","10":"pa_talla-37-5","11":"pa_talla-145","12":"pa_talla-38-5","13":"pa_talla-39-5","14":"pa_talla-149","15":"pa_talla-40-5","16":"thunk-woo-product-list","17":"opn-qv-enable","18":"open-woo-hover-","19":"open-single-product-tab-horizontal","20":"open-shadow-","21":"open-shadow-hover-","23":"first","24":"instock","25":"shipping-taxable","26":"purchasable","27":"product-type-variable"},"jetpack_sharing_enabled":true,"_links":{"self":[{"href":"https:\/\/www.deporteseli.com\/index.php?rest_route=\/wp\/v2\/product\/49440","targetHints":{"allow":["GET"]}}],"collection":[{"href":"https:\/\/www.deporteseli.com\/index.php?rest_route=\/wp\/v2\/product"}],"about":[{"href":"https:\/\/www.deporteseli.com\/index.php?rest_route=\/wp\/v2\/types\/product"}],"wp:featuredmedia":[{"embeddable":true,"href":"https:\/\/www.deporteseli.com\/index.php?rest_route=\/wp\/v2\/media\/61306"}],"wp:attachment":[{"href":"https:\/\/www.deporteseli.com\/index.php?rest_route=%2Fwp%2Fv2%2Fmedia&parent=49440"}],"wp:term":[{"taxonomy":"product_brand","embeddable":true,"href":"https:\/\/www.deporteseli.com\/index.php?rest_route=%2Fwp%2Fv2%2Fproduct_brand&post=49440"},{"taxonomy":"product_cat","embeddable":true,"href":"https:\/\/www.deporteseli.com\/index.php?rest_route=%2Fwp%2Fv2%2Fproduct_cat&post=49440"},{"taxonomy":"product_tag","embeddable":true,"href":"https:\/\/www.deporteseli.com\/index.php?rest_route=%2Fwp%2Fv2%2Fproduct_tag&post=49440"}],"curies":[{"name":"wp","href":"https:\/\/api.w.org\/{rel}","templated":true}]}}