{"id":49434,"date":"2026-01-27T22:27:21","date_gmt":"2026-01-27T22:27:21","guid":{"rendered":"https:\/\/www.deporteseli.com\/?product=tenis-adidas-jq6300"},"modified":"2026-03-14T05:19:07","modified_gmt":"2026-03-14T05:19:07","slug":"tenis-adidas-jq6300","status":"publish","type":"product","link":"https:\/\/www.deporteseli.com\/?product=tenis-adidas-jq6300","title":{"rendered":"TENIS ADIDAS JQ6300"},"content":{"rendered":"<p>Maximiza tus carreras diarias  Tanto en la pista como en la cinta de correr, alcanza todas tus metas con esta zapatilla de running adidas. Incorpora una mediasuela con amortiguaci\u00f3n Cloudfoam que te ofrece una pisada m\u00e1s c\u00f3moda y suave. El empeine de malla transpirable y la suela Adiwear de gran resistencia al desgaste la convierten en una silueta perfecta para llevar durante todo el d\u00eda.                                                                                                                                                                                                                                                                                                                                                                                                                                                                                                                                                                                                                                                                                                                                                                                                                                                                                                                                                                                                                                        <\/p>\n","protected":false},"excerpt":{"rendered":"<p>TENIS ADIDAS JQ6300<\/p>\n","protected":false},"featured_media":61302,"template":"","meta":[],"product_brand":[],"product_cat":[285],"product_tag":[18],"class_list":{"0":"post-49434","1":"product","2":"type-product","3":"status-publish","4":"has-post-thumbnail","6":"product_cat-mujer_calzado_running","7":"product_tag-adidas","8":"pa_color-unico","9":"pa_talla-37-5","10":"pa_talla-145","11":"pa_talla-39-5","12":"pa_talla-149","13":"pa_talla-40-5","14":"thunk-woo-product-list","15":"opn-qv-enable","16":"open-woo-hover-","17":"open-single-product-tab-horizontal","18":"open-shadow-","19":"open-shadow-hover-","21":"first","22":"instock","23":"shipping-taxable","24":"purchasable","25":"product-type-variable"},"jetpack_sharing_enabled":true,"_links":{"self":[{"href":"https:\/\/www.deporteseli.com\/index.php?rest_route=\/wp\/v2\/product\/49434","targetHints":{"allow":["GET"]}}],"collection":[{"href":"https:\/\/www.deporteseli.com\/index.php?rest_route=\/wp\/v2\/product"}],"about":[{"href":"https:\/\/www.deporteseli.com\/index.php?rest_route=\/wp\/v2\/types\/product"}],"wp:featuredmedia":[{"embeddable":true,"href":"https:\/\/www.deporteseli.com\/index.php?rest_route=\/wp\/v2\/media\/61302"}],"wp:attachment":[{"href":"https:\/\/www.deporteseli.com\/index.php?rest_route=%2Fwp%2Fv2%2Fmedia&parent=49434"}],"wp:term":[{"taxonomy":"product_brand","embeddable":true,"href":"https:\/\/www.deporteseli.com\/index.php?rest_route=%2Fwp%2Fv2%2Fproduct_brand&post=49434"},{"taxonomy":"product_cat","embeddable":true,"href":"https:\/\/www.deporteseli.com\/index.php?rest_route=%2Fwp%2Fv2%2Fproduct_cat&post=49434"},{"taxonomy":"product_tag","embeddable":true,"href":"https:\/\/www.deporteseli.com\/index.php?rest_route=%2Fwp%2Fv2%2Fproduct_tag&post=49434"}],"curies":[{"name":"wp","href":"https:\/\/api.w.org\/{rel}","templated":true}]}}