{"id":49432,"date":"2026-01-27T22:27:18","date_gmt":"2026-01-27T22:27:18","guid":{"rendered":"https:\/\/www.deporteseli.com\/?product=tenis-adidas-jp6604"},"modified":"2026-01-27T22:27:19","modified_gmt":"2026-01-27T22:27:19","slug":"tenis-adidas-jp6604","status":"publish","type":"product","link":"https:\/\/www.deporteseli.com\/?product=tenis-adidas-jp6604","title":{"rendered":"TENIS ADIDAS JP6604"},"content":{"rendered":"<p>Tenis de running con amortiguaci\u00f3n.  Lleva tu entrenamiento al siguiente nivel. Estos tenis de running adidas hacen que tu carrera diaria se sienta f\u00e1cil gracias a la amortiguaci\u00f3n Bounce de largo completo que a\u00f1ade impulso a tu zancada. La plantilla Cloudfoam Plus ayuda a recargar tu energ\u00eda con una amortiguaci\u00f3n suave como una almohada, mientras que el exterior de malla transpirable se siente ligero y aireado a la vez que proporciona soporte para una pisada estable.  Ajuste cl\u00e1sico  Sistema de amarre de cordones  Exterior de malla  Forro interno de tela  Mediasuela Bounce 2.0  Plantilla Cloudfoam Plus  Suela de caucho  Ca\u00edda mediasuela: 5 mm (tal\u00f3n 29 mm \/ antepi\u00e9 24 mm)  Ca\u00edda de la mediasuela: 5 mm (tal\u00f3n: 29 mm\/empeine: 24 mm)  Peso: 306 g (talla CO 40)  Color del art\u00edculo: Core Black \/ Onix \/ Lucid Red  N\u00famero de art\u00edculo: JP6604                                                                                                                                                                                                                                                                                                                                                                                                                                                                                                                                                                                                                                                                                                                                                                                                                                                                                                                                                                                                                                        <\/p>\n","protected":false},"excerpt":{"rendered":"<p>TENIS ADIDAS JP6604<\/p>\n","protected":false},"featured_media":61299,"template":"","meta":[],"product_brand":[],"product_cat":[259],"product_tag":[18],"class_list":{"0":"post-49432","1":"product","2":"type-product","3":"status-publish","4":"has-post-thumbnail","6":"product_cat-hombre_calzado_running","7":"product_tag-adidas","8":"pa_color-unico","9":"pa_talla-42-5","10":"thunk-woo-product-list","11":"opn-qv-enable","12":"open-woo-hover-","13":"open-single-product-tab-horizontal","14":"open-shadow-","15":"open-shadow-hover-","17":"first","18":"instock","19":"shipping-taxable","20":"purchasable","21":"product-type-variable"},"jetpack_sharing_enabled":true,"_links":{"self":[{"href":"https:\/\/www.deporteseli.com\/index.php?rest_route=\/wp\/v2\/product\/49432","targetHints":{"allow":["GET"]}}],"collection":[{"href":"https:\/\/www.deporteseli.com\/index.php?rest_route=\/wp\/v2\/product"}],"about":[{"href":"https:\/\/www.deporteseli.com\/index.php?rest_route=\/wp\/v2\/types\/product"}],"wp:featuredmedia":[{"embeddable":true,"href":"https:\/\/www.deporteseli.com\/index.php?rest_route=\/wp\/v2\/media\/61299"}],"wp:attachment":[{"href":"https:\/\/www.deporteseli.com\/index.php?rest_route=%2Fwp%2Fv2%2Fmedia&parent=49432"}],"wp:term":[{"taxonomy":"product_brand","embeddable":true,"href":"https:\/\/www.deporteseli.com\/index.php?rest_route=%2Fwp%2Fv2%2Fproduct_brand&post=49432"},{"taxonomy":"product_cat","embeddable":true,"href":"https:\/\/www.deporteseli.com\/index.php?rest_route=%2Fwp%2Fv2%2Fproduct_cat&post=49432"},{"taxonomy":"product_tag","embeddable":true,"href":"https:\/\/www.deporteseli.com\/index.php?rest_route=%2Fwp%2Fv2%2Fproduct_tag&post=49432"}],"curies":[{"name":"wp","href":"https:\/\/api.w.org\/{rel}","templated":true}]}}