{"id":49419,"date":"2026-01-27T22:27:01","date_gmt":"2026-01-27T22:27:01","guid":{"rendered":"https:\/\/www.deporteseli.com\/?product=camiseta-bullpadel-patos-crudo"},"modified":"2026-03-07T06:49:15","modified_gmt":"2026-03-07T06:49:15","slug":"camiseta-bullpadel-patos-crudo","status":"publish","type":"product","link":"https:\/\/www.deporteseli.com\/?product=camiseta-bullpadel-patos-crudo","title":{"rendered":"CAMISETA BULLPADEL PATOS CRUDO"},"content":{"rendered":"<p>Camiseta de manga corta de la l\u00ednea Premier Padel.    Camiseta t\u00e9cnica de manga corta confeccionada en tejido de punto de poli\u00e9ster con elast\u00e1n, que aporta comodidad, ligereza y libertad de movimientos. La espalda de rejilla el\u00e1stica mejora la ventilaci\u00f3n y transpirabilidad, mientras que la tecnolog\u00eda Drynamic, basada en microfilamentos que reducen la humedad, mantiene la piel seca incluso en los entrenamientos m\u00e1s intensos. El gr\u00e1fico personalizado en el delantero y los detalles oficiales de Premier Padel completan un dise\u00f1o pensado para destacar dentro y fuera de la pista.                                                                                                                                                                                                                                                                                                                                                                                                                                                                                                                                                                                                                                                                                                                                                                                                                                                                                                                                                                                                                                        <\/p>\n","protected":false},"excerpt":{"rendered":"<p>CAMISETA BULLPADEL PATOS CRUDO<\/p>\n","protected":false},"featured_media":61286,"template":"","meta":[],"product_brand":[],"product_cat":[364],"product_tag":[21],"class_list":{"0":"post-49419","1":"product","2":"type-product","3":"status-publish","4":"has-post-thumbnail","6":"product_cat-padel_y_tenis_textil_camisas","7":"product_tag-bull_padel","8":"pa_color-unico","9":"pa_talla-l","10":"pa_talla-m","11":"pa_talla-s","12":"pa_talla-xl","13":"pa_talla-xxl","14":"thunk-woo-product-list","15":"opn-qv-enable","16":"open-woo-hover-","17":"open-single-product-tab-horizontal","18":"open-shadow-","19":"open-shadow-hover-","21":"first","22":"instock","23":"shipping-taxable","24":"purchasable","25":"product-type-variable"},"jetpack_sharing_enabled":true,"_links":{"self":[{"href":"https:\/\/www.deporteseli.com\/index.php?rest_route=\/wp\/v2\/product\/49419","targetHints":{"allow":["GET"]}}],"collection":[{"href":"https:\/\/www.deporteseli.com\/index.php?rest_route=\/wp\/v2\/product"}],"about":[{"href":"https:\/\/www.deporteseli.com\/index.php?rest_route=\/wp\/v2\/types\/product"}],"wp:featuredmedia":[{"embeddable":true,"href":"https:\/\/www.deporteseli.com\/index.php?rest_route=\/wp\/v2\/media\/61286"}],"wp:attachment":[{"href":"https:\/\/www.deporteseli.com\/index.php?rest_route=%2Fwp%2Fv2%2Fmedia&parent=49419"}],"wp:term":[{"taxonomy":"product_brand","embeddable":true,"href":"https:\/\/www.deporteseli.com\/index.php?rest_route=%2Fwp%2Fv2%2Fproduct_brand&post=49419"},{"taxonomy":"product_cat","embeddable":true,"href":"https:\/\/www.deporteseli.com\/index.php?rest_route=%2Fwp%2Fv2%2Fproduct_cat&post=49419"},{"taxonomy":"product_tag","embeddable":true,"href":"https:\/\/www.deporteseli.com\/index.php?rest_route=%2Fwp%2Fv2%2Fproduct_tag&post=49419"}],"curies":[{"name":"wp","href":"https:\/\/api.w.org\/{rel}","templated":true}]}}