{"id":49401,"date":"2026-01-27T22:26:36","date_gmt":"2026-01-27T22:26:36","guid":{"rendered":"https:\/\/www.deporteseli.com\/?product=short-bullpadel-preux-negro"},"modified":"2026-03-19T05:19:48","modified_gmt":"2026-03-19T05:19:48","slug":"short-bullpadel-preux-negro","status":"publish","type":"product","link":"https:\/\/www.deporteseli.com\/?product=short-bullpadel-preux-negro","title":{"rendered":"SHORT BULLPADEL PREUX NEGRO"},"content":{"rendered":"<p>Bermuda t\u00e9cnica de la l\u00ednea Premier Padel.    Dise\u00f1ada para ofrecer un rendimiento m\u00e1ximo, confort y estilo, esta bermuda est\u00e1 confeccionada en tejido de poli\u00e9ster con elast\u00e1n, que proporciona ligereza y libertad de movimiento. La tecnolog\u00eda Drynamic act\u00faa sobre los microfilamentos para reducir la humedad y favorecer la transpiraci\u00f3n, manteni\u00e9ndote seco y fresco durante todo el partido.    Su dise\u00f1o incluye bandas laterales con gr\u00e1ficos personalizados, cinturilla ajustable con cord\u00f3n y bolsillos laterales funcionales, con un largo de 42 cm ideal para jugar con total comodidad. Los gr\u00e1ficos exclusivos de Premier Padel ponen el toque final a una prenda pensada para quienes compiten con actitud y estilo.                                                                                                                                                                                                                                                                                                                                                                                                                                                                                                                                                                                                                                                                                                                                                                                                                                                                                                                                                                                                                                        <\/p>\n","protected":false},"excerpt":{"rendered":"<p>SHORT BULLPADEL PREUX NEGRO<\/p>\n","protected":false},"featured_media":61266,"template":"","meta":[],"product_brand":[],"product_cat":[365],"product_tag":[21],"class_list":{"0":"post-49401","1":"product","2":"type-product","3":"status-publish","4":"has-post-thumbnail","6":"product_cat-padel_y_tenis_textil_shorts","7":"product_tag-bull_padel","8":"pa_color-unico","9":"pa_talla-xl","10":"pa_talla-xxl","11":"thunk-woo-product-list","12":"opn-qv-enable","13":"open-woo-hover-","14":"open-single-product-tab-horizontal","15":"open-shadow-","16":"open-shadow-hover-","18":"first","19":"instock","20":"shipping-taxable","21":"purchasable","22":"product-type-variable"},"jetpack_sharing_enabled":true,"_links":{"self":[{"href":"https:\/\/www.deporteseli.com\/index.php?rest_route=\/wp\/v2\/product\/49401","targetHints":{"allow":["GET"]}}],"collection":[{"href":"https:\/\/www.deporteseli.com\/index.php?rest_route=\/wp\/v2\/product"}],"about":[{"href":"https:\/\/www.deporteseli.com\/index.php?rest_route=\/wp\/v2\/types\/product"}],"wp:featuredmedia":[{"embeddable":true,"href":"https:\/\/www.deporteseli.com\/index.php?rest_route=\/wp\/v2\/media\/61266"}],"wp:attachment":[{"href":"https:\/\/www.deporteseli.com\/index.php?rest_route=%2Fwp%2Fv2%2Fmedia&parent=49401"}],"wp:term":[{"taxonomy":"product_brand","embeddable":true,"href":"https:\/\/www.deporteseli.com\/index.php?rest_route=%2Fwp%2Fv2%2Fproduct_brand&post=49401"},{"taxonomy":"product_cat","embeddable":true,"href":"https:\/\/www.deporteseli.com\/index.php?rest_route=%2Fwp%2Fv2%2Fproduct_cat&post=49401"},{"taxonomy":"product_tag","embeddable":true,"href":"https:\/\/www.deporteseli.com\/index.php?rest_route=%2Fwp%2Fv2%2Fproduct_tag&post=49401"}],"curies":[{"name":"wp","href":"https:\/\/api.w.org\/{rel}","templated":true}]}}