{"id":49396,"date":"2026-01-27T22:26:30","date_gmt":"2026-01-27T22:26:30","guid":{"rendered":"https:\/\/www.deporteseli.com\/?product=short-bullpadel-pecos-negro"},"modified":"2026-03-07T06:48:51","modified_gmt":"2026-03-07T06:48:51","slug":"short-bullpadel-pecos-negro","status":"publish","type":"product","link":"https:\/\/www.deporteseli.com\/?product=short-bullpadel-pecos-negro","title":{"rendered":"SHORT BULLPADEL PECOS NEGRO"},"content":{"rendered":"<p>Bermuda t\u00e9cnica de la l\u00ednea Premier Premier Padel .    Dise\u00f1ada para quienes buscan m\u00e1ximo rendimiento sin perder de vista el estilo, esta bermuda est\u00e1 confeccionada en tejido plano biel\u00e1stico de poli\u00e9ster y elast\u00e1n, ofrece ligereza, elasticidad y total libertad de movimiento.    La tecnolog\u00eda Binamic de secado r\u00e1pido favorece la evaporaci\u00f3n de la humedad y mejora la transpirabilidad, manteniendo la frescura durante todo el partido. Su dise\u00f1o incorpora piezas a contraste en los laterales con un print exclusivo, cinturilla ajustable con cord\u00f3n y bolsillos laterales funcionales, con un largo de 42 cms perfecto para sentirte o\u00f3modo durante el juego.    Los gr\u00e1ficos distintivos de Premier Padel completan una prenda que a\u00fana tecnolog\u00eda, comodidad y un estilo inconfundible dentro y fuera de la pista.                                                                                                                                                                                                                                                                                                                                                                                                                                                                                                                                                                                                                                                                                                                                                                                                                                                                                                                                                                                                                                        <\/p>\n","protected":false},"excerpt":{"rendered":"<p>SHORT BULLPADEL PECOS NEGRO<\/p>\n","protected":false},"featured_media":61262,"template":"","meta":[],"product_brand":[],"product_cat":[365],"product_tag":[21],"class_list":{"0":"post-49396","1":"product","2":"type-product","3":"status-publish","4":"has-post-thumbnail","6":"product_cat-padel_y_tenis_textil_shorts","7":"product_tag-bull_padel","8":"pa_color-unico","9":"pa_talla-l","10":"pa_talla-m","11":"pa_talla-s","12":"pa_talla-xxl","13":"thunk-woo-product-list","14":"opn-qv-enable","15":"open-woo-hover-","16":"open-single-product-tab-horizontal","17":"open-shadow-","18":"open-shadow-hover-","20":"first","21":"instock","22":"shipping-taxable","23":"purchasable","24":"product-type-variable"},"jetpack_sharing_enabled":true,"_links":{"self":[{"href":"https:\/\/www.deporteseli.com\/index.php?rest_route=\/wp\/v2\/product\/49396","targetHints":{"allow":["GET"]}}],"collection":[{"href":"https:\/\/www.deporteseli.com\/index.php?rest_route=\/wp\/v2\/product"}],"about":[{"href":"https:\/\/www.deporteseli.com\/index.php?rest_route=\/wp\/v2\/types\/product"}],"wp:featuredmedia":[{"embeddable":true,"href":"https:\/\/www.deporteseli.com\/index.php?rest_route=\/wp\/v2\/media\/61262"}],"wp:attachment":[{"href":"https:\/\/www.deporteseli.com\/index.php?rest_route=%2Fwp%2Fv2%2Fmedia&parent=49396"}],"wp:term":[{"taxonomy":"product_brand","embeddable":true,"href":"https:\/\/www.deporteseli.com\/index.php?rest_route=%2Fwp%2Fv2%2Fproduct_brand&post=49396"},{"taxonomy":"product_cat","embeddable":true,"href":"https:\/\/www.deporteseli.com\/index.php?rest_route=%2Fwp%2Fv2%2Fproduct_cat&post=49396"},{"taxonomy":"product_tag","embeddable":true,"href":"https:\/\/www.deporteseli.com\/index.php?rest_route=%2Fwp%2Fv2%2Fproduct_tag&post=49396"}],"curies":[{"name":"wp","href":"https:\/\/api.w.org\/{rel}","templated":true}]}}