{"id":49392,"date":"2026-01-27T22:26:24","date_gmt":"2026-01-27T22:26:24","guid":{"rendered":"https:\/\/www.deporteseli.com\/?product=head-radical-team-p-1"},"modified":"2026-01-27T22:26:26","modified_gmt":"2026-01-27T22:26:26","slug":"head-radical-team-p-1","status":"publish","type":"product","link":"https:\/\/www.deporteseli.com\/?product=head-radical-team-p-1","title":{"rendered":"HEAD RADICAL TEAM P 1"},"content":{"rendered":"<p>La nueva serie Radical ha llegado. Actualizada con tecnolog\u00eda Auxetic 2.0 y una combinaci\u00f3n de colores brillante que te ayuda a liberar la m\u00e1xima potencia, la l\u00ednea Head Radical es la opci\u00f3n ideal para jugadores ofensivos que juegan usando una amplia variedad de tiros. Con Head Radical ya no habr\u00e1 pelota que no puedas alcanzar ni tiro que no puedas realizar.    La raqueta de tenis Head Radical Team L tiene una cabeza de gran tama\u00f1o de 102 , un peso de 260 gramos, un balance de 340 mm, un patr\u00f3n de encordado de 16 x 19 y un perfil variable. Una sensaci\u00f3n de impacto n\u00edtida acompa\u00f1a una jugabilidad superior y un punto dulce m\u00e1s grande que te permite controlar con m\u00e1s facilidad los golpes m\u00e1s dif\u00edciles.    La Radical Team L es la raqueta m\u00e1s ligera de la serie. Perfecto para principiantes que quieran mejorar su juego, proporciona una maniobrabilidad extraordinaria y una potencia explosiva.                                                                                                                                                                                                                                                                                                                                                                                                                                                                                                                                                                                                                                                                                                                                                                                                                                                                                                                                                                                                                                        <\/p>\n","protected":false},"excerpt":{"rendered":"<p>HEAD RADICAL TEAM P 1<\/p>\n","protected":false},"featured_media":61258,"template":"","meta":[],"product_brand":[],"product_cat":[348],"product_tag":[22],"class_list":{"0":"post-49392","1":"product","2":"type-product","3":"status-publish","4":"has-post-thumbnail","6":"product_cat-deportes_tenis","7":"product_tag-head","8":"pa_color-unico","9":"pa_talla-unica","10":"thunk-woo-product-list","11":"opn-qv-enable","12":"open-woo-hover-","13":"open-single-product-tab-horizontal","14":"open-shadow-","15":"open-shadow-hover-","17":"first","18":"instock","19":"sale","20":"shipping-taxable","21":"purchasable","22":"product-type-variable"},"jetpack_sharing_enabled":true,"_links":{"self":[{"href":"https:\/\/www.deporteseli.com\/index.php?rest_route=\/wp\/v2\/product\/49392","targetHints":{"allow":["GET"]}}],"collection":[{"href":"https:\/\/www.deporteseli.com\/index.php?rest_route=\/wp\/v2\/product"}],"about":[{"href":"https:\/\/www.deporteseli.com\/index.php?rest_route=\/wp\/v2\/types\/product"}],"wp:featuredmedia":[{"embeddable":true,"href":"https:\/\/www.deporteseli.com\/index.php?rest_route=\/wp\/v2\/media\/61258"}],"wp:attachment":[{"href":"https:\/\/www.deporteseli.com\/index.php?rest_route=%2Fwp%2Fv2%2Fmedia&parent=49392"}],"wp:term":[{"taxonomy":"product_brand","embeddable":true,"href":"https:\/\/www.deporteseli.com\/index.php?rest_route=%2Fwp%2Fv2%2Fproduct_brand&post=49392"},{"taxonomy":"product_cat","embeddable":true,"href":"https:\/\/www.deporteseli.com\/index.php?rest_route=%2Fwp%2Fv2%2Fproduct_cat&post=49392"},{"taxonomy":"product_tag","embeddable":true,"href":"https:\/\/www.deporteseli.com\/index.php?rest_route=%2Fwp%2Fv2%2Fproduct_tag&post=49392"}],"curies":[{"name":"wp","href":"https:\/\/api.w.org\/{rel}","templated":true}]}}