{"id":49390,"date":"2026-01-27T22:26:22","date_gmt":"2026-01-27T22:26:22","guid":{"rendered":"https:\/\/www.deporteseli.com\/?product=extreme-elite-p-1"},"modified":"2026-01-27T22:26:24","modified_gmt":"2026-01-27T22:26:24","slug":"extreme-elite-p-1","status":"publish","type":"product","link":"https:\/\/www.deporteseli.com\/?product=extreme-elite-p-1","title":{"rendered":"EXTREME ELITE P 1"},"content":{"rendered":"<p>Si te encantan los efectos,  no te puedes perder la nueva Extreme! Las raquetas de Head se actualizan con la tecnolog\u00eda Auxetic 2.0 que proporciona una mejor estabilidad y conexi\u00f3n con la pelota. Los ojales transparentes y los frescos y atrevidos te permitir\u00e1n para lucir una apariencia \u00fanica en el campo.    La raqueta de tenis Head Extreme Elite es la m\u00e1s ligera de toda la serie , tiene un cabezal de 100  y permite jugar contando con una buena expresi\u00f3n de potencia y una excelente maniobrabilidad . El cuadro se completa con una cama de cuerdas de 16 x 19 y un equilibrio. a 345 mm.    Recomendada por Matteo Berrettini, la Extreme Elite es la raqueta perfecta para jugadores de nivel intermedio que quieren mejorar su juego y que quieren a\u00fan m\u00e1s efectos sin sacrificar la comodidad.                                                                                                                                                                                                                                                                                                                                                                                                                                                                                                                                                                                                                                                                                                                                                                                                                                                                                                                                                                                                                                        <\/p>\n","protected":false},"excerpt":{"rendered":"<p>EXTREME ELITE P 1<\/p>\n","protected":false},"featured_media":61254,"template":"","meta":[],"product_brand":[],"product_cat":[348],"product_tag":[22],"class_list":{"0":"post-49390","1":"product","2":"type-product","3":"status-publish","4":"has-post-thumbnail","6":"product_cat-deportes_tenis","7":"product_tag-head","8":"pa_color-unico","9":"pa_talla-unica","10":"thunk-woo-product-list","11":"opn-qv-enable","12":"open-woo-hover-","13":"open-single-product-tab-horizontal","14":"open-shadow-","15":"open-shadow-hover-","17":"first","18":"instock","19":"sale","20":"shipping-taxable","21":"purchasable","22":"product-type-variable"},"jetpack_sharing_enabled":true,"_links":{"self":[{"href":"https:\/\/www.deporteseli.com\/index.php?rest_route=\/wp\/v2\/product\/49390","targetHints":{"allow":["GET"]}}],"collection":[{"href":"https:\/\/www.deporteseli.com\/index.php?rest_route=\/wp\/v2\/product"}],"about":[{"href":"https:\/\/www.deporteseli.com\/index.php?rest_route=\/wp\/v2\/types\/product"}],"wp:featuredmedia":[{"embeddable":true,"href":"https:\/\/www.deporteseli.com\/index.php?rest_route=\/wp\/v2\/media\/61254"}],"wp:attachment":[{"href":"https:\/\/www.deporteseli.com\/index.php?rest_route=%2Fwp%2Fv2%2Fmedia&parent=49390"}],"wp:term":[{"taxonomy":"product_brand","embeddable":true,"href":"https:\/\/www.deporteseli.com\/index.php?rest_route=%2Fwp%2Fv2%2Fproduct_brand&post=49390"},{"taxonomy":"product_cat","embeddable":true,"href":"https:\/\/www.deporteseli.com\/index.php?rest_route=%2Fwp%2Fv2%2Fproduct_cat&post=49390"},{"taxonomy":"product_tag","embeddable":true,"href":"https:\/\/www.deporteseli.com\/index.php?rest_route=%2Fwp%2Fv2%2Fproduct_tag&post=49390"}],"curies":[{"name":"wp","href":"https:\/\/api.w.org\/{rel}","templated":true}]}}