{"id":49386,"date":"2026-01-27T22:26:17","date_gmt":"2026-01-27T22:26:17","guid":{"rendered":"https:\/\/www.deporteseli.com\/?product=short-adidas-jf3749"},"modified":"2026-01-27T22:26:21","modified_gmt":"2026-01-27T22:26:21","slug":"short-adidas-jf3749","status":"publish","type":"product","link":"https:\/\/www.deporteseli.com\/?product=short-adidas-jf3749","title":{"rendered":"SHORT ADIDAS JF3749"},"content":{"rendered":"<p>Descripci\u00f3n  Prep\u00e1rate para la acci\u00f3n. Estas mallas cortas adidas para adolescentes te ofrecen sujeci\u00f3n desde cualquier \u00e1ngulo. Pensadas para seguirte el ritmo, ya sea compartiendo con amigas o disfrutando de lo que m\u00e1s te gusta. La tecnolog\u00eda TECHFIT aporta un ajuste envolvente y compresivo, mientras que AEROREADY controla la humedad para que te sientas seca y c\u00f3moda. Ll\u00e9valas con una camiseta holgada o un top sin mangas ajustado para lograr un look deportivo con actitud.  Este producto contiene al menos un 70 % de materiales reciclados. Al reutilizar materiales ya existentes, reducimos los residuos, nuestra dependencia de recursos limitados y la huella que generan los productos que fabricamos.                                                                                                                                                                                                                                                                                                                                                                                                                                                                                                                                                                                                                                                                                                                                                                                                                                                                                                                                                                                                                                        <\/p>\n","protected":false},"excerpt":{"rendered":"<p>SHORT ADIDAS JF3749<\/p>\n","protected":false},"featured_media":61253,"template":"","meta":[],"product_brand":[],"product_cat":[382],"product_tag":[18],"class_list":{"0":"post-49386","1":"product","2":"type-product","3":"status-publish","4":"has-post-thumbnail","6":"product_cat-ninas_textil_shorts","7":"product_tag-adidas","8":"pa_color-unico","9":"pa_talla-t-12","10":"pa_talla-t-14","11":"pa_talla-t-16","12":"thunk-woo-product-list","13":"opn-qv-enable","14":"open-woo-hover-","15":"open-single-product-tab-horizontal","16":"open-shadow-","17":"open-shadow-hover-","19":"first","20":"instock","21":"shipping-taxable","22":"purchasable","23":"product-type-variable"},"jetpack_sharing_enabled":true,"_links":{"self":[{"href":"https:\/\/www.deporteseli.com\/index.php?rest_route=\/wp\/v2\/product\/49386","targetHints":{"allow":["GET"]}}],"collection":[{"href":"https:\/\/www.deporteseli.com\/index.php?rest_route=\/wp\/v2\/product"}],"about":[{"href":"https:\/\/www.deporteseli.com\/index.php?rest_route=\/wp\/v2\/types\/product"}],"wp:featuredmedia":[{"embeddable":true,"href":"https:\/\/www.deporteseli.com\/index.php?rest_route=\/wp\/v2\/media\/61253"}],"wp:attachment":[{"href":"https:\/\/www.deporteseli.com\/index.php?rest_route=%2Fwp%2Fv2%2Fmedia&parent=49386"}],"wp:term":[{"taxonomy":"product_brand","embeddable":true,"href":"https:\/\/www.deporteseli.com\/index.php?rest_route=%2Fwp%2Fv2%2Fproduct_brand&post=49386"},{"taxonomy":"product_cat","embeddable":true,"href":"https:\/\/www.deporteseli.com\/index.php?rest_route=%2Fwp%2Fv2%2Fproduct_cat&post=49386"},{"taxonomy":"product_tag","embeddable":true,"href":"https:\/\/www.deporteseli.com\/index.php?rest_route=%2Fwp%2Fv2%2Fproduct_tag&post=49386"}],"curies":[{"name":"wp","href":"https:\/\/api.w.org\/{rel}","templated":true}]}}