{"id":49373,"date":"2026-01-27T22:26:00","date_gmt":"2026-01-27T22:26:00","guid":{"rendered":"https:\/\/www.deporteseli.com\/?product=cartera-adidas-kd2181"},"modified":"2026-01-27T22:26:02","modified_gmt":"2026-01-27T22:26:02","slug":"cartera-adidas-kd2181","status":"publish","type":"product","link":"https:\/\/www.deporteseli.com\/?product=cartera-adidas-kd2181","title":{"rendered":"CARTERA ADIDAS KD2181"},"content":{"rendered":"<p>Descripci\u00f3n  Mant\u00e9n tus objetos esenciales organizados con la cartera con dise\u00f1o gr\u00e1fico adidas Linear, que une funcionalidad y un dise\u00f1o llamativo. Con un llamativo gr\u00e1fico de Leo y el logotipo lineal, est\u00e1 pensada para destacar y mantener a salvo tus tarjetas y tu dinero.  Confeccionada con materiales resistentes, incluye ranuras interiores para guardar las tarjetas de forma segura, lo que la hace perfecta para el uso diario.  Su tejido t\u00e9cnico ofrece durabilidad y un acabado elegante. Fiel al compromiso de adidas con la calidad, esta cartera es una declaraci\u00f3n de estilo que se adapta a un ritmo de vida ajetreado.                                                                                                                                                                                                                                                                                                                                                                                                                                                                                                                                                                                                                                                                                                                                                                                                                                                                                                                                                                                                                                        <\/p>\n","protected":false},"excerpt":{"rendered":"<p>CARTERA ADIDAS KD2181<\/p>\n","protected":false},"featured_media":61243,"template":"","meta":[],"product_brand":[],"product_cat":[404],"product_tag":[18],"class_list":{"0":"post-49373","1":"product","2":"type-product","3":"status-publish","4":"has-post-thumbnail","6":"product_cat-accesorios_carteras","7":"product_tag-adidas","8":"pa_color-unico","9":"pa_talla-unica","10":"thunk-woo-product-list","11":"opn-qv-enable","12":"open-woo-hover-","13":"open-single-product-tab-horizontal","14":"open-shadow-","15":"open-shadow-hover-","17":"first","18":"instock","19":"shipping-taxable","20":"purchasable","21":"product-type-variable"},"jetpack_sharing_enabled":true,"_links":{"self":[{"href":"https:\/\/www.deporteseli.com\/index.php?rest_route=\/wp\/v2\/product\/49373","targetHints":{"allow":["GET"]}}],"collection":[{"href":"https:\/\/www.deporteseli.com\/index.php?rest_route=\/wp\/v2\/product"}],"about":[{"href":"https:\/\/www.deporteseli.com\/index.php?rest_route=\/wp\/v2\/types\/product"}],"wp:featuredmedia":[{"embeddable":true,"href":"https:\/\/www.deporteseli.com\/index.php?rest_route=\/wp\/v2\/media\/61243"}],"wp:attachment":[{"href":"https:\/\/www.deporteseli.com\/index.php?rest_route=%2Fwp%2Fv2%2Fmedia&parent=49373"}],"wp:term":[{"taxonomy":"product_brand","embeddable":true,"href":"https:\/\/www.deporteseli.com\/index.php?rest_route=%2Fwp%2Fv2%2Fproduct_brand&post=49373"},{"taxonomy":"product_cat","embeddable":true,"href":"https:\/\/www.deporteseli.com\/index.php?rest_route=%2Fwp%2Fv2%2Fproduct_cat&post=49373"},{"taxonomy":"product_tag","embeddable":true,"href":"https:\/\/www.deporteseli.com\/index.php?rest_route=%2Fwp%2Fv2%2Fproduct_tag&post=49373"}],"curies":[{"name":"wp","href":"https:\/\/api.w.org\/{rel}","templated":true}]}}