{"id":49367,"date":"2026-01-27T22:25:52","date_gmt":"2026-01-27T22:25:52","guid":{"rendered":"https:\/\/www.deporteseli.com\/?product=paletero-bullpadel-bpp26003-vertex-w-azul-cel"},"modified":"2026-01-27T22:25:54","modified_gmt":"2026-01-27T22:25:54","slug":"paletero-bullpadel-bpp26003-vertex-w-azul-cel","status":"publish","type":"product","link":"https:\/\/www.deporteseli.com\/?product=paletero-bullpadel-bpp26003-vertex-w-azul-cel","title":{"rendered":"PALETERO BULLPADEL BPP26003 VERTEX W AZUL CEL"},"content":{"rendered":"<p>Paletero t\u00e9cnico Vertex.  Est\u00e1 dise\u00f1ado para jugadoras exigentes que buscan rendimiento y estilo en cada detalle. Es el complemento perfecto para la pala Vertex, combinando practicidad, dise\u00f1o y confort en cada desplazamiento.    Su amplio compartimento principal te permite llevar todo lo que necesitas para tus entrenamientos y partidos, mientras que los dos compartimentos t\u00e9rmicos con capacidad para hasta cuatro palas mantienen tu material protegido frente a los cambios de temperatura. Incorpora adem\u00e1s una secci\u00f3n ventilada e independiente para ropa o calzado usado, manteniendo el resto de tu equipo limpio y ordenado. Su bolsillo lateral exterior ofrece acceso r\u00e1pido a tus objetos personales, y la espaldera ergon\u00f3mica con acolchado de foam garantiza ventilaci\u00f3n y comodidad incluso en los trayectos m\u00e1s largos.    El paletero Vertex es la elecci\u00f3n perfecta para quienes exigen lo mejor dentro y fuera de la pista. Cosm\u00e9tica acorde con la pala de Delfi y personalizado con su firma.  Paletero t\u00e9cnico Vertex.  Est\u00e1 dise\u00f1ado para jugadoras exigentes que buscan rendimiento y estilo en cada detalle. Es el complemento perfecto para la pala Vertex, combinando practicidad, dise\u00f1o y confort en cada desplazamiento.      Medidas: 60&#215;28,5&#215;40 cm    Composici\u00f3n: 100% Poli\u00e9ster. Poli\u00e9ster 1680D                                                                                                                                                                                                                                                                                                                                                                                                                                                                                                                                                                                                                                                                                                                                                                                                                                                                                                                                                                                                                                        <\/p>\n","protected":false},"excerpt":{"rendered":"<p>PALETERO BULLPADEL BPP26003 VERTEX W AZUL CEL<\/p>\n","protected":false},"featured_media":61233,"template":"","meta":[],"product_brand":[],"product_cat":[354],"product_tag":[21],"class_list":{"0":"post-49367","1":"product","2":"type-product","3":"status-publish","4":"has-post-thumbnail","6":"product_cat-padel_y_tenis_paleteros","7":"product_tag-bull_padel","8":"pa_color-unico","9":"pa_talla-unica","10":"thunk-woo-product-list","11":"opn-qv-enable","12":"open-woo-hover-","13":"open-single-product-tab-horizontal","14":"open-shadow-","15":"open-shadow-hover-","17":"first","18":"instock","19":"sale","20":"shipping-taxable","21":"purchasable","22":"product-type-variable"},"jetpack_sharing_enabled":true,"_links":{"self":[{"href":"https:\/\/www.deporteseli.com\/index.php?rest_route=\/wp\/v2\/product\/49367","targetHints":{"allow":["GET"]}}],"collection":[{"href":"https:\/\/www.deporteseli.com\/index.php?rest_route=\/wp\/v2\/product"}],"about":[{"href":"https:\/\/www.deporteseli.com\/index.php?rest_route=\/wp\/v2\/types\/product"}],"wp:featuredmedia":[{"embeddable":true,"href":"https:\/\/www.deporteseli.com\/index.php?rest_route=\/wp\/v2\/media\/61233"}],"wp:attachment":[{"href":"https:\/\/www.deporteseli.com\/index.php?rest_route=%2Fwp%2Fv2%2Fmedia&parent=49367"}],"wp:term":[{"taxonomy":"product_brand","embeddable":true,"href":"https:\/\/www.deporteseli.com\/index.php?rest_route=%2Fwp%2Fv2%2Fproduct_brand&post=49367"},{"taxonomy":"product_cat","embeddable":true,"href":"https:\/\/www.deporteseli.com\/index.php?rest_route=%2Fwp%2Fv2%2Fproduct_cat&post=49367"},{"taxonomy":"product_tag","embeddable":true,"href":"https:\/\/www.deporteseli.com\/index.php?rest_route=%2Fwp%2Fv2%2Fproduct_tag&post=49367"}],"curies":[{"name":"wp","href":"https:\/\/api.w.org\/{rel}","templated":true}]}}