{"id":49360,"date":"2026-01-27T22:25:42","date_gmt":"2026-01-27T22:25:42","guid":{"rendered":"https:\/\/www.deporteseli.com\/?product=protector-antigolpes-palas-adidas"},"modified":"2026-03-24T05:18:40","modified_gmt":"2026-03-24T05:18:40","slug":"protector-antigolpes-palas-adidas","status":"publish","type":"product","link":"https:\/\/www.deporteseli.com\/?product=protector-antigolpes-palas-adidas","title":{"rendered":"PROTECTOR ANTIGOLPES PALAS ADIDAS"},"content":{"rendered":"<p>Descripci\u00f3n  El protector de pala Adidas Antishock Protection Tape en negro es una soluci\u00f3n ideal para los jugadores que buscan proteger su raqueta en momentos cr\u00edticos de juego. Su dise\u00f1o ligero y resistente lo convierte en un accesorio imprescindible en el p\u00e1del. Est\u00e1 fabricado con materiales de alta calidad que resisten el contacto abrasivo con la pista, asegurando una larga duraci\u00f3n.  La instalaci\u00f3n es sencilla gracias a su adhesivo 3M de gran resistencia, que proporciona un agarre firme para mantener el protector en su lugar. Con unas dimensiones de 37 cm de largo, 3,6 cm de ancho y solo 0,5 mm de grosor, es lo suficientemente delgado para no alterar el balance de la pala.  El material principal es 100% poliuretano, lo que garantiza un uso prolongado y efectivo. Este protector no solo resguardar\u00e1 tu pala de golpes y raspaduras, sino que tambi\u00e9n le dar\u00e1 un toque est\u00e9tico con su elegante color negro. Mant\u00e9n tu equipo en \u00f3ptimas condiciones y mejora tu rendimiento en la cancha con el protector de pala Adidas Antishock.    Caracter\u00edsticas  Protector de cinta adhesiva, ligero y resistente, proteger\u00e1 tu raqueta en cualquier situaci\u00f3n de juego. Materiales de alta calidad resistentes al contacto abrasivo con la pista.? ?  F\u00e1cil de instalar y muy resistente gracias a su adhesivo 3M.  Los materiales utilizados permiten un uso prolongado.  Materiales: 100% Poliuretano  Dimensiones: 37cm x 3,6cm x 0,5 mm  Negro y transparente.                                                                                                                                                                                                                                                                                                                                                                                                                                                                                                                                                                                                                                                                                                                                                                                                                                                                                                                                                                                                                                        <\/p>\n","protected":false},"excerpt":{"rendered":"<p>PROTECTOR ANTIGOLPES PALAS ADIDAS<\/p>\n","protected":false},"featured_media":61223,"template":"","meta":[],"product_brand":[],"product_cat":[359],"product_tag":[18],"class_list":{"0":"post-49360","1":"product","2":"type-product","3":"status-publish","4":"has-post-thumbnail","6":"product_cat-padel_y_tenis_protectores","7":"product_tag-adidas","8":"pa_color-negro","9":"pa_color-unico","10":"pa_talla-unica","11":"thunk-woo-product-list","12":"opn-qv-enable","13":"open-woo-hover-","14":"open-single-product-tab-horizontal","15":"open-shadow-","16":"open-shadow-hover-","18":"first","19":"instock","20":"sale","21":"shipping-taxable","22":"purchasable","23":"product-type-variable"},"jetpack_sharing_enabled":true,"_links":{"self":[{"href":"https:\/\/www.deporteseli.com\/index.php?rest_route=\/wp\/v2\/product\/49360","targetHints":{"allow":["GET"]}}],"collection":[{"href":"https:\/\/www.deporteseli.com\/index.php?rest_route=\/wp\/v2\/product"}],"about":[{"href":"https:\/\/www.deporteseli.com\/index.php?rest_route=\/wp\/v2\/types\/product"}],"wp:featuredmedia":[{"embeddable":true,"href":"https:\/\/www.deporteseli.com\/index.php?rest_route=\/wp\/v2\/media\/61223"}],"wp:attachment":[{"href":"https:\/\/www.deporteseli.com\/index.php?rest_route=%2Fwp%2Fv2%2Fmedia&parent=49360"}],"wp:term":[{"taxonomy":"product_brand","embeddable":true,"href":"https:\/\/www.deporteseli.com\/index.php?rest_route=%2Fwp%2Fv2%2Fproduct_brand&post=49360"},{"taxonomy":"product_cat","embeddable":true,"href":"https:\/\/www.deporteseli.com\/index.php?rest_route=%2Fwp%2Fv2%2Fproduct_cat&post=49360"},{"taxonomy":"product_tag","embeddable":true,"href":"https:\/\/www.deporteseli.com\/index.php?rest_route=%2Fwp%2Fv2%2Fproduct_tag&post=49360"}],"curies":[{"name":"wp","href":"https:\/\/api.w.org\/{rel}","templated":true}]}}