{"id":49340,"date":"2026-01-27T22:25:15","date_gmt":"2026-01-27T22:25:15","guid":{"rendered":"https:\/\/www.deporteseli.com\/?product=balon-adidas-ke8229"},"modified":"2026-01-27T22:25:16","modified_gmt":"2026-01-27T22:25:16","slug":"balon-adidas-ke8229","status":"publish","type":"product","link":"https:\/\/www.deporteseli.com\/?product=balon-adidas-ke8229","title":{"rendered":"BALON ADIDAS KE8229"},"content":{"rendered":"<p>Descripci\u00f3n  Con el bal\u00f3n Kings League, puedes aportar confianza y precisi\u00f3n al terreno de juego. Dise\u00f1ado tanto para partidos como para sesiones de entrenamiento, este bal\u00f3n de f\u00fatbol adidas te ayudar\u00e1 a perfeccionar tus t\u00e9cnicas y a demostrar tu talento.  La superficie resistente proporciona un tacto natural, y te ofrece una gran longevidad y un control del bal\u00f3n excepcional a la hora de chutar, pasar y marcar.  El bal\u00f3n tambi\u00e9n lleva con orgullo el logotipo de calidad de la FIFA, ya que ha superado rigurosas pruebas de circunferencia, peso, rebote y absorci\u00f3n de agua. Esto significa que puedes confiar en que te ofrecer\u00e1 un rendimiento consistente.  No importa si vas a practicar el regate como a perfeccionar el pase, este bal\u00f3n est\u00e1 a la altura. As\u00ed que mejora tu juego y aprovecha cada momento al m\u00e1ximo.                                                                                                                                                                                                                                                                                                                                                                                                                                                                                                                                                                                                                                                                                                                                                                                                                                                                                                                                                                                                                                        <\/p>\n","protected":false},"excerpt":{"rendered":"<p>BALON ADIDAS KE8229<\/p>\n","protected":false},"featured_media":61202,"template":"","meta":[],"product_brand":[],"product_cat":[347],"product_tag":[18],"class_list":{"0":"post-49340","1":"product","2":"type-product","3":"status-publish","4":"has-post-thumbnail","6":"product_cat-deportes_balones","7":"product_tag-adidas","8":"pa_color-unico","9":"pa_talla-169","10":"thunk-woo-product-list","11":"opn-qv-enable","12":"open-woo-hover-","13":"open-single-product-tab-horizontal","14":"open-shadow-","15":"open-shadow-hover-","17":"first","18":"instock","19":"shipping-taxable","20":"purchasable","21":"product-type-variable"},"jetpack_sharing_enabled":true,"_links":{"self":[{"href":"https:\/\/www.deporteseli.com\/index.php?rest_route=\/wp\/v2\/product\/49340","targetHints":{"allow":["GET"]}}],"collection":[{"href":"https:\/\/www.deporteseli.com\/index.php?rest_route=\/wp\/v2\/product"}],"about":[{"href":"https:\/\/www.deporteseli.com\/index.php?rest_route=\/wp\/v2\/types\/product"}],"wp:featuredmedia":[{"embeddable":true,"href":"https:\/\/www.deporteseli.com\/index.php?rest_route=\/wp\/v2\/media\/61202"}],"wp:attachment":[{"href":"https:\/\/www.deporteseli.com\/index.php?rest_route=%2Fwp%2Fv2%2Fmedia&parent=49340"}],"wp:term":[{"taxonomy":"product_brand","embeddable":true,"href":"https:\/\/www.deporteseli.com\/index.php?rest_route=%2Fwp%2Fv2%2Fproduct_brand&post=49340"},{"taxonomy":"product_cat","embeddable":true,"href":"https:\/\/www.deporteseli.com\/index.php?rest_route=%2Fwp%2Fv2%2Fproduct_cat&post=49340"},{"taxonomy":"product_tag","embeddable":true,"href":"https:\/\/www.deporteseli.com\/index.php?rest_route=%2Fwp%2Fv2%2Fproduct_tag&post=49340"}],"curies":[{"name":"wp","href":"https:\/\/api.w.org\/{rel}","templated":true}]}}