{"id":49338,"date":"2026-01-27T22:25:11","date_gmt":"2026-01-27T22:25:11","guid":{"rendered":"https:\/\/www.deporteseli.com\/?product=head-extreme-junior-padel"},"modified":"2026-03-13T05:19:07","modified_gmt":"2026-03-13T05:19:07","slug":"head-extreme-junior-padel","status":"publish","type":"product","link":"https:\/\/www.deporteseli.com\/?product=head-extreme-junior-padel","title":{"rendered":"HEAD EXTREME JUNIOR PADEL"},"content":{"rendered":"<p>M\u00e1s ligera que la pala de adulto pero fabricada con las mismas tecnolog\u00edas y materiales innovadores, la Head Extreme Junior es ideal para jugadores j\u00fanior competitivos a partir de 10 a\u00f1os. Ligera y f\u00e1cil de manejar, te permitir\u00e1 jugar a la m\u00e1xima potencia.  Detalles:    Forma: l\u00e1grima  Espesor: 38 mm  Peso: 320 gr  Equilibrio: 270 mm  Marco: carbono  Superficie: fibra de vidrio  N\u00facleo: EVA  Acabado: liso  Correa de mu\u00f1eca ajustable  Nivel de jugador: junior  La pala no viene con funda                                                                                                                                                                                                                                                                                                                                                                                                                                                                                                                                                                                                                                                                                                                                                                                                                                                                                                                                                                                                                                        <\/p>\n","protected":false},"excerpt":{"rendered":"<p>HEAD EXTREME JUNIOR PADEL<\/p>\n","protected":false},"featured_media":61198,"template":"","meta":[],"product_brand":[],"product_cat":[353],"product_tag":[22],"class_list":{"0":"post-49338","1":"product","2":"type-product","3":"status-publish","4":"has-post-thumbnail","6":"product_cat-padel_y_tenis_palas","7":"product_tag-head","8":"pa_color-unico","9":"pa_talla-unica","10":"thunk-woo-product-list","11":"opn-qv-enable","12":"open-woo-hover-","13":"open-single-product-tab-horizontal","14":"open-shadow-","15":"open-shadow-hover-","17":"first","18":"instock","19":"sale","20":"shipping-taxable","21":"purchasable","22":"product-type-variable"},"jetpack_sharing_enabled":true,"_links":{"self":[{"href":"https:\/\/www.deporteseli.com\/index.php?rest_route=\/wp\/v2\/product\/49338","targetHints":{"allow":["GET"]}}],"collection":[{"href":"https:\/\/www.deporteseli.com\/index.php?rest_route=\/wp\/v2\/product"}],"about":[{"href":"https:\/\/www.deporteseli.com\/index.php?rest_route=\/wp\/v2\/types\/product"}],"wp:featuredmedia":[{"embeddable":true,"href":"https:\/\/www.deporteseli.com\/index.php?rest_route=\/wp\/v2\/media\/61198"}],"wp:attachment":[{"href":"https:\/\/www.deporteseli.com\/index.php?rest_route=%2Fwp%2Fv2%2Fmedia&parent=49338"}],"wp:term":[{"taxonomy":"product_brand","embeddable":true,"href":"https:\/\/www.deporteseli.com\/index.php?rest_route=%2Fwp%2Fv2%2Fproduct_brand&post=49338"},{"taxonomy":"product_cat","embeddable":true,"href":"https:\/\/www.deporteseli.com\/index.php?rest_route=%2Fwp%2Fv2%2Fproduct_cat&post=49338"},{"taxonomy":"product_tag","embeddable":true,"href":"https:\/\/www.deporteseli.com\/index.php?rest_route=%2Fwp%2Fv2%2Fproduct_tag&post=49338"}],"curies":[{"name":"wp","href":"https:\/\/api.w.org\/{rel}","templated":true}]}}