{"id":49336,"date":"2026-01-27T22:25:08","date_gmt":"2026-01-27T22:25:08","guid":{"rendered":"https:\/\/www.deporteseli.com\/?product=balon-adidas-jd8167-26"},"modified":"2026-04-21T04:18:03","modified_gmt":"2026-04-21T04:18:03","slug":"balon-adidas-jd8167-26","status":"publish","type":"product","link":"https:\/\/www.deporteseli.com\/?product=balon-adidas-jd8167-26","title":{"rendered":"BALON ADIDAS JD8167\/26"},"content":{"rendered":"<p>F\u00fatbol junior duradero con superficie laminada de TPU para un juego sin fisuras.  El bal\u00f3n de f\u00fatbol adidas World Cup 26 Trionda League Junior 350 est\u00e1 dise\u00f1ado para ayudar a los j\u00f3venes entusiastas del f\u00fatbol deseosos de llevar su juego al siguiente nivel. Fabricada con una resistente superficie laminada de TPU, la estructura resistente y sin costuras se construy\u00f3 para hacer frente a los rigores del partido de copa m\u00e1s duro.    Con un peso de 350 g, este bal\u00f3n de f\u00fatbol junior tiene las mismas dimensiones que un bal\u00f3n para adultos, lo que proporciona a los delanteros en ciernes una sensaci\u00f3n profesional mientras perfeccionan sus habilidades con el bal\u00f3n. Ya sea en un partido casual o en uno de competici\u00f3n, este bal\u00f3n est\u00e1 hecho para inspirar confianza y precisi\u00f3n en el campo.    Ha llegado el momento de iniciar un legado de innovaci\u00f3n y rendimiento con un bal\u00f3n creado para ponerte en el buen camino hacia los sue\u00f1os de excelencia futbol\u00edstica.                                                                                                                                                                                                                                                                                                                                                                                                                                                                                                                                                                                                                                                                                                                                                                                                                                                                                                                                                                                                                                        <\/p>\n","protected":false},"excerpt":{"rendered":"<p>BALON ADIDAS JD8167\/26<\/p>\n","protected":false},"featured_media":61195,"template":"","meta":[],"product_brand":[],"product_cat":[347],"product_tag":[18],"class_list":{"0":"post-49336","1":"product","2":"type-product","3":"status-publish","4":"has-post-thumbnail","6":"product_cat-deportes_balones","7":"product_tag-adidas","8":"pa_color-unico","9":"pa_talla-169","10":"thunk-woo-product-list","11":"opn-qv-enable","12":"open-woo-hover-","13":"open-single-product-tab-horizontal","14":"open-shadow-","15":"open-shadow-hover-","17":"first","18":"instock","19":"shipping-taxable","20":"purchasable","21":"product-type-variable"},"jetpack_sharing_enabled":true,"_links":{"self":[{"href":"https:\/\/www.deporteseli.com\/index.php?rest_route=\/wp\/v2\/product\/49336","targetHints":{"allow":["GET"]}}],"collection":[{"href":"https:\/\/www.deporteseli.com\/index.php?rest_route=\/wp\/v2\/product"}],"about":[{"href":"https:\/\/www.deporteseli.com\/index.php?rest_route=\/wp\/v2\/types\/product"}],"wp:featuredmedia":[{"embeddable":true,"href":"https:\/\/www.deporteseli.com\/index.php?rest_route=\/wp\/v2\/media\/61195"}],"wp:attachment":[{"href":"https:\/\/www.deporteseli.com\/index.php?rest_route=%2Fwp%2Fv2%2Fmedia&parent=49336"}],"wp:term":[{"taxonomy":"product_brand","embeddable":true,"href":"https:\/\/www.deporteseli.com\/index.php?rest_route=%2Fwp%2Fv2%2Fproduct_brand&post=49336"},{"taxonomy":"product_cat","embeddable":true,"href":"https:\/\/www.deporteseli.com\/index.php?rest_route=%2Fwp%2Fv2%2Fproduct_cat&post=49336"},{"taxonomy":"product_tag","embeddable":true,"href":"https:\/\/www.deporteseli.com\/index.php?rest_route=%2Fwp%2Fv2%2Fproduct_tag&post=49336"}],"curies":[{"name":"wp","href":"https:\/\/api.w.org\/{rel}","templated":true}]}}